{"id":398,"date":"2022-04-20T06:39:00","date_gmt":"2022-04-20T06:39:00","guid":{"rendered":"http:\/\/cs6nvasrbe.preview.infomaniak.website\/?page_id=398"},"modified":"2024-02-21T14:42:14","modified_gmt":"2024-02-21T14:42:14","slug":"ecole-musee","status":"publish","type":"page","link":"https:\/\/mhcdf.ch\/en\/ecoles\/ecole-musee\/","title":{"rendered":"\u00c9cole\/Mus\u00e9es"},"content":{"rendered":"\t\t<div data-elementor-type=\"wp-page\" data-elementor-id=\"398\" class=\"elementor elementor-398\" data-elementor-post-type=\"page\">\n\t\t\t\t\t\t<section class=\"elementor-section elementor-top-section elementor-element elementor-element-03a616b elementor-section-full_width header-home header-page-externe elementor-section-height-default elementor-section-height-default\" data-id=\"03a616b\" data-element_type=\"section\">\n\t\t\t\t\t\t<div class=\"elementor-container elementor-column-gap-default\">\n\t\t\t\t\t<div class=\"elementor-column elementor-col-100 elementor-top-column elementor-element elementor-element-358e81a header-marge\" data-id=\"358e81a\" data-element_type=\"column\" data-settings=\"{&quot;background_background&quot;:&quot;classic&quot;}\">\n\t\t\t<div class=\"elementor-widget-wrap elementor-element-populated\">\n\t\t\t\t\t\t<div class=\"elementor-element elementor-element-c50f416 titre-haut-page elementor-widget elementor-widget-text-editor\" data-id=\"c50f416\" data-element_type=\"widget\" data-widget_type=\"text-editor.default\">\n\t\t\t\t<div class=\"elementor-widget-container\">\n\t\t\t\t\t\t\t\t\t<h1>Que faire au&nbsp;Mus\u00e9e&nbsp;?<\/h1>\t\t\t\t\t\t\t\t<\/div>\n\t\t\t\t<\/div>\n\t\t\t\t\t<\/div>\n\t\t<\/div>\n\t\t\t\t\t<\/div>\n\t\t<\/section>\n\t\t\t\t<section class=\"elementor-section elementor-top-section elementor-element elementor-element-4b61538 separation-1unite menu-secondaire-fixed elementor-section-full_width elementor-section-content-top elementor-section-height-default elementor-section-height-default\" data-id=\"4b61538\" data-element_type=\"section\" data-settings=\"{&quot;background_background&quot;:&quot;classic&quot;}\">\n\t\t\t\t\t\t<div class=\"elementor-container elementor-column-gap-default\">\n\t\t\t\t\t<div class=\"elementor-column elementor-col-100 elementor-top-column elementor-element elementor-element-42063da\" data-id=\"42063da\" data-element_type=\"column\">\n\t\t\t<div class=\"elementor-widget-wrap elementor-element-populated\">\n\t\t\t\t\t\t<div class=\"elementor-element elementor-element-2af7053 page-content-titre-menu elementor-widget elementor-widget-shortcode\" data-id=\"2af7053\" data-element_type=\"widget\" data-widget_type=\"shortcode.default\">\n\t\t\t\t<div class=\"elementor-widget-container\">\n\t\t\t\t\t\t\t<div class=\"elementor-shortcode\"><p>\u00e9coles<\/p><\/div>\n\t\t\t\t\t\t<\/div>\n\t\t\t\t<\/div>\n\t\t\t\t<div class=\"elementor-element elementor-element-084bb99 elementor-nav-menu__align-center elementor-nav-menu--dropdown-mobile menu-secondaire elementor-nav-menu__text-align-aside elementor-nav-menu--toggle elementor-nav-menu--burger elementor-widget elementor-widget-global elementor-global-323 elementor-widget-nav-menu\" data-id=\"084bb99\" data-element_type=\"widget\" data-settings=\"{&quot;layout&quot;:&quot;horizontal&quot;,&quot;submenu_icon&quot;:{&quot;value&quot;:&quot;fas fa-caret-down&quot;,&quot;library&quot;:&quot;fa-solid&quot;},&quot;toggle&quot;:&quot;burger&quot;}\" data-widget_type=\"nav-menu.default\">\n\t\t\t\t<div class=\"elementor-widget-container\">\n\t\t\t\t\t\t\t\t<nav aria-label=\"Menu\" class=\"elementor-nav-menu--main elementor-nav-menu__container elementor-nav-menu--layout-horizontal e--pointer-none\">\n\t\t\t\t<ul id=\"menu-1-084bb99\" class=\"elementor-nav-menu\"><li class=\"menu-item menu-item-type-post_type menu-item-object-page menu-item-1117\"><a href=\"https:\/\/mhcdf.ch\/en\/culture-inclusive\/\" class=\"elementor-item\">culture inclusive<\/a><\/li>\n<li class=\"menu-item menu-item-type-post_type menu-item-object-page menu-item-391\"><a href=\"https:\/\/mhcdf.ch\/en\/jeune-public\/\" class=\"elementor-item\">jeune public<\/a><\/li>\n<li class=\"menu-item menu-item-type-post_type menu-item-object-page menu-item-273\"><a href=\"https:\/\/mhcdf.ch\/en\/espace-ludique\/\" class=\"elementor-item\">espace ludique<\/a><\/li>\n<li class=\"menu-item menu-item-type-post_type menu-item-object-page menu-item-1233\"><a href=\"https:\/\/mhcdf.ch\/en\/entreprises-2\/\" class=\"elementor-item\">entreprises<\/a><\/li>\n<li class=\"menu-item menu-item-type-post_type menu-item-object-page menu-item-397\"><a href=\"https:\/\/mhcdf.ch\/en\/ecoles\/\" class=\"elementor-item\">\u00e9coles<\/a><\/li>\n<\/ul>\t\t\t<\/nav>\n\t\t\t\t\t<div class=\"elementor-menu-toggle\" role=\"button\" tabindex=\"0\" aria-label=\"Menu Toggle\" aria-expanded=\"false\">\n\t\t\t<i aria-hidden=\"true\" role=\"presentation\" class=\"elementor-menu-toggle__icon--open eicon-menu-bar\"><\/i><i aria-hidden=\"true\" role=\"presentation\" class=\"elementor-menu-toggle__icon--close eicon-close\"><\/i>\t\t<\/div>\n\t\t\t\t\t<nav class=\"elementor-nav-menu--dropdown elementor-nav-menu__container\" aria-hidden=\"true\">\n\t\t\t\t<ul id=\"menu-2-084bb99\" class=\"elementor-nav-menu\"><li class=\"menu-item menu-item-type-post_type menu-item-object-page menu-item-1117\"><a href=\"https:\/\/mhcdf.ch\/en\/culture-inclusive\/\" class=\"elementor-item\" tabindex=\"-1\">culture inclusive<\/a><\/li>\n<li class=\"menu-item menu-item-type-post_type menu-item-object-page menu-item-391\"><a href=\"https:\/\/mhcdf.ch\/en\/jeune-public\/\" class=\"elementor-item\" tabindex=\"-1\">jeune public<\/a><\/li>\n<li class=\"menu-item menu-item-type-post_type menu-item-object-page menu-item-273\"><a href=\"https:\/\/mhcdf.ch\/en\/espace-ludique\/\" class=\"elementor-item\" tabindex=\"-1\">espace ludique<\/a><\/li>\n<li class=\"menu-item menu-item-type-post_type menu-item-object-page menu-item-1233\"><a href=\"https:\/\/mhcdf.ch\/en\/entreprises-2\/\" class=\"elementor-item\" tabindex=\"-1\">entreprises<\/a><\/li>\n<li class=\"menu-item menu-item-type-post_type menu-item-object-page menu-item-397\"><a href=\"https:\/\/mhcdf.ch\/en\/ecoles\/\" class=\"elementor-item\" tabindex=\"-1\">\u00e9coles<\/a><\/li>\n<\/ul>\t\t\t<\/nav>\n\t\t\t\t\t\t<\/div>\n\t\t\t\t<\/div>\n\t\t\t\t\t<\/div>\n\t\t<\/div>\n\t\t\t\t\t<\/div>\n\t\t<\/section>\n\t\t\t\t<section class=\"elementor-section elementor-top-section elementor-element elementor-element-4a2e779 elementor-section-full_width margin-general margin-bottom-secondaire margin-top-secondaire elementor-section-height-default elementor-section-height-default\" data-id=\"4a2e779\" data-element_type=\"section\">\n\t\t\t\t\t\t<div class=\"elementor-container elementor-column-gap-no\">\n\t\t\t\t\t<div class=\"elementor-column elementor-col-50 elementor-top-column elementor-element elementor-element-94e2eca post-grid-content post-grid-content-padding\" data-id=\"94e2eca\" data-element_type=\"column\" data-settings=\"{&quot;background_background&quot;:&quot;classic&quot;}\">\n\t\t\t<div class=\"elementor-widget-wrap elementor-element-populated\">\n\t\t\t\t\t\t<section class=\"elementor-section elementor-inner-section elementor-element elementor-element-a455821 elementor-section-boxed elementor-section-height-default elementor-section-height-default\" data-id=\"a455821\" data-element_type=\"section\">\n\t\t\t\t\t\t<div class=\"elementor-container elementor-column-gap-default\">\n\t\t\t\t\t<div class=\"elementor-column elementor-col-100 elementor-inner-column elementor-element elementor-element-01ad39e page-content-titre\" data-id=\"01ad39e\" data-element_type=\"column\">\n\t\t\t<div class=\"elementor-widget-wrap elementor-element-populated\">\n\t\t\t\t\t\t<div class=\"elementor-element elementor-element-a8376cb elementor-widget elementor-widget-heading\" data-id=\"a8376cb\" data-element_type=\"widget\" data-widget_type=\"heading.default\">\n\t\t\t\t<div class=\"elementor-widget-container\">\n\t\t\t\t\t<h1 class=\"elementor-heading-title elementor-size-default\">\u00c9cole\/Mus\u00e9es<\/h1>\t\t\t\t<\/div>\n\t\t\t\t<\/div>\n\t\t\t\t\t<\/div>\n\t\t<\/div>\n\t\t\t\t\t<\/div>\n\t\t<\/section>\n\t\t\t\t<div class=\"elementor-element elementor-element-6d98640 page-content-arrow-back btn-retour elementor-widget elementor-widget-image\" data-id=\"6d98640\" data-element_type=\"widget\" data-widget_type=\"image.default\">\n\t\t\t\t<div class=\"elementor-widget-container\">\n\t\t\t\t\t\t\t\t\t\t\t\t\t\t\t\t<a href=\"https:\/\/mhcdf.ch\/ecoles\/\">\n\t\t\t\t\t\t\t<img decoding=\"async\" width=\"30\" height=\"30\" src=\"https:\/\/mhcdf.ch\/wp-content\/uploads\/2022\/04\/mh_arrowleft_typo_decale.svg\" class=\"attachment-full size-full wp-image-669\" alt>\t\t\t\t\t\t\t\t<\/a>\n\t\t\t\t\t\t\t\t\t\t\t\t\t\t\t<\/div>\n\t\t\t\t<\/div>\n\t\t\t\t<div class=\"elementor-element elementor-element-5d1192f page-content-accroche elementor-widget elementor-widget-text-editor\" data-id=\"5d1192f\" data-element_type=\"widget\" data-widget_type=\"text-editor.default\">\n\t\t\t\t<div class=\"elementor-widget-container\">\n\t\t\t\t\t\t\t\t\t<h2>Le programme \u00c9cole\/Mus\u00e9es permet aux classes de d\u00e9couvrir les mus\u00e9es de la ville au fil de leur parcours scolaire.<\/h2><p>Pour les classes de 1<sup>e<\/sup> et 2<sup>e<\/sup> ann\u00e9e, du mat\u00e9riel est \u00e0 disposition sur&nbsp;place.<\/p><p>Deux brochures sont \u00e0 disposition pour d\u00e9couvrir le Mus\u00e9e d\u2019histoire&nbsp;:<\/p><p><a href=\"https:\/\/mhcdf.ch\/wp-content\/uploads\/2022\/12\/EM_MH_6e_guide_enseignant_DEF.pdf\" target=\"_blank\" rel=\"noopener\">\u2192 MH Guide enseignant 6<sup>e<\/sup> ann\u00e9e.pdf<\/a><br><a href=\"https:\/\/mhcdf.ch\/wp-content\/uploads\/2022\/12\/EM_6e_MH.pdf\" target=\"_blank\" rel=\"noopener\">\u2192 MH Brochure \u00e9l\u00e8ve 6<sup>e<\/sup> ann\u00e9e.pdf<\/a><br><a href=\"https:\/\/mhcdf.ch\/wp-content\/uploads\/2022\/12\/EM_MH_11e_guide_enseignant_DEF.pdf\" target=\"_blank\" rel=\"noopener\">\u2192 MH Guide enseignant 11<sup>e<\/sup> ann\u00e9e .pdf<\/a><br><a href=\"https:\/\/mhcdf.ch\/wp-content\/uploads\/2022\/12\/EM_11e_MH.pdf\" target=\"_blank\" rel=\"noopener\">\u2192 MH Brochure \u00e9l\u00e8ve 11<sup>e<\/sup> ann\u00e9e.pdf<\/a><\/p><p>Pour les classes de l\u2019Ecole obligatoire, la distribution des brochures se fait \u00e0 l\u2019interne de l\u2019Ecole.<\/p>\t\t\t\t\t\t\t\t<\/div>\n\t\t\t\t<\/div>\n\t\t\t\t\t<\/div>\n\t\t<\/div>\n\t\t\t\t<div class=\"elementor-column elementor-col-50 elementor-top-column elementor-element elementor-element-25a7b04 post-grid-content\" data-id=\"25a7b04\" data-element_type=\"column\" data-settings=\"{&quot;background_background&quot;:&quot;classic&quot;}\">\n\t\t\t<div class=\"elementor-widget-wrap elementor-element-populated\">\n\t\t\t\t\t\t<div class=\"elementor-element elementor-element-a21aedf elementor-widget elementor-widget-image\" data-id=\"a21aedf\" data-element_type=\"widget\" data-widget_type=\"image.default\">\n\t\t\t\t<div class=\"elementor-widget-container\">\n\t\t\t\t\t\t\t\t\t\t\t\t<figure class=\"wp-caption\">\n\t\t\t\t\t\t\t\t\t\t<img fetchpriority=\"high\" decoding=\"async\" width=\"942\" height=\"667\" src=\"https:\/\/mhcdf.ch\/wp-content\/uploads\/2022\/05\/mh_ecole-musee.jpg\" class=\"attachment-full size-full wp-image-1160\" alt=\"Mus\u00e9e d'histoire - Ecoles\/mus\u00e9e\" srcset=\"https:\/\/mhcdf.ch\/wp-content\/uploads\/2022\/05\/mh_ecole-musee.jpg 942w, https:\/\/mhcdf.ch\/wp-content\/uploads\/2022\/05\/mh_ecole-musee-300x212.jpg 300w, https:\/\/mhcdf.ch\/wp-content\/uploads\/2022\/05\/mh_ecole-musee-768x544.jpg 768w\" sizes=\"(max-width: 942px) 100vw, 942px\">\t\t\t\t\t\t\t\t\t\t\t<figcaption class=\"widget-image-caption wp-caption-text\">\u00a92019, \u00c9cole obligatoire de La Chaux-de-Fonds<\/figcaption>\n\t\t\t\t\t\t\t\t\t\t<\/figure>\n\t\t\t\t\t\t\t\t\t<\/div>\n\t\t\t\t<\/div>\n\t\t\t\t\t<\/div>\n\t\t<\/div>\n\t\t\t\t\t<\/div>\n\t\t<\/section>\n\t\t\t\t<\/div>\n\t\t","protected":false},"excerpt":{"rendered":"<p>Que faire au&nbsp;Mus\u00e9e&nbsp;? \u00c9cole\/Mus\u00e9es Le programme \u00c9cole\/Mus\u00e9es permet aux classes de d\u00e9couvrir les mus\u00e9es de la ville au fil de leur parcours scolaire. Pour les classes de 1e et 2e ann\u00e9e, du mat\u00e9riel est \u00e0 disposition sur&nbsp;place. Deux brochures sont \u00e0 disposition pour d\u00e9couvrir le Mus\u00e9e d\u2019histoire&nbsp;: \u2192 MH Guide enseignant 6e ann\u00e9e.pdf\u2192 MH Brochure&nbsp;[\u2026]<\/p>\n","protected":false},"author":1,"featured_media":0,"parent":392,"menu_order":0,"comment_status":"closed","ping_status":"closed","template":"elementor_header_footer","meta":{"_acf_changed":false,"wp_typography_post_enhancements_disabled":false,"footnotes":""},"class_list":["post-398","page","type-page","status-publish","hentry"],"acf":[],"publishpress_future_workflow_manual_trigger":{"enabledWorkflows":[]},"_links":{"self":[{"href":"https:\/\/mhcdf.ch\/en\/wp-json\/wp\/v2\/pages\/398","targetHints":{"allow":["GET"]}}],"collection":[{"href":"https:\/\/mhcdf.ch\/en\/wp-json\/wp\/v2\/pages"}],"about":[{"href":"https:\/\/mhcdf.ch\/en\/wp-json\/wp\/v2\/types\/page"}],"author":[{"embeddable":true,"href":"https:\/\/mhcdf.ch\/en\/wp-json\/wp\/v2\/users\/1"}],"replies":[{"embeddable":true,"href":"https:\/\/mhcdf.ch\/en\/wp-json\/wp\/v2\/comments?post=398"}],"version-history":[{"count":107,"href":"https:\/\/mhcdf.ch\/en\/wp-json\/wp\/v2\/pages\/398\/revisions"}],"predecessor-version":[{"id":7408,"href":"https:\/\/mhcdf.ch\/en\/wp-json\/wp\/v2\/pages\/398\/revisions\/7408"}],"up":[{"embeddable":true,"href":"https:\/\/mhcdf.ch\/en\/wp-json\/wp\/v2\/pages\/392"}],"wp:attachment":[{"href":"https:\/\/mhcdf.ch\/en\/wp-json\/wp\/v2\/media?parent=398"}],"curies":[{"name":"wp","href":"https:\/\/api.w.org\/{rel}","templated":true}]}}