{"id":392,"date":"2022-04-20T06:35:49","date_gmt":"2022-04-20T06:35:49","guid":{"rendered":"http:\/\/cs6nvasrbe.preview.infomaniak.website\/?page_id=392"},"modified":"2024-02-21T14:45:31","modified_gmt":"2024-02-21T14:45:31","slug":"ecoles","status":"publish","type":"page","link":"https:\/\/mhcdf.ch\/en\/ecoles\/","title":{"rendered":"\u00e9coles"},"content":{"rendered":"\t\t<div data-elementor-type=\"wp-page\" data-elementor-id=\"392\" class=\"elementor elementor-392\" data-elementor-post-type=\"page\">\n\t\t\t\t\t\t<section class=\"elementor-section elementor-top-section elementor-element elementor-element-efc51f3 elementor-section-full_width header-home header-page-externe elementor-section-height-default elementor-section-height-default\" data-id=\"efc51f3\" data-element_type=\"section\">\n\t\t\t\t\t\t<div class=\"elementor-container elementor-column-gap-default\">\n\t\t\t\t\t<div class=\"elementor-column elementor-col-100 elementor-top-column elementor-element elementor-element-df45a02 header-marge\" data-id=\"df45a02\" data-element_type=\"column\" data-settings=\"{&quot;background_background&quot;:&quot;classic&quot;}\">\n\t\t\t<div class=\"elementor-widget-wrap elementor-element-populated\">\n\t\t\t\t\t\t<div class=\"elementor-element elementor-element-9908153 titre-haut-page elementor-widget elementor-widget-text-editor\" data-id=\"9908153\" data-element_type=\"widget\" data-widget_type=\"text-editor.default\">\n\t\t\t\t<div class=\"elementor-widget-container\">\n\t\t\t\t\t\t\t\t\t<h1>Que faire au&nbsp;Mus\u00e9e&nbsp;?<\/h1>\t\t\t\t\t\t\t\t<\/div>\n\t\t\t\t<\/div>\n\t\t\t\t\t<\/div>\n\t\t<\/div>\n\t\t\t\t\t<\/div>\n\t\t<\/section>\n\t\t\t\t<section class=\"elementor-section elementor-top-section elementor-element elementor-element-55e244e elementor-section-full_width separation-1unite menu-secondaire-fixed elementor-section-height-default elementor-section-height-default\" data-id=\"55e244e\" data-element_type=\"section\" data-settings=\"{&quot;background_background&quot;:&quot;classic&quot;}\">\n\t\t\t\t\t\t<div class=\"elementor-container elementor-column-gap-no\">\n\t\t\t\t\t<div class=\"elementor-column elementor-col-100 elementor-top-column elementor-element elementor-element-fd66dfd\" data-id=\"fd66dfd\" data-element_type=\"column\">\n\t\t\t<div class=\"elementor-widget-wrap elementor-element-populated\">\n\t\t\t\t\t\t<div class=\"elementor-element elementor-element-832975b page-content-titre-menu elementor-widget elementor-widget-shortcode\" data-id=\"832975b\" data-element_type=\"widget\" data-widget_type=\"shortcode.default\">\n\t\t\t\t<div class=\"elementor-widget-container\">\n\t\t\t\t\t\t\t<div class=\"elementor-shortcode\"><\/div>\n\t\t\t\t\t\t<\/div>\n\t\t\t\t<\/div>\n\t\t\t\t<div class=\"elementor-element elementor-element-2e0966c elementor-nav-menu__align-center elementor-nav-menu--dropdown-mobile menu-secondaire elementor-nav-menu__text-align-aside elementor-nav-menu--toggle elementor-nav-menu--burger elementor-widget elementor-widget-global elementor-global-323 elementor-widget-nav-menu\" data-id=\"2e0966c\" data-element_type=\"widget\" data-settings=\"{&quot;layout&quot;:&quot;horizontal&quot;,&quot;submenu_icon&quot;:{&quot;value&quot;:&quot;fas fa-caret-down&quot;,&quot;library&quot;:&quot;fa-solid&quot;},&quot;toggle&quot;:&quot;burger&quot;}\" data-widget_type=\"nav-menu.default\">\n\t\t\t\t<div class=\"elementor-widget-container\">\n\t\t\t\t\t\t\t\t<nav aria-label=\"Menu\" class=\"elementor-nav-menu--main elementor-nav-menu__container elementor-nav-menu--layout-horizontal e--pointer-none\">\n\t\t\t\t<ul id=\"menu-1-2e0966c\" class=\"elementor-nav-menu\"><li class=\"menu-item menu-item-type-post_type menu-item-object-page menu-item-1117\"><a href=\"https:\/\/mhcdf.ch\/en\/culture-inclusive\/\" class=\"elementor-item\">culture inclusive<\/a><\/li>\n<li class=\"menu-item menu-item-type-post_type menu-item-object-page menu-item-391\"><a href=\"https:\/\/mhcdf.ch\/en\/jeune-public\/\" class=\"elementor-item\">jeune public<\/a><\/li>\n<li class=\"menu-item menu-item-type-post_type menu-item-object-page menu-item-273\"><a href=\"https:\/\/mhcdf.ch\/en\/espace-ludique\/\" class=\"elementor-item\">espace ludique<\/a><\/li>\n<li class=\"menu-item menu-item-type-post_type menu-item-object-page menu-item-1233\"><a href=\"https:\/\/mhcdf.ch\/en\/entreprises-2\/\" class=\"elementor-item\">entreprises<\/a><\/li>\n<li class=\"menu-item menu-item-type-post_type menu-item-object-page menu-item-397\"><a href=\"https:\/\/mhcdf.ch\/en\/ecoles\/\" class=\"elementor-item\">\u00e9coles<\/a><\/li>\n<\/ul>\t\t\t<\/nav>\n\t\t\t\t\t<div class=\"elementor-menu-toggle\" role=\"button\" tabindex=\"0\" aria-label=\"Menu Toggle\" aria-expanded=\"false\">\n\t\t\t<i aria-hidden=\"true\" role=\"presentation\" class=\"elementor-menu-toggle__icon--open eicon-menu-bar\"><\/i><i aria-hidden=\"true\" role=\"presentation\" class=\"elementor-menu-toggle__icon--close eicon-close\"><\/i>\t\t<\/div>\n\t\t\t\t\t<nav class=\"elementor-nav-menu--dropdown elementor-nav-menu__container\" aria-hidden=\"true\">\n\t\t\t\t<ul id=\"menu-2-2e0966c\" class=\"elementor-nav-menu\"><li class=\"menu-item menu-item-type-post_type menu-item-object-page menu-item-1117\"><a href=\"https:\/\/mhcdf.ch\/en\/culture-inclusive\/\" class=\"elementor-item\" tabindex=\"-1\">culture inclusive<\/a><\/li>\n<li class=\"menu-item menu-item-type-post_type menu-item-object-page menu-item-391\"><a href=\"https:\/\/mhcdf.ch\/en\/jeune-public\/\" class=\"elementor-item\" tabindex=\"-1\">jeune public<\/a><\/li>\n<li class=\"menu-item menu-item-type-post_type menu-item-object-page menu-item-273\"><a href=\"https:\/\/mhcdf.ch\/en\/espace-ludique\/\" class=\"elementor-item\" tabindex=\"-1\">espace ludique<\/a><\/li>\n<li class=\"menu-item menu-item-type-post_type menu-item-object-page menu-item-1233\"><a href=\"https:\/\/mhcdf.ch\/en\/entreprises-2\/\" class=\"elementor-item\" tabindex=\"-1\">entreprises<\/a><\/li>\n<li class=\"menu-item menu-item-type-post_type menu-item-object-page menu-item-397\"><a href=\"https:\/\/mhcdf.ch\/en\/ecoles\/\" class=\"elementor-item\" tabindex=\"-1\">\u00e9coles<\/a><\/li>\n<\/ul>\t\t\t<\/nav>\n\t\t\t\t\t\t<\/div>\n\t\t\t\t<\/div>\n\t\t\t\t\t<\/div>\n\t\t<\/div>\n\t\t\t\t\t<\/div>\n\t\t<\/section>\n\t\t\t\t<section class=\"elementor-section elementor-top-section elementor-element elementor-element-b06f2d3 elementor-section-full_width margin-general margin-top-secondaire elementor-section-height-default elementor-section-height-default\" data-id=\"b06f2d3\" data-element_type=\"section\">\n\t\t\t\t\t\t<div class=\"elementor-container elementor-column-gap-no\">\n\t\t\t\t\t<div class=\"elementor-column elementor-col-50 elementor-top-column elementor-element elementor-element-5a2874b post-grid-secondaire post-grid-content-padding\" data-id=\"5a2874b\" data-element_type=\"column\">\n\t\t\t<div class=\"elementor-widget-wrap elementor-element-populated\">\n\t\t\t\t\t\t<div class=\"elementor-element elementor-element-b10215d elementor-widget elementor-widget-text-editor\" data-id=\"b10215d\" data-element_type=\"widget\" data-widget_type=\"text-editor.default\">\n\t\t\t\t<div class=\"elementor-widget-container\">\n\t\t\t\t\t\t\t\t\t<h1>\u00c9coles<\/h1><h2>Le Mus\u00e9e d\u2019histoire propose des visites guid\u00e9es, des activit\u00e9s sur mesure et du mat\u00e9riel pour tous les degr\u00e9s, ainsi que pour des visites en FLE (fran\u00e7ais langue \u00e9trang\u00e8re).<\/h2>\t\t\t\t\t\t\t\t<\/div>\n\t\t\t\t<\/div>\n\t\t\t\t\t<\/div>\n\t\t<\/div>\n\t\t\t\t<div class=\"elementor-column elementor-col-50 elementor-top-column elementor-element elementor-element-65262cb post-grid-secondaire no-overflow\" data-id=\"65262cb\" data-element_type=\"column\">\n\t\t\t<div class=\"elementor-widget-wrap elementor-element-populated\">\n\t\t\t\t\t\t<div class=\"elementor-element elementor-element-2223ef9 titre-post-secondaire elementor-widget elementor-widget-heading\" data-id=\"2223ef9\" data-element_type=\"widget\" data-widget_type=\"heading.default\">\n\t\t\t\t<div class=\"elementor-widget-container\">\n\t\t\t\t\t<h1 class=\"elementor-heading-title elementor-size-default\"><a href=\"https:\/\/mhcdf.ch\/ecoles\/ecole-musee\/\">\u00c9cole\/Mus\u00e9es<\/a><\/h1>\t\t\t\t<\/div>\n\t\t\t\t<\/div>\n\t\t\t\t<div class=\"elementor-element elementor-element-d1441d4 elementor-widget elementor-widget-image\" data-id=\"d1441d4\" data-element_type=\"widget\" data-widget_type=\"image.default\">\n\t\t\t\t<div class=\"elementor-widget-container\">\n\t\t\t\t\t\t\t\t\t\t\t\t\t\t\t\t<a href=\"https:\/\/mhcdf.ch\/ecoles\/ecole-musee\/\">\n\t\t\t\t\t\t\t<img fetchpriority=\"high\" decoding=\"async\" width=\"1400\" height=\"934\" src=\"https:\/\/mhcdf.ch\/wp-content\/uploads\/2022\/05\/mh_ecolese_preview.jpg\" class=\"attachment-full size-full wp-image-1802\" alt=\"Mus\u00e9e d'histoire - Ecole\/mus\u00e9e\" srcset=\"https:\/\/mhcdf.ch\/wp-content\/uploads\/2022\/05\/mh_ecolese_preview.jpg 1400w, https:\/\/mhcdf.ch\/wp-content\/uploads\/2022\/05\/mh_ecolese_preview-300x200.jpg 300w, https:\/\/mhcdf.ch\/wp-content\/uploads\/2022\/05\/mh_ecolese_preview-1024x683.jpg 1024w, https:\/\/mhcdf.ch\/wp-content\/uploads\/2022\/05\/mh_ecolese_preview-768x512.jpg 768w\" sizes=\"(max-width: 1400px) 100vw, 1400px\">\t\t\t\t\t\t\t\t<\/a>\n\t\t\t\t\t\t\t\t\t\t\t\t\t\t\t<\/div>\n\t\t\t\t<\/div>\n\t\t\t\t\t<\/div>\n\t\t<\/div>\n\t\t\t\t\t<\/div>\n\t\t<\/section>\n\t\t\t\t<section class=\"elementor-section elementor-top-section elementor-element elementor-element-be28b77 elementor-section-full_width margin-general elementor-section-height-default elementor-section-height-default\" data-id=\"be28b77\" data-element_type=\"section\">\n\t\t\t\t\t\t<div class=\"elementor-container elementor-column-gap-no\">\n\t\t\t\t\t<div class=\"elementor-column elementor-col-50 elementor-top-column elementor-element elementor-element-39f2dc2 post-grid-secondaire  no-overflow\" data-id=\"39f2dc2\" data-element_type=\"column\">\n\t\t\t<div class=\"elementor-widget-wrap elementor-element-populated\">\n\t\t\t\t\t\t<div class=\"elementor-element elementor-element-aed0f3d titre-post-secondaire elementor-widget elementor-widget-heading\" data-id=\"aed0f3d\" data-element_type=\"widget\" data-widget_type=\"heading.default\">\n\t\t\t\t<div class=\"elementor-widget-container\">\n\t\t\t\t\t<h1 class=\"elementor-heading-title elementor-size-default\"><a href=\"https:\/\/mhcdf.ch\/ecoles\/visites-guidees-et-ateliers-pour-les-classes\/\">Visites guid\u00e9es et ateliers pour les classes<\/a><\/h1>\t\t\t\t<\/div>\n\t\t\t\t<\/div>\n\t\t\t\t<div class=\"elementor-element elementor-element-c8646de elementor-widget elementor-widget-image\" data-id=\"c8646de\" data-element_type=\"widget\" data-widget_type=\"image.default\">\n\t\t\t\t<div class=\"elementor-widget-container\">\n\t\t\t\t\t\t\t\t\t\t\t\t\t\t\t\t<a href=\"https:\/\/mhcdf.ch\/ecoles\/visites-guidees-et-ateliers-pour-les-classes\/\">\n\t\t\t\t\t\t\t<img decoding=\"async\" width=\"1400\" height=\"934\" src=\"https:\/\/mhcdf.ch\/wp-content\/uploads\/2022\/09\/MH_jeune-public-VG-ATELIERS_preview.jpg\" class=\"attachment-full size-full wp-image-3872\" alt=\"Mus\u00e9e d'Histoire - Visites guid\u00e9es des ateliers\" srcset=\"https:\/\/mhcdf.ch\/wp-content\/uploads\/2022\/09\/MH_jeune-public-VG-ATELIERS_preview.jpg 1400w, https:\/\/mhcdf.ch\/wp-content\/uploads\/2022\/09\/MH_jeune-public-VG-ATELIERS_preview-300x200.jpg 300w, https:\/\/mhcdf.ch\/wp-content\/uploads\/2022\/09\/MH_jeune-public-VG-ATELIERS_preview-1024x683.jpg 1024w, https:\/\/mhcdf.ch\/wp-content\/uploads\/2022\/09\/MH_jeune-public-VG-ATELIERS_preview-768x512.jpg 768w\" sizes=\"(max-width: 1400px) 100vw, 1400px\">\t\t\t\t\t\t\t\t<\/a>\n\t\t\t\t\t\t\t\t\t\t\t\t\t\t\t<\/div>\n\t\t\t\t<\/div>\n\t\t\t\t\t<\/div>\n\t\t<\/div>\n\t\t\t\t<div class=\"elementor-column elementor-col-50 elementor-top-column elementor-element elementor-element-9e7a553 post-grid-secondaire no-overflow\" data-id=\"9e7a553\" data-element_type=\"column\">\n\t\t\t<div class=\"elementor-widget-wrap elementor-element-populated\">\n\t\t\t\t\t\t<div class=\"elementor-element elementor-element-51d107d titre-post-secondaire elementor-widget elementor-widget-heading\" data-id=\"51d107d\" data-element_type=\"widget\" data-widget_type=\"heading.default\">\n\t\t\t\t<div class=\"elementor-widget-container\">\n\t\t\t\t\t<h1 class=\"elementor-heading-title elementor-size-default\"><a href=\"https:\/\/mhcdf.ch\/ecoles\/materiel-a-disposition\/\">Mat\u00e9riel \u00e0 disposition<\/a><\/h1>\t\t\t\t<\/div>\n\t\t\t\t<\/div>\n\t\t\t\t<div class=\"elementor-element elementor-element-177a0b9 elementor-widget elementor-widget-image\" data-id=\"177a0b9\" data-element_type=\"widget\" data-widget_type=\"image.default\">\n\t\t\t\t<div class=\"elementor-widget-container\">\n\t\t\t\t\t\t\t\t\t\t\t\t\t\t\t\t<a href=\"https:\/\/mhcdf.ch\/ecoles\/materiel-a-disposition\/\">\n\t\t\t\t\t\t\t<img decoding=\"async\" width=\"1400\" height=\"934\" src=\"https:\/\/mhcdf.ch\/wp-content\/uploads\/2022\/09\/mh_ecoles_materiel_preview.jpg\" class=\"attachment-full size-full wp-image-3921\" alt=\"Mus\u00e9e d'Histoire - Mat\u00e9riel mis \u00e0 disposition\" srcset=\"https:\/\/mhcdf.ch\/wp-content\/uploads\/2022\/09\/mh_ecoles_materiel_preview.jpg 1400w, https:\/\/mhcdf.ch\/wp-content\/uploads\/2022\/09\/mh_ecoles_materiel_preview-300x200.jpg 300w, https:\/\/mhcdf.ch\/wp-content\/uploads\/2022\/09\/mh_ecoles_materiel_preview-1024x683.jpg 1024w, https:\/\/mhcdf.ch\/wp-content\/uploads\/2022\/09\/mh_ecoles_materiel_preview-768x512.jpg 768w\" sizes=\"(max-width: 1400px) 100vw, 1400px\">\t\t\t\t\t\t\t\t<\/a>\n\t\t\t\t\t\t\t\t\t\t\t\t\t\t\t<\/div>\n\t\t\t\t<\/div>\n\t\t\t\t\t<\/div>\n\t\t<\/div>\n\t\t\t\t\t<\/div>\n\t\t<\/section>\n\t\t\t\t<section class=\"elementor-section elementor-top-section elementor-element elementor-element-ebd84c4 elementor-section-full_width margin-general elementor-section-height-default elementor-section-height-default\" data-id=\"ebd84c4\" data-element_type=\"section\">\n\t\t\t\t\t\t<div class=\"elementor-container elementor-column-gap-no\">\n\t\t\t\t\t<div class=\"elementor-column elementor-col-50 elementor-top-column elementor-element elementor-element-bbe8bdb post-grid-secondaire no-overflow\" data-id=\"bbe8bdb\" data-element_type=\"column\">\n\t\t\t<div class=\"elementor-widget-wrap elementor-element-populated\">\n\t\t\t\t\t\t<div class=\"elementor-element elementor-element-b72a76e titre-post-secondaire elementor-widget elementor-widget-heading\" data-id=\"b72a76e\" data-element_type=\"widget\" data-widget_type=\"heading.default\">\n\t\t\t\t<div class=\"elementor-widget-container\">\n\t\t\t\t\t<h1 class=\"elementor-heading-title elementor-size-default\"><a href=\"https:\/\/mhcdf.ch\/ecoles\/projets-realises-avec-des-classes\/\">Projets r\u00e9alis\u00e9s avec des classes<\/a><\/h1>\t\t\t\t<\/div>\n\t\t\t\t<\/div>\n\t\t\t\t<div class=\"elementor-element elementor-element-9505064 elementor-widget elementor-widget-image\" data-id=\"9505064\" data-element_type=\"widget\" data-widget_type=\"image.default\">\n\t\t\t\t<div class=\"elementor-widget-container\">\n\t\t\t\t\t\t\t\t\t\t\t\t\t\t\t\t<a href=\"https:\/\/mhcdf.ch\/ecoles\/projets-realises-avec-des-classes\/\">\n\t\t\t\t\t\t\t<img loading=\"lazy\" decoding=\"async\" width=\"1400\" height=\"934\" src=\"https:\/\/mhcdf.ch\/wp-content\/uploads\/2022\/09\/MH_ecoles_projets_preview.jpg\" class=\"attachment-full size-full wp-image-3902\" alt=\"Mus\u00e9e d'Histoire - Projets r\u00e9alis\u00e9s avec des classes\" srcset=\"https:\/\/mhcdf.ch\/wp-content\/uploads\/2022\/09\/MH_ecoles_projets_preview.jpg 1400w, https:\/\/mhcdf.ch\/wp-content\/uploads\/2022\/09\/MH_ecoles_projets_preview-300x200.jpg 300w, https:\/\/mhcdf.ch\/wp-content\/uploads\/2022\/09\/MH_ecoles_projets_preview-1024x683.jpg 1024w, https:\/\/mhcdf.ch\/wp-content\/uploads\/2022\/09\/MH_ecoles_projets_preview-768x512.jpg 768w\" sizes=\"(max-width: 1400px) 100vw, 1400px\">\t\t\t\t\t\t\t\t<\/a>\n\t\t\t\t\t\t\t\t\t\t\t\t\t\t\t<\/div>\n\t\t\t\t<\/div>\n\t\t\t\t\t<\/div>\n\t\t<\/div>\n\t\t\t\t<div class=\"elementor-column elementor-col-50 elementor-top-column elementor-element elementor-element-18b8b84 post-grid-secondaire no-overflow\" data-id=\"18b8b84\" data-element_type=\"column\">\n\t\t\t<div class=\"elementor-widget-wrap elementor-element-populated\">\n\t\t\t\t\t\t<div class=\"elementor-element elementor-element-cc5d35d titre-post-secondaire elementor-widget elementor-widget-heading\" data-id=\"cc5d35d\" data-element_type=\"widget\" data-widget_type=\"heading.default\">\n\t\t\t\t<div class=\"elementor-widget-container\">\n\t\t\t\t\t<h1 class=\"elementor-heading-title elementor-size-default\"><a href=\"https:\/\/mhcdf.ch\/ecoles\/classes-allophones\/\">Classes allophones<\/a><\/h1>\t\t\t\t<\/div>\n\t\t\t\t<\/div>\n\t\t\t\t<div class=\"elementor-element elementor-element-9876470 elementor-widget elementor-widget-image\" data-id=\"9876470\" data-element_type=\"widget\" data-widget_type=\"image.default\">\n\t\t\t\t<div class=\"elementor-widget-container\">\n\t\t\t\t\t\t\t\t\t\t\t\t\t\t\t\t<a href=\"https:\/\/mhcdf.ch\/ecoles\/classes-allophones\/\">\n\t\t\t\t\t\t\t<img loading=\"lazy\" decoding=\"async\" width=\"1400\" height=\"934\" src=\"https:\/\/mhcdf.ch\/wp-content\/uploads\/2022\/09\/MH_ecoles_allophones_preview.jpg\" class=\"attachment-full size-full wp-image-3890\" alt=\"Mus\u00e9e d'histoire - classes allophones\" srcset=\"https:\/\/mhcdf.ch\/wp-content\/uploads\/2022\/09\/MH_ecoles_allophones_preview.jpg 1400w, https:\/\/mhcdf.ch\/wp-content\/uploads\/2022\/09\/MH_ecoles_allophones_preview-300x200.jpg 300w, https:\/\/mhcdf.ch\/wp-content\/uploads\/2022\/09\/MH_ecoles_allophones_preview-1024x683.jpg 1024w, https:\/\/mhcdf.ch\/wp-content\/uploads\/2022\/09\/MH_ecoles_allophones_preview-768x512.jpg 768w\" sizes=\"(max-width: 1400px) 100vw, 1400px\">\t\t\t\t\t\t\t\t<\/a>\n\t\t\t\t\t\t\t\t\t\t\t\t\t\t\t<\/div>\n\t\t\t\t<\/div>\n\t\t\t\t\t<\/div>\n\t\t<\/div>\n\t\t\t\t\t<\/div>\n\t\t<\/section>\n\t\t\t\t<\/div>\n\t\t","protected":false},"excerpt":{"rendered":"<p>Que faire au&nbsp;Mus\u00e9e&nbsp;? \u00c9coles Le Mus\u00e9e d\u2019histoire propose des visites guid\u00e9es, des activit\u00e9s sur mesure et du mat\u00e9riel pour tous les degr\u00e9s, ainsi que pour des visites en FLE (fran\u00e7ais langue \u00e9trang\u00e8re). \u00c9cole\/Mus\u00e9es Visites guid\u00e9es et ateliers pour les classes Mat\u00e9riel \u00e0 disposition Projets r\u00e9alis\u00e9s avec des classes Classes allophones<\/p>\n","protected":false},"author":1,"featured_media":0,"parent":0,"menu_order":0,"comment_status":"closed","ping_status":"closed","template":"elementor_header_footer","meta":{"_acf_changed":false,"wp_typography_post_enhancements_disabled":false,"footnotes":""},"class_list":["post-392","page","type-page","status-publish","hentry"],"acf":[],"publishpress_future_workflow_manual_trigger":{"enabledWorkflows":[]},"_links":{"self":[{"href":"https:\/\/mhcdf.ch\/en\/wp-json\/wp\/v2\/pages\/392","targetHints":{"allow":["GET"]}}],"collection":[{"href":"https:\/\/mhcdf.ch\/en\/wp-json\/wp\/v2\/pages"}],"about":[{"href":"https:\/\/mhcdf.ch\/en\/wp-json\/wp\/v2\/types\/page"}],"author":[{"embeddable":true,"href":"https:\/\/mhcdf.ch\/en\/wp-json\/wp\/v2\/users\/1"}],"replies":[{"embeddable":true,"href":"https:\/\/mhcdf.ch\/en\/wp-json\/wp\/v2\/comments?post=392"}],"version-history":[{"count":73,"href":"https:\/\/mhcdf.ch\/en\/wp-json\/wp\/v2\/pages\/392\/revisions"}],"predecessor-version":[{"id":7411,"href":"https:\/\/mhcdf.ch\/en\/wp-json\/wp\/v2\/pages\/392\/revisions\/7411"}],"wp:attachment":[{"href":"https:\/\/mhcdf.ch\/en\/wp-json\/wp\/v2\/media?parent=392"}],"curies":[{"name":"wp","href":"https:\/\/api.w.org\/{rel}","templated":true}]}}