{"id":3570,"date":"2022-08-31T06:56:55","date_gmt":"2022-08-31T06:56:55","guid":{"rendered":"https:\/\/cs6nvasrbe.preview.infomaniak.website\/?page_id=3570"},"modified":"2026-02-27T15:15:15","modified_gmt":"2026-02-27T15:15:15","slug":"acces-et-tarifs","status":"publish","type":"page","link":"https:\/\/mhcdf.ch\/en\/culture-inclusive\/acces-et-tarifs\/","title":{"rendered":"Acc\u00e8s et tarifs"},"content":{"rendered":"\t\t<div data-elementor-type=\"wp-page\" data-elementor-id=\"3570\" class=\"elementor elementor-3570\" data-elementor-post-type=\"page\">\n\t\t\t\t\t\t<section class=\"elementor-section elementor-top-section elementor-element elementor-element-efc51f3 elementor-section-full_width header-home header-page-externe elementor-section-height-default elementor-section-height-default\" data-id=\"efc51f3\" data-element_type=\"section\">\n\t\t\t\t\t\t<div class=\"elementor-container elementor-column-gap-default\">\n\t\t\t\t\t<div class=\"elementor-column elementor-col-100 elementor-top-column elementor-element elementor-element-df45a02 header-marge\" data-id=\"df45a02\" data-element_type=\"column\" data-settings=\"{&quot;background_background&quot;:&quot;classic&quot;}\">\n\t\t\t<div class=\"elementor-widget-wrap elementor-element-populated\">\n\t\t\t\t\t\t<div class=\"elementor-element elementor-element-9908153 titre-haut-page elementor-widget elementor-widget-text-editor\" data-id=\"9908153\" data-element_type=\"widget\" data-widget_type=\"text-editor.default\">\n\t\t\t\t<div class=\"elementor-widget-container\">\n\t\t\t\t\t\t\t\t\t<h1>Pr\u00e9parer sa visite<\/h1>\t\t\t\t\t\t\t\t<\/div>\n\t\t\t\t<\/div>\n\t\t\t\t\t<\/div>\n\t\t<\/div>\n\t\t\t\t\t<\/div>\n\t\t<\/section>\n\t\t\t\t<section class=\"elementor-section elementor-top-section elementor-element elementor-element-55e244e elementor-section-full_width separation-1unite menu-secondaire-fixed elementor-section-height-default elementor-section-height-default\" data-id=\"55e244e\" data-element_type=\"section\" data-settings=\"{&quot;background_background&quot;:&quot;classic&quot;}\">\n\t\t\t\t\t\t<div class=\"elementor-container elementor-column-gap-no\">\n\t\t\t\t\t<div class=\"elementor-column elementor-col-100 elementor-top-column elementor-element elementor-element-fd66dfd\" data-id=\"fd66dfd\" data-element_type=\"column\">\n\t\t\t<div class=\"elementor-widget-wrap elementor-element-populated\">\n\t\t\t\t\t\t<div class=\"elementor-element elementor-element-832975b page-content-titre-menu elementor-widget elementor-widget-shortcode\" data-id=\"832975b\" data-element_type=\"widget\" data-widget_type=\"shortcode.default\">\n\t\t\t\t<div class=\"elementor-widget-container\">\n\t\t\t\t\t\t\t<div class=\"elementor-shortcode\"><p>culture inclusive<\/p><\/div>\n\t\t\t\t\t\t<\/div>\n\t\t\t\t<\/div>\n\t\t\t\t<div class=\"elementor-element elementor-element-44db1ab elementor-nav-menu__align-center elementor-nav-menu--dropdown-mobile menu-secondaire elementor-nav-menu__text-align-aside elementor-nav-menu--toggle elementor-nav-menu--burger elementor-widget elementor-widget-global elementor-global-323 elementor-widget-nav-menu\" data-id=\"44db1ab\" data-element_type=\"widget\" data-settings=\"{&quot;layout&quot;:&quot;horizontal&quot;,&quot;submenu_icon&quot;:{&quot;value&quot;:&quot;fas fa-caret-down&quot;,&quot;library&quot;:&quot;fa-solid&quot;},&quot;toggle&quot;:&quot;burger&quot;}\" data-widget_type=\"nav-menu.default\">\n\t\t\t\t<div class=\"elementor-widget-container\">\n\t\t\t\t\t\t\t\t<nav aria-label=\"Menu\" class=\"elementor-nav-menu--main elementor-nav-menu__container elementor-nav-menu--layout-horizontal e--pointer-none\">\n\t\t\t\t<ul id=\"menu-1-44db1ab\" class=\"elementor-nav-menu\"><li class=\"menu-item menu-item-type-post_type menu-item-object-page menu-item-1117\"><a href=\"https:\/\/mhcdf.ch\/en\/culture-inclusive\/\" class=\"elementor-item\">culture inclusive<\/a><\/li>\n<li class=\"menu-item menu-item-type-post_type menu-item-object-page menu-item-391\"><a href=\"https:\/\/mhcdf.ch\/en\/jeune-public\/\" class=\"elementor-item\">jeune public<\/a><\/li>\n<li class=\"menu-item menu-item-type-post_type menu-item-object-page menu-item-273\"><a href=\"https:\/\/mhcdf.ch\/en\/espace-ludique\/\" class=\"elementor-item\">espace ludique<\/a><\/li>\n<li class=\"menu-item menu-item-type-post_type menu-item-object-page menu-item-1233\"><a href=\"https:\/\/mhcdf.ch\/en\/entreprises-2\/\" class=\"elementor-item\">entreprises<\/a><\/li>\n<li class=\"menu-item menu-item-type-post_type menu-item-object-page menu-item-397\"><a href=\"https:\/\/mhcdf.ch\/en\/ecoles\/\" class=\"elementor-item\">\u00e9coles<\/a><\/li>\n<\/ul>\t\t\t<\/nav>\n\t\t\t\t\t<div class=\"elementor-menu-toggle\" role=\"button\" tabindex=\"0\" aria-label=\"Menu Toggle\" aria-expanded=\"false\">\n\t\t\t<i aria-hidden=\"true\" role=\"presentation\" class=\"elementor-menu-toggle__icon--open eicon-menu-bar\"><\/i><i aria-hidden=\"true\" role=\"presentation\" class=\"elementor-menu-toggle__icon--close eicon-close\"><\/i>\t\t<\/div>\n\t\t\t\t\t<nav class=\"elementor-nav-menu--dropdown elementor-nav-menu__container\" aria-hidden=\"true\">\n\t\t\t\t<ul id=\"menu-2-44db1ab\" class=\"elementor-nav-menu\"><li class=\"menu-item menu-item-type-post_type menu-item-object-page menu-item-1117\"><a href=\"https:\/\/mhcdf.ch\/en\/culture-inclusive\/\" class=\"elementor-item\" tabindex=\"-1\">culture inclusive<\/a><\/li>\n<li class=\"menu-item menu-item-type-post_type menu-item-object-page menu-item-391\"><a href=\"https:\/\/mhcdf.ch\/en\/jeune-public\/\" class=\"elementor-item\" tabindex=\"-1\">jeune public<\/a><\/li>\n<li class=\"menu-item menu-item-type-post_type menu-item-object-page menu-item-273\"><a href=\"https:\/\/mhcdf.ch\/en\/espace-ludique\/\" class=\"elementor-item\" tabindex=\"-1\">espace ludique<\/a><\/li>\n<li class=\"menu-item menu-item-type-post_type menu-item-object-page menu-item-1233\"><a href=\"https:\/\/mhcdf.ch\/en\/entreprises-2\/\" class=\"elementor-item\" tabindex=\"-1\">entreprises<\/a><\/li>\n<li class=\"menu-item menu-item-type-post_type menu-item-object-page menu-item-397\"><a href=\"https:\/\/mhcdf.ch\/en\/ecoles\/\" class=\"elementor-item\" tabindex=\"-1\">\u00e9coles<\/a><\/li>\n<\/ul>\t\t\t<\/nav>\n\t\t\t\t\t\t<\/div>\n\t\t\t\t<\/div>\n\t\t\t\t\t<\/div>\n\t\t<\/div>\n\t\t\t\t\t<\/div>\n\t\t<\/section>\n\t\t\t\t<section class=\"elementor-section elementor-top-section elementor-element elementor-element-625981e elementor-section-full_width margin-general margin-top-secondaire margin-bottom-secondaire elementor-section-height-default elementor-section-height-default\" data-id=\"625981e\" data-element_type=\"section\" data-settings=\"{&quot;background_background&quot;:&quot;classic&quot;}\">\n\t\t\t\t\t\t<div class=\"elementor-container elementor-column-gap-no\">\n\t\t\t\t\t<div class=\"elementor-column elementor-col-50 elementor-top-column elementor-element elementor-element-8a2e29a post-grid-content post-grid-content-padding\" data-id=\"8a2e29a\" data-element_type=\"column\" data-settings=\"{&quot;background_background&quot;:&quot;classic&quot;}\">\n\t\t\t<div class=\"elementor-widget-wrap elementor-element-populated\">\n\t\t\t\t\t\t<section class=\"elementor-section elementor-inner-section elementor-element elementor-element-a070a24 elementor-section-boxed elementor-section-height-default elementor-section-height-default\" data-id=\"a070a24\" data-element_type=\"section\">\n\t\t\t\t\t\t<div class=\"elementor-container elementor-column-gap-default\">\n\t\t\t\t\t<div class=\"elementor-column elementor-col-100 elementor-inner-column elementor-element elementor-element-4358134 page-content-titre\" data-id=\"4358134\" data-element_type=\"column\">\n\t\t\t<div class=\"elementor-widget-wrap elementor-element-populated\">\n\t\t\t\t\t\t<div class=\"elementor-element elementor-element-ea94373 elementor-widget elementor-widget-heading\" data-id=\"ea94373\" data-element_type=\"widget\" data-widget_type=\"heading.default\">\n\t\t\t\t<div class=\"elementor-widget-container\">\n\t\t\t\t\t<h1 class=\"elementor-heading-title elementor-size-default\">Acc\u00e8s et tarifs<\/h1>\t\t\t\t<\/div>\n\t\t\t\t<\/div>\n\t\t\t\t\t<\/div>\n\t\t<\/div>\n\t\t\t\t\t<\/div>\n\t\t<\/section>\n\t\t\t\t<div class=\"elementor-element elementor-element-aa38657 page-content-arrow-back btn-retour elementor-widget elementor-widget-image\" data-id=\"aa38657\" data-element_type=\"widget\" data-widget_type=\"image.default\">\n\t\t\t\t<div class=\"elementor-widget-container\">\n\t\t\t\t\t\t\t\t\t\t\t\t\t\t\t\t<a href=\"https:\/\/mhcdf.ch\/culture-inclusive\/\">\n\t\t\t\t\t\t\t<img decoding=\"async\" width=\"30\" height=\"30\" src=\"https:\/\/mhcdf.ch\/wp-content\/uploads\/2022\/04\/mh_arrowleft_typo_decale.svg\" class=\"attachment-full size-full wp-image-669\" alt>\t\t\t\t\t\t\t\t<\/a>\n\t\t\t\t\t\t\t\t\t\t\t\t\t\t\t<\/div>\n\t\t\t\t<\/div>\n\t\t\t\t<div class=\"elementor-element elementor-element-57e3b35 page-content-accroche elementor-widget elementor-widget-text-editor\" data-id=\"57e3b35\" data-element_type=\"widget\" data-widget_type=\"text-editor.default\">\n\t\t\t\t<div class=\"elementor-widget-container\">\n\t\t\t\t\t\t\t\t\t<h1>Le Mus\u00e9e d\u2019histoire de La Chaux-de-Fonds est ferm\u00e9 pour des travaux.<\/h1><p><strong>Les travaux concernent<\/strong> :<\/p><ul><li>Le Mus\u00e9e d\u2019histoire<\/li><li>Le Mus\u00e9e international d\u2019horlogerie<\/li><\/ul><p>Ces deux mus\u00e9es sont dans le Parc des Mus\u00e9es.<\/p><p><strong>Les travaux vont permettre&nbsp;:<\/strong><\/p><ul><li>De cr\u00e9er un passage entre les deux mus\u00e9es<\/li><li>D\u2019ouvrir un nouveau Caf\u00e9 des mus\u00e9es au Mus\u00e9e d\u2019histoire<\/li><li>D\u2019am\u00e9liorer les espaces ext\u00e9rieurs du Parc des Mus\u00e9es<\/li><\/ul><p>Le but est de mieux accueillir le public<br>et de rendre les lieux plus confortables.<\/p><p>Merci de votre compr\u00e9hension.<\/p><h2>O\u00f9 se trouve le Mus\u00e9e d\u2019histoire&nbsp;?<\/h2><p>Le Mus\u00e9e d\u2019histoire se trouve \u00e0 la Rue des Mus\u00e9es 31, \u00e0 La Chaux-de-Fonds.<\/p><p>Le Mus\u00e9e d\u2019histoire est \u00e0 5 minutes \u00e0 pied de la&nbsp;gare.<\/p><p>Acc\u00e8s en transports publics&nbsp;: bus n\u00b0 301, 303, 311 ou 312 (arr\u00eat Th\u00e9\u00e2tre)<\/p><p>Il y a peu de places de parc \u00e0 proximit\u00e9. Il est conseill\u00e9 de se parquer dans le parking souterrain de M\u00e9tropole Centre.<\/p><p>Il y a une place de parc r\u00e9serv\u00e9e pour les personnes \u00e0 mobilit\u00e9 r\u00e9duite. Il faut venir par la rue de la&nbsp;Loge.<\/p><p>Il y a une rampe d\u2019acc\u00e8s et il faut sonner \u00e0 la porte de service.<\/p><p>Les chiens d\u2019assistance sont les bienvenus.<\/p><p><strong>Le Mus\u00e9e d\u2019histoire est accessible aux personnes en situation de handicap comme:<\/strong><\/p><ul><li>Les personnes en situation de handicap mental;<\/li><li>Les personnes malvoyantes;<\/li><li>Les personnes malentendantes;<\/li><li>Les personnes \u00e0 mobilit\u00e9 r\u00e9duite.<\/li><\/ul><p>L\u2019ensemble du mus\u00e9e est accessible aux personnes \u00e0 mobilit\u00e9 r\u00e9duite (rampe, ascenseur, toilettes adapt\u00e9es, caf\u00e9t\u00e9ria et boutique de plain-pied).<\/p><p><a href=\"https:\/\/mhcdf.ch\/wp-content\/uploads\/2022\/09\/Plan_visiteur_francais_2021.def_.pdf\" target=\"_blank\" rel=\"noopener\">Plan du Mus\u00e9e \u00e0 t\u00e9l\u00e9charger<\/a><\/p><h2>Quels sont les horaires d\u2019ouverture&nbsp;?<\/h2><p>Le Mus\u00e9e d\u2019histoire est ouvert du mardi au dimanche. <br>Le Mus\u00e9e d\u2019histoire est ouvert de 10 heures \u00e0 17 heures.<\/p><h2>Que propose le Mus\u00e9e d\u2019histoire pour les personnes en situation de handicap&nbsp;?<\/h2><p>Le mus\u00e9e propose une place de parc \u00e0 c\u00f4t\u00e9 du&nbsp;mus\u00e9e.<\/p><p>Le mus\u00e9e accepte les chiens d\u2019assistance.<\/p><p>Le mus\u00e9e met \u00e0 disposition des textes en fran\u00e7ais facile \u00e0 lire et \u00e0 comprendre.<\/p><p>Le mus\u00e9e propose des visites guid\u00e9es adapt\u00e9es.<\/p><p>Le mus\u00e9e met \u00e0 disposition des tabourets pliants.<\/p><p><a href=\"https:\/\/mhcdf.ch\/culture-inclusive\/\">Plus d\u2019information sur la culture inclusive<\/a><\/p><h2>C\u2019est quoi une visite guid\u00e9e adapt\u00e9e&nbsp;?<\/h2><p>Une visite guid\u00e9e adapt\u00e9e est pour les personnes en situation de handicap.<\/p><p>Il y a deux sortes de visites guid\u00e9es adapt\u00e9es&nbsp;:<\/p><ul><li>Des visites en fran\u00e7ais facile;<\/li><li>Des vises tactiles.<\/li><\/ul><p>Ces visites sont possibles pour des groupes de 5 personnes environ.<\/p><p>Ces visites durent 45 minutes.<\/p><h2>Combien co\u00fbte l\u2019entr\u00e9e au&nbsp;mus\u00e9e?<\/h2><p>Les visiteurs en situation de handicap b\u00e9n\u00e9ficient de l\u2019entr\u00e9e au tarif r\u00e9duit.<\/p><p>L\u2019entr\u00e9e au mus\u00e9e au tarif r\u00e9duit co\u00fbte&nbsp;7&nbsp;-.<\/p><p>L\u2019entr\u00e9e est gratuite pour les accompagnants.<\/p><h2>Combien co\u00fbte une visite guid\u00e9e adapt\u00e9e&nbsp;?<\/h2><p>La visite guid\u00e9e adapt\u00e9e co\u00fbte 60.- pour le groupe.<\/p><h2>Vous avez des questions&nbsp;?<\/h2><p>Le personnel du mus\u00e9e est \u00e0 votre disposition.<\/p><p>Vous pouvez t\u00e9l\u00e9phoner au <a href=\"tel:+41329676088\">032 967 60 88<\/a>.<\/p><p>Vous pouvez \u00e9crire un mail: <a href=\"mailto:MHreservations@ne.ch\">MHreservations@ne.ch<\/a><\/p><p>Personne r\u00e9f\u00e9rente pour l\u2019inclusion : Alexandra Schiess, m\u00e9diatrice culturelle<\/p><p>Le personnel du mus\u00e9e se tient en permanence \u00e0 votre disposition. Pour toute question <a href=\"https:\/\/mhcdf.ch\/informations-pratiques\/\">contactez-nous<\/a>.<\/p>\t\t\t\t\t\t\t\t<\/div>\n\t\t\t\t<\/div>\n\t\t\t\t\t<\/div>\n\t\t<\/div>\n\t\t\t\t<div class=\"elementor-column elementor-col-50 elementor-top-column elementor-element elementor-element-43c5c2b post-grid-content\" data-id=\"43c5c2b\" data-element_type=\"column\" data-settings=\"{&quot;background_background&quot;:&quot;classic&quot;}\">\n\t\t\t<div class=\"elementor-widget-wrap\">\n\t\t\t\t\t\t\t<\/div>\n\t\t<\/div>\n\t\t\t\t\t<\/div>\n\t\t<\/section>\n\t\t\t\t<\/div>\n\t\t","protected":false},"excerpt":{"rendered":"<p>Pr\u00e9parer sa visite Acc\u00e8s et tarifs Le Mus\u00e9e d\u2019histoire de La Chaux-de-Fonds est ferm\u00e9 pour des travaux. Les travaux concernent : Le Mus\u00e9e d\u2019histoire Le Mus\u00e9e international d\u2019horlogerie Ces deux mus\u00e9es sont dans le Parc des Mus\u00e9es. Les travaux vont permettre&nbsp;: De cr\u00e9er un passage entre les deux mus\u00e9es D\u2019ouvrir un nouveau Caf\u00e9 des mus\u00e9es&nbsp;[\u2026]<\/p>\n","protected":false},"author":2,"featured_media":0,"parent":1103,"menu_order":0,"comment_status":"closed","ping_status":"closed","template":"elementor_header_footer","meta":{"_acf_changed":false,"wp_typography_post_enhancements_disabled":false,"footnotes":""},"class_list":["post-3570","page","type-page","status-publish","hentry"],"acf":[],"publishpress_future_workflow_manual_trigger":{"enabledWorkflows":[]},"_links":{"self":[{"href":"https:\/\/mhcdf.ch\/en\/wp-json\/wp\/v2\/pages\/3570","targetHints":{"allow":["GET"]}}],"collection":[{"href":"https:\/\/mhcdf.ch\/en\/wp-json\/wp\/v2\/pages"}],"about":[{"href":"https:\/\/mhcdf.ch\/en\/wp-json\/wp\/v2\/types\/page"}],"author":[{"embeddable":true,"href":"https:\/\/mhcdf.ch\/en\/wp-json\/wp\/v2\/users\/2"}],"replies":[{"embeddable":true,"href":"https:\/\/mhcdf.ch\/en\/wp-json\/wp\/v2\/comments?post=3570"}],"version-history":[{"count":70,"href":"https:\/\/mhcdf.ch\/en\/wp-json\/wp\/v2\/pages\/3570\/revisions"}],"predecessor-version":[{"id":8399,"href":"https:\/\/mhcdf.ch\/en\/wp-json\/wp\/v2\/pages\/3570\/revisions\/8399"}],"up":[{"embeddable":true,"href":"https:\/\/mhcdf.ch\/en\/wp-json\/wp\/v2\/pages\/1103"}],"wp:attachment":[{"href":"https:\/\/mhcdf.ch\/en\/wp-json\/wp\/v2\/media?parent=3570"}],"curies":[{"name":"wp","href":"https:\/\/api.w.org\/{rel}","templated":true}]}}