{"id":1930,"date":"2022-05-11T07:22:52","date_gmt":"2022-05-11T07:22:52","guid":{"rendered":"http:\/\/cs6nvasrbe.preview.infomaniak.website\/?page_id=1930"},"modified":"2022-11-24T10:11:25","modified_gmt":"2022-11-24T10:11:25","slug":"meurtres-a-1000-metres","status":"publish","type":"page","link":"https:\/\/mhcdf.ch\/en\/espace-ludique\/meurtres-a-1000-metres\/","title":{"rendered":"Meurtres \u00e0 1000 m\u00e8tres"},"content":{"rendered":"\t\t<div data-elementor-type=\"wp-page\" data-elementor-id=\"1930\" class=\"elementor elementor-1930\" data-elementor-post-type=\"page\">\n\t\t\t\t\t\t<section class=\"elementor-section elementor-top-section elementor-element elementor-element-03a616b elementor-section-full_width header-home header-page-externe elementor-section-height-default elementor-section-height-default\" data-id=\"03a616b\" data-element_type=\"section\">\n\t\t\t\t\t\t<div class=\"elementor-container elementor-column-gap-default\">\n\t\t\t\t\t<div class=\"elementor-column elementor-col-100 elementor-top-column elementor-element elementor-element-358e81a header-marge\" data-id=\"358e81a\" data-element_type=\"column\" data-settings=\"{&quot;background_background&quot;:&quot;classic&quot;}\">\n\t\t\t<div class=\"elementor-widget-wrap elementor-element-populated\">\n\t\t\t\t\t\t<div class=\"elementor-element elementor-element-c50f416 titre-haut-page elementor-widget elementor-widget-text-editor\" data-id=\"c50f416\" data-element_type=\"widget\" data-widget_type=\"text-editor.default\">\n\t\t\t\t<div class=\"elementor-widget-container\">\n\t\t\t\t\t\t\t\t\t<h1>Que faire au&nbsp;Mus\u00e9e&nbsp;?<\/h1>\t\t\t\t\t\t\t\t<\/div>\n\t\t\t\t<\/div>\n\t\t\t\t\t<\/div>\n\t\t<\/div>\n\t\t\t\t\t<\/div>\n\t\t<\/section>\n\t\t\t\t<section class=\"elementor-section elementor-top-section elementor-element elementor-element-4b61538 separation-1unite menu-secondaire-fixed elementor-section-full_width elementor-section-content-top elementor-section-height-default elementor-section-height-default\" data-id=\"4b61538\" data-element_type=\"section\" data-settings=\"{&quot;background_background&quot;:&quot;classic&quot;}\">\n\t\t\t\t\t\t<div class=\"elementor-container elementor-column-gap-default\">\n\t\t\t\t\t<div class=\"elementor-column elementor-col-100 elementor-top-column elementor-element elementor-element-42063da\" data-id=\"42063da\" data-element_type=\"column\">\n\t\t\t<div class=\"elementor-widget-wrap elementor-element-populated\">\n\t\t\t\t\t\t<div class=\"elementor-element elementor-element-2af7053 page-content-titre-menu elementor-widget elementor-widget-shortcode\" data-id=\"2af7053\" data-element_type=\"widget\" data-widget_type=\"shortcode.default\">\n\t\t\t\t<div class=\"elementor-widget-container\">\n\t\t\t\t\t\t\t<div class=\"elementor-shortcode\"><p>espace ludique<\/p><\/div>\n\t\t\t\t\t\t<\/div>\n\t\t\t\t<\/div>\n\t\t\t\t<div class=\"elementor-element elementor-element-084bb99 elementor-nav-menu__align-center elementor-nav-menu--dropdown-mobile menu-secondaire elementor-nav-menu__text-align-aside elementor-nav-menu--toggle elementor-nav-menu--burger elementor-widget elementor-widget-global elementor-global-323 elementor-widget-nav-menu\" data-id=\"084bb99\" data-element_type=\"widget\" data-settings=\"{&quot;layout&quot;:&quot;horizontal&quot;,&quot;submenu_icon&quot;:{&quot;value&quot;:&quot;fas fa-caret-down&quot;,&quot;library&quot;:&quot;fa-solid&quot;},&quot;toggle&quot;:&quot;burger&quot;}\" data-widget_type=\"nav-menu.default\">\n\t\t\t\t<div class=\"elementor-widget-container\">\n\t\t\t\t\t\t\t\t<nav aria-label=\"Menu\" class=\"elementor-nav-menu--main elementor-nav-menu__container elementor-nav-menu--layout-horizontal e--pointer-none\">\n\t\t\t\t<ul id=\"menu-1-084bb99\" class=\"elementor-nav-menu\"><li class=\"menu-item menu-item-type-post_type menu-item-object-page menu-item-1117\"><a href=\"https:\/\/mhcdf.ch\/en\/culture-inclusive\/\" class=\"elementor-item\">culture inclusive<\/a><\/li>\n<li class=\"menu-item menu-item-type-post_type menu-item-object-page menu-item-391\"><a href=\"https:\/\/mhcdf.ch\/en\/jeune-public\/\" class=\"elementor-item\">jeune public<\/a><\/li>\n<li class=\"menu-item menu-item-type-post_type menu-item-object-page menu-item-273\"><a href=\"https:\/\/mhcdf.ch\/en\/espace-ludique\/\" class=\"elementor-item\">espace ludique<\/a><\/li>\n<li class=\"menu-item menu-item-type-post_type menu-item-object-page menu-item-1233\"><a href=\"https:\/\/mhcdf.ch\/en\/entreprises-2\/\" class=\"elementor-item\">entreprises<\/a><\/li>\n<li class=\"menu-item menu-item-type-post_type menu-item-object-page menu-item-397\"><a href=\"https:\/\/mhcdf.ch\/en\/ecoles\/\" class=\"elementor-item\">\u00e9coles<\/a><\/li>\n<\/ul>\t\t\t<\/nav>\n\t\t\t\t\t<div class=\"elementor-menu-toggle\" role=\"button\" tabindex=\"0\" aria-label=\"Menu Toggle\" aria-expanded=\"false\">\n\t\t\t<i aria-hidden=\"true\" role=\"presentation\" class=\"elementor-menu-toggle__icon--open eicon-menu-bar\"><\/i><i aria-hidden=\"true\" role=\"presentation\" class=\"elementor-menu-toggle__icon--close eicon-close\"><\/i>\t\t<\/div>\n\t\t\t\t\t<nav class=\"elementor-nav-menu--dropdown elementor-nav-menu__container\" aria-hidden=\"true\">\n\t\t\t\t<ul id=\"menu-2-084bb99\" class=\"elementor-nav-menu\"><li class=\"menu-item menu-item-type-post_type menu-item-object-page menu-item-1117\"><a href=\"https:\/\/mhcdf.ch\/en\/culture-inclusive\/\" class=\"elementor-item\" tabindex=\"-1\">culture inclusive<\/a><\/li>\n<li class=\"menu-item menu-item-type-post_type menu-item-object-page menu-item-391\"><a href=\"https:\/\/mhcdf.ch\/en\/jeune-public\/\" class=\"elementor-item\" tabindex=\"-1\">jeune public<\/a><\/li>\n<li class=\"menu-item menu-item-type-post_type menu-item-object-page menu-item-273\"><a href=\"https:\/\/mhcdf.ch\/en\/espace-ludique\/\" class=\"elementor-item\" tabindex=\"-1\">espace ludique<\/a><\/li>\n<li class=\"menu-item menu-item-type-post_type menu-item-object-page menu-item-1233\"><a href=\"https:\/\/mhcdf.ch\/en\/entreprises-2\/\" class=\"elementor-item\" tabindex=\"-1\">entreprises<\/a><\/li>\n<li class=\"menu-item menu-item-type-post_type menu-item-object-page menu-item-397\"><a href=\"https:\/\/mhcdf.ch\/en\/ecoles\/\" class=\"elementor-item\" tabindex=\"-1\">\u00e9coles<\/a><\/li>\n<\/ul>\t\t\t<\/nav>\n\t\t\t\t\t\t<\/div>\n\t\t\t\t<\/div>\n\t\t\t\t\t<\/div>\n\t\t<\/div>\n\t\t\t\t\t<\/div>\n\t\t<\/section>\n\t\t\t\t<section class=\"elementor-section elementor-top-section elementor-element elementor-element-469250a elementor-section-full_width margin-general margin-bottom-secondaire margin-top-secondaire elementor-section-height-default elementor-section-height-default\" data-id=\"469250a\" data-element_type=\"section\">\n\t\t\t\t\t\t<div class=\"elementor-container elementor-column-gap-no\">\n\t\t\t\t\t<div class=\"elementor-column elementor-col-50 elementor-top-column elementor-element elementor-element-79e02bd post-grid-content post-grid-content-padding\" data-id=\"79e02bd\" data-element_type=\"column\" data-settings=\"{&quot;background_background&quot;:&quot;classic&quot;}\">\n\t\t\t<div class=\"elementor-widget-wrap elementor-element-populated\">\n\t\t\t\t\t\t<section class=\"elementor-section elementor-inner-section elementor-element elementor-element-c56279f elementor-section-boxed elementor-section-height-default elementor-section-height-default\" data-id=\"c56279f\" data-element_type=\"section\">\n\t\t\t\t\t\t<div class=\"elementor-container elementor-column-gap-default\">\n\t\t\t\t\t<div class=\"elementor-column elementor-col-100 elementor-inner-column elementor-element elementor-element-38e844c page-content-titre\" data-id=\"38e844c\" data-element_type=\"column\">\n\t\t\t<div class=\"elementor-widget-wrap elementor-element-populated\">\n\t\t\t\t\t\t<div class=\"elementor-element elementor-element-7fdb2e9 elementor-widget elementor-widget-heading\" data-id=\"7fdb2e9\" data-element_type=\"widget\" data-widget_type=\"heading.default\">\n\t\t\t\t<div class=\"elementor-widget-container\">\n\t\t\t\t\t<h1 class=\"elementor-heading-title elementor-size-default\">Meurtres \u00e0 1000 m\u00e8tres<\/h1>\t\t\t\t<\/div>\n\t\t\t\t<\/div>\n\t\t\t\t\t<\/div>\n\t\t<\/div>\n\t\t\t\t\t<\/div>\n\t\t<\/section>\n\t\t\t\t<div class=\"elementor-element elementor-element-7e2c7e1 page-content-arrow-back btn-retour elementor-widget elementor-widget-image\" data-id=\"7e2c7e1\" data-element_type=\"widget\" data-widget_type=\"image.default\">\n\t\t\t\t<div class=\"elementor-widget-container\">\n\t\t\t\t\t\t\t\t\t\t\t\t\t\t\t\t<a href=\"https:\/\/mhcdf.ch\/espace-ludique\/lhistoire-en-jeux\/\">\n\t\t\t\t\t\t\t<img decoding=\"async\" width=\"30\" height=\"30\" src=\"https:\/\/mhcdf.ch\/wp-content\/uploads\/2022\/04\/mh_arrowleft_typo_decale.svg\" class=\"attachment-full size-full wp-image-669\" alt>\t\t\t\t\t\t\t\t<\/a>\n\t\t\t\t\t\t\t\t\t\t\t\t\t\t\t<\/div>\n\t\t\t\t<\/div>\n\t\t\t\t<div class=\"elementor-element elementor-element-da000e0 elementor-widget elementor-widget-text-editor\" data-id=\"da000e0\" data-element_type=\"widget\" data-widget_type=\"text-editor.default\">\n\t\t\t\t<div class=\"elementor-widget-container\">\n\t\t\t\t\t\t\t\t\t<h2>Glissez-vous dans la peau d\u2019une enqu\u00eatrice ou d\u2019un enqu\u00eateur afin de d\u00e9m\u00ealer d\u2019anciennes affaires.<\/h2><p>Deux enqu\u00eates disponibles\u202f:<\/p><ul><li>Le Malheur des Sophie<\/li><li>Faits d\u2019hiver<\/li><\/ul><p>Les joueurs ont entre les mains les dossiers d\u2019anciennes enqu\u00eates class\u00e9es sans suite. Mais une personne bien inform\u00e9e veillait et a r\u00e9colt\u00e9 de pr\u00e9cieux indices qui permettront aux joueurs de faire toute la lumi\u00e8re sur ces sombres affaires.<\/p><p>Jeu r\u00e9alis\u00e9 en collaboration avec <a href=\"https:\/\/www.entree-de-jeux.ch\/\" target=\"_blank\" rel=\"noopener\">Entr\u00e9e de Jeux<\/a>.<\/p><h2>Informations pratiques<\/h2><p>Jeu possible en tout&nbsp;temps.<\/p><table><tbody><tr><td>Prix<\/td><td>CHF 10.- la partie (billet d\u2019entr\u00e9e non compris)<\/td><\/tr><tr><td>Nombre de joueurs<\/td><td>1 \u00e0 4 joueurs \u2013 D\u00e8s 12 ans (accompagn\u00e9 d\u2019un adulte)<\/td><\/tr><tr><td>Dur\u00e9e du&nbsp;jeu<\/td><td>60 minutes<\/td><\/tr><\/tbody><\/table>\t\t\t\t\t\t\t\t<\/div>\n\t\t\t\t<\/div>\n\t\t\t\t\t<\/div>\n\t\t<\/div>\n\t\t\t\t<div class=\"elementor-column elementor-col-50 elementor-top-column elementor-element elementor-element-c02007e post-grid-content\" data-id=\"c02007e\" data-element_type=\"column\" data-settings=\"{&quot;background_background&quot;:&quot;classic&quot;}\">\n\t\t\t<div class=\"elementor-widget-wrap elementor-element-populated\">\n\t\t\t\t\t\t<div class=\"elementor-element elementor-element-e47aeb5 elementor-widget elementor-widget-image\" data-id=\"e47aeb5\" data-element_type=\"widget\" data-widget_type=\"image.default\">\n\t\t\t\t<div class=\"elementor-widget-container\">\n\t\t\t\t\t\t\t\t\t\t\t\t\t\t\t<img fetchpriority=\"high\" decoding=\"async\" width=\"450\" height=\"337\" src=\"https:\/\/mhcdf.ch\/wp-content\/uploads\/2022\/05\/mh_jeux_1000m.jpg\" class=\"attachment-full size-full wp-image-1393\" alt srcset=\"https:\/\/mhcdf.ch\/wp-content\/uploads\/2022\/05\/mh_jeux_1000m.jpg 450w, https:\/\/mhcdf.ch\/wp-content\/uploads\/2022\/05\/mh_jeux_1000m-300x225.jpg 300w\" sizes=\"(max-width: 450px) 100vw, 450px\">\t\t\t\t\t\t\t\t\t\t\t\t\t\t\t<\/div>\n\t\t\t\t<\/div>\n\t\t\t\t\t<\/div>\n\t\t<\/div>\n\t\t\t\t\t<\/div>\n\t\t<\/section>\n\t\t\t\t<\/div>\n\t\t","protected":false},"excerpt":{"rendered":"<p>Que faire au&nbsp;Mus\u00e9e&nbsp;? Meurtres \u00e0 1000 m\u00e8tres Glissez-vous dans la peau d\u2019une enqu\u00eatrice ou d\u2019un enqu\u00eateur afin de d\u00e9m\u00ealer d\u2019anciennes affaires. Deux enqu\u00eates disponibles&nbsp;: Le Malheur des Sophie Faits d\u2019hiver Les joueurs ont entre les mains les dossiers d\u2019anciennes enqu\u00eates class\u00e9es sans suite. Mais une personne bien inform\u00e9e veillait et a r\u00e9colt\u00e9 de pr\u00e9cieux indices&nbsp;[\u2026]<\/p>\n","protected":false},"author":1,"featured_media":0,"parent":152,"menu_order":0,"comment_status":"closed","ping_status":"closed","template":"elementor_header_footer","meta":{"_acf_changed":false,"wp_typography_post_enhancements_disabled":false,"footnotes":""},"class_list":["post-1930","page","type-page","status-publish","hentry"],"acf":[],"publishpress_future_workflow_manual_trigger":{"enabledWorkflows":[]},"_links":{"self":[{"href":"https:\/\/mhcdf.ch\/en\/wp-json\/wp\/v2\/pages\/1930","targetHints":{"allow":["GET"]}}],"collection":[{"href":"https:\/\/mhcdf.ch\/en\/wp-json\/wp\/v2\/pages"}],"about":[{"href":"https:\/\/mhcdf.ch\/en\/wp-json\/wp\/v2\/types\/page"}],"author":[{"embeddable":true,"href":"https:\/\/mhcdf.ch\/en\/wp-json\/wp\/v2\/users\/1"}],"replies":[{"embeddable":true,"href":"https:\/\/mhcdf.ch\/en\/wp-json\/wp\/v2\/comments?post=1930"}],"version-history":[{"count":28,"href":"https:\/\/mhcdf.ch\/en\/wp-json\/wp\/v2\/pages\/1930\/revisions"}],"predecessor-version":[{"id":6180,"href":"https:\/\/mhcdf.ch\/en\/wp-json\/wp\/v2\/pages\/1930\/revisions\/6180"}],"up":[{"embeddable":true,"href":"https:\/\/mhcdf.ch\/en\/wp-json\/wp\/v2\/pages\/152"}],"wp:attachment":[{"href":"https:\/\/mhcdf.ch\/en\/wp-json\/wp\/v2\/media?parent=1930"}],"curies":[{"name":"wp","href":"https:\/\/api.w.org\/{rel}","templated":true}]}}