{"id":1197,"date":"2022-05-05T08:29:20","date_gmt":"2022-05-05T08:29:20","guid":{"rendered":"http:\/\/cs6nvasrbe.preview.infomaniak.website\/?page_id=1197"},"modified":"2022-11-11T15:32:51","modified_gmt":"2022-11-11T15:32:51","slug":"projets-realises-avec-des-classes","status":"publish","type":"page","link":"https:\/\/mhcdf.ch\/en\/ecoles\/projets-realises-avec-des-classes\/","title":{"rendered":"projets r\u00e9alis\u00e9s avec des classes"},"content":{"rendered":"\t\t<div data-elementor-type=\"wp-page\" data-elementor-id=\"1197\" class=\"elementor elementor-1197\" data-elementor-post-type=\"page\">\n\t\t\t\t\t\t<section class=\"elementor-section elementor-top-section elementor-element elementor-element-efc51f3 elementor-section-full_width header-home header-page-externe elementor-section-height-default elementor-section-height-default\" data-id=\"efc51f3\" data-element_type=\"section\">\n\t\t\t\t\t\t<div class=\"elementor-container elementor-column-gap-default\">\n\t\t\t\t\t<div class=\"elementor-column elementor-col-100 elementor-top-column elementor-element elementor-element-df45a02 header-marge\" data-id=\"df45a02\" data-element_type=\"column\" data-settings=\"{&quot;background_background&quot;:&quot;classic&quot;}\">\n\t\t\t<div class=\"elementor-widget-wrap elementor-element-populated\">\n\t\t\t\t\t\t<div class=\"elementor-element elementor-element-9908153 titre-haut-page elementor-widget elementor-widget-text-editor\" data-id=\"9908153\" data-element_type=\"widget\" data-widget_type=\"text-editor.default\">\n\t\t\t\t<div class=\"elementor-widget-container\">\n\t\t\t\t\t\t\t\t\t<h1>Que faire au&nbsp;Mus\u00e9e&nbsp;?<\/h1>\t\t\t\t\t\t\t\t<\/div>\n\t\t\t\t<\/div>\n\t\t\t\t\t<\/div>\n\t\t<\/div>\n\t\t\t\t\t<\/div>\n\t\t<\/section>\n\t\t\t\t<section class=\"elementor-section elementor-top-section elementor-element elementor-element-55e244e elementor-section-full_width separation-1unite menu-secondaire-fixed elementor-section-height-default elementor-section-height-default\" data-id=\"55e244e\" data-element_type=\"section\" data-settings=\"{&quot;background_background&quot;:&quot;classic&quot;}\">\n\t\t\t\t\t\t<div class=\"elementor-container elementor-column-gap-no\">\n\t\t\t\t\t<div class=\"elementor-column elementor-col-100 elementor-top-column elementor-element elementor-element-fd66dfd\" data-id=\"fd66dfd\" data-element_type=\"column\">\n\t\t\t<div class=\"elementor-widget-wrap elementor-element-populated\">\n\t\t\t\t\t\t<div class=\"elementor-element elementor-element-832975b page-content-titre-menu elementor-widget elementor-widget-shortcode\" data-id=\"832975b\" data-element_type=\"widget\" data-widget_type=\"shortcode.default\">\n\t\t\t\t<div class=\"elementor-widget-container\">\n\t\t\t\t\t\t\t<div class=\"elementor-shortcode\"><p>\u00e9coles<\/p><\/div>\n\t\t\t\t\t\t<\/div>\n\t\t\t\t<\/div>\n\t\t\t\t<div class=\"elementor-element elementor-element-44db1ab elementor-nav-menu__align-center elementor-nav-menu--dropdown-mobile menu-secondaire elementor-nav-menu__text-align-aside elementor-nav-menu--toggle elementor-nav-menu--burger elementor-widget elementor-widget-global elementor-global-323 elementor-widget-nav-menu\" data-id=\"44db1ab\" data-element_type=\"widget\" data-settings=\"{&quot;layout&quot;:&quot;horizontal&quot;,&quot;submenu_icon&quot;:{&quot;value&quot;:&quot;fas fa-caret-down&quot;,&quot;library&quot;:&quot;fa-solid&quot;},&quot;toggle&quot;:&quot;burger&quot;}\" data-widget_type=\"nav-menu.default\">\n\t\t\t\t<div class=\"elementor-widget-container\">\n\t\t\t\t\t\t\t\t<nav aria-label=\"Menu\" class=\"elementor-nav-menu--main elementor-nav-menu__container elementor-nav-menu--layout-horizontal e--pointer-none\">\n\t\t\t\t<ul id=\"menu-1-44db1ab\" class=\"elementor-nav-menu\"><li class=\"menu-item menu-item-type-post_type menu-item-object-page menu-item-1117\"><a href=\"https:\/\/mhcdf.ch\/en\/culture-inclusive\/\" class=\"elementor-item\">culture inclusive<\/a><\/li>\n<li class=\"menu-item menu-item-type-post_type menu-item-object-page menu-item-391\"><a href=\"https:\/\/mhcdf.ch\/en\/jeune-public\/\" class=\"elementor-item\">jeune public<\/a><\/li>\n<li class=\"menu-item menu-item-type-post_type menu-item-object-page menu-item-273\"><a href=\"https:\/\/mhcdf.ch\/en\/espace-ludique\/\" class=\"elementor-item\">espace ludique<\/a><\/li>\n<li class=\"menu-item menu-item-type-post_type menu-item-object-page menu-item-1233\"><a href=\"https:\/\/mhcdf.ch\/en\/entreprises-2\/\" class=\"elementor-item\">entreprises<\/a><\/li>\n<li class=\"menu-item menu-item-type-post_type menu-item-object-page menu-item-397\"><a href=\"https:\/\/mhcdf.ch\/en\/ecoles\/\" class=\"elementor-item\">\u00e9coles<\/a><\/li>\n<\/ul>\t\t\t<\/nav>\n\t\t\t\t\t<div class=\"elementor-menu-toggle\" role=\"button\" tabindex=\"0\" aria-label=\"Menu Toggle\" aria-expanded=\"false\">\n\t\t\t<i aria-hidden=\"true\" role=\"presentation\" class=\"elementor-menu-toggle__icon--open eicon-menu-bar\"><\/i><i aria-hidden=\"true\" role=\"presentation\" class=\"elementor-menu-toggle__icon--close eicon-close\"><\/i>\t\t<\/div>\n\t\t\t\t\t<nav class=\"elementor-nav-menu--dropdown elementor-nav-menu__container\" aria-hidden=\"true\">\n\t\t\t\t<ul id=\"menu-2-44db1ab\" class=\"elementor-nav-menu\"><li class=\"menu-item menu-item-type-post_type menu-item-object-page menu-item-1117\"><a href=\"https:\/\/mhcdf.ch\/en\/culture-inclusive\/\" class=\"elementor-item\" tabindex=\"-1\">culture inclusive<\/a><\/li>\n<li class=\"menu-item menu-item-type-post_type menu-item-object-page menu-item-391\"><a href=\"https:\/\/mhcdf.ch\/en\/jeune-public\/\" class=\"elementor-item\" tabindex=\"-1\">jeune public<\/a><\/li>\n<li class=\"menu-item menu-item-type-post_type menu-item-object-page menu-item-273\"><a href=\"https:\/\/mhcdf.ch\/en\/espace-ludique\/\" class=\"elementor-item\" tabindex=\"-1\">espace ludique<\/a><\/li>\n<li class=\"menu-item menu-item-type-post_type menu-item-object-page menu-item-1233\"><a href=\"https:\/\/mhcdf.ch\/en\/entreprises-2\/\" class=\"elementor-item\" tabindex=\"-1\">entreprises<\/a><\/li>\n<li class=\"menu-item menu-item-type-post_type menu-item-object-page menu-item-397\"><a href=\"https:\/\/mhcdf.ch\/en\/ecoles\/\" class=\"elementor-item\" tabindex=\"-1\">\u00e9coles<\/a><\/li>\n<\/ul>\t\t\t<\/nav>\n\t\t\t\t\t\t<\/div>\n\t\t\t\t<\/div>\n\t\t\t\t\t<\/div>\n\t\t<\/div>\n\t\t\t\t\t<\/div>\n\t\t<\/section>\n\t\t\t\t<section class=\"elementor-section elementor-top-section elementor-element elementor-element-625981e elementor-section-full_width margin-general margin-top-secondaire margin-bottom-secondaire elementor-section-height-default elementor-section-height-default\" data-id=\"625981e\" data-element_type=\"section\" data-settings=\"{&quot;background_background&quot;:&quot;classic&quot;}\">\n\t\t\t\t\t\t<div class=\"elementor-container elementor-column-gap-no\">\n\t\t\t\t\t<div class=\"elementor-column elementor-col-50 elementor-top-column elementor-element elementor-element-8a2e29a post-grid-content post-grid-content-padding\" data-id=\"8a2e29a\" data-element_type=\"column\" data-settings=\"{&quot;background_background&quot;:&quot;classic&quot;}\">\n\t\t\t<div class=\"elementor-widget-wrap elementor-element-populated\">\n\t\t\t\t\t\t<section class=\"elementor-section elementor-inner-section elementor-element elementor-element-a070a24 elementor-section-boxed elementor-section-height-default elementor-section-height-default\" data-id=\"a070a24\" data-element_type=\"section\">\n\t\t\t\t\t\t<div class=\"elementor-container elementor-column-gap-default\">\n\t\t\t\t\t<div class=\"elementor-column elementor-col-100 elementor-inner-column elementor-element elementor-element-4358134 page-content-titre\" data-id=\"4358134\" data-element_type=\"column\">\n\t\t\t<div class=\"elementor-widget-wrap elementor-element-populated\">\n\t\t\t\t\t\t<div class=\"elementor-element elementor-element-ea94373 elementor-widget elementor-widget-heading\" data-id=\"ea94373\" data-element_type=\"widget\" data-widget_type=\"heading.default\">\n\t\t\t\t<div class=\"elementor-widget-container\">\n\t\t\t\t\t<h1 class=\"elementor-heading-title elementor-size-default\">Projets r\u00e9alis\u00e9s avec des classes<\/h1>\t\t\t\t<\/div>\n\t\t\t\t<\/div>\n\t\t\t\t\t<\/div>\n\t\t<\/div>\n\t\t\t\t\t<\/div>\n\t\t<\/section>\n\t\t\t\t<div class=\"elementor-element elementor-element-d8b4ca4 page-content-arrow-back btn-retour elementor-widget elementor-widget-image\" data-id=\"d8b4ca4\" data-element_type=\"widget\" data-widget_type=\"image.default\">\n\t\t\t\t<div class=\"elementor-widget-container\">\n\t\t\t\t\t\t\t\t\t\t\t\t\t\t\t\t<a href=\"https:\/\/mhcdf.ch\/ecoles\/\">\n\t\t\t\t\t\t\t<img decoding=\"async\" width=\"30\" height=\"30\" src=\"https:\/\/mhcdf.ch\/wp-content\/uploads\/2022\/04\/mh_arrowleft_typo_decale.svg\" class=\"attachment-full size-full wp-image-669\" alt>\t\t\t\t\t\t\t\t<\/a>\n\t\t\t\t\t\t\t\t\t\t\t\t\t\t\t<\/div>\n\t\t\t\t<\/div>\n\t\t\t\t<div class=\"elementor-element elementor-element-57e3b35 page-content-accroche elementor-widget elementor-widget-text-editor\" data-id=\"57e3b35\" data-element_type=\"widget\" data-widget_type=\"text-editor.default\">\n\t\t\t\t<div class=\"elementor-widget-container\">\n\t\t\t\t\t\t\t\t\t<h2>Le Mus\u00e9e d\u2019histoire propose et r\u00e9alise des projets en collaboration avec les classes.<\/h2>\t\t<div data-elementor-type=\"section\" data-elementor-id=\"1202\" class=\"elementor elementor-1202\" data-elementor-post-type=\"elementor_library\">\n\t\t\t\t\t<section class=\"elementor-section elementor-top-section elementor-element elementor-element-47efbf5 elementor-section-full_width elementor-section-height-default elementor-section-height-default\" data-id=\"47efbf5\" data-element_type=\"section\">\n\t\t\t\t\t\t<div class=\"elementor-container elementor-column-gap-default\">\n\t\t\t\t\t<div class=\"elementor-column elementor-col-100 elementor-top-column elementor-element elementor-element-7cd5489\" data-id=\"7cd5489\" data-element_type=\"column\">\n\t\t\t<div class=\"elementor-widget-wrap elementor-element-populated\">\n\t\t\t\t\t\t<div class=\"elementor-element elementor-element-81f7fa7 toggle-inside-content elementor-widget elementor-widget-toggle\" data-id=\"81f7fa7\" data-element_type=\"widget\" data-widget_type=\"toggle.default\">\n\t\t\t\t<div class=\"elementor-widget-container\">\n\t\t\t\t\t\t\t<div class=\"elementor-toggle\">\n\t\t\t\t\t\t\t<div class=\"elementor-toggle-item\">\n\t\t\t\t\t<div id=\"elementor-tab-title-1361\" class=\"elementor-tab-title\" data-tab=\"1\" role=\"button\" aria-controls=\"elementor-tab-content-1361\" aria-expanded=\"false\">\n\t\t\t\t\t\t\t\t\t\t\t\t<span class=\"elementor-toggle-icon elementor-toggle-icon-right\" aria-hidden=\"true\">\n\t\t\t\t\t\t\t\t\t\t\t\t\t\t\t<span class=\"elementor-toggle-icon-closed\"><svg id=\"Calque_1\" x=\"0px\" y=\"0px\" viewBox=\"0 0 30 30\" style=\"enable-background:new 0 0 30 30;\" xml:space=\"preserve\" xmlns:xlink=\"http:\/\/www.w3.org\/1999\/xlink\"> <style type=\"text\/css\"> .st0{enable-background:new ;} .st1{fill:#232323;} <\/style> <g class=\"st0\"> <path class=\"st1\" d=\"M7.8,15.2l4.5,4.4c0.5,0.5,1.1,1.2,1.6,1.7c0-1.2,0-1.8,0-2.4V4.8h2.3V19c0,0.6,0,1.1,0,2.4 c0.5-0.6,1.2-1.2,1.7-1.8l4.4-4.4v3.3L15,25.3l-7.3-6.8L7.8,15.2L7.8,15.2z\" \/> <\/g> <\/svg><\/span>\n\t\t\t\t\t\t\t\t<span class=\"elementor-toggle-icon-opened\"><svg id=\"Calque_1\" x=\"0px\" y=\"0px\" viewBox=\"0 0 30 30\" style=\"enable-background:new 0 0 30 30;\" xml:space=\"preserve\" xmlns:xlink=\"http:\/\/www.w3.org\/1999\/xlink\"> <style type=\"text\/css\"> .st0{enable-background:new ;} .st1{fill:#232323;} <\/style> <g class=\"st0\"> <path class=\"st1\" d=\"M22.2,14.9l-4.5-4.4c-0.5-0.5-1.1-1.2-1.6-1.7c0,1.2,0,1.8,0,2.4v14.1h-2.3V11.1c0-0.6,0-1.1,0-2.4 c-0.5,0.6-1.2,1.2-1.7,1.8l-4.4,4.4v-3.3L15,4.8l7.3,6.8L22.2,14.9L22.2,14.9z\" \/> <\/g> <\/svg><\/span>\n\t\t\t\t\t\t\t\t\t\t\t\t\t<\/span>\n\t\t\t\t\t\t\t\t\t\t\t\t<a class=\"elementor-toggle-title\" tabindex=\"0\">Les \u00e9nigmes de FIFI l\u2019abeille<\/a>\n\t\t\t\t\t<\/div>\n\n\t\t\t\t\t<div id=\"elementor-tab-content-1361\" class=\"elementor-tab-content elementor-clearfix\" data-tab=\"1\" role=\"region\" aria-labelledby=\"elementor-tab-title-1361\"><p>Parcours ludique r\u00e9alis\u00e9 en 2019 par la classe 8FR251 du coll\u00e8ge de l\u2019Ouest. Les \u00e9l\u00e8ves ont con\u00e7u un parcours ludique \u00e0 travers les salles du mus\u00e9e destin\u00e9 aux enfants de 8 \u00e0 12&nbsp;ans.<\/p><\/div>\n\t\t\t\t<\/div>\n\t\t\t\t\t\t\t<div class=\"elementor-toggle-item\">\n\t\t\t\t\t<div id=\"elementor-tab-title-1362\" class=\"elementor-tab-title\" data-tab=\"2\" role=\"button\" aria-controls=\"elementor-tab-content-1362\" aria-expanded=\"false\">\n\t\t\t\t\t\t\t\t\t\t\t\t<span class=\"elementor-toggle-icon elementor-toggle-icon-right\" aria-hidden=\"true\">\n\t\t\t\t\t\t\t\t\t\t\t\t\t\t\t<span class=\"elementor-toggle-icon-closed\"><svg id=\"Calque_1\" x=\"0px\" y=\"0px\" viewBox=\"0 0 30 30\" style=\"enable-background:new 0 0 30 30;\" xml:space=\"preserve\" xmlns:xlink=\"http:\/\/www.w3.org\/1999\/xlink\"> <style type=\"text\/css\"> .st0{enable-background:new ;} .st1{fill:#232323;} <\/style> <g class=\"st0\"> <path class=\"st1\" d=\"M7.8,15.2l4.5,4.4c0.5,0.5,1.1,1.2,1.6,1.7c0-1.2,0-1.8,0-2.4V4.8h2.3V19c0,0.6,0,1.1,0,2.4 c0.5-0.6,1.2-1.2,1.7-1.8l4.4-4.4v3.3L15,25.3l-7.3-6.8L7.8,15.2L7.8,15.2z\" \/> <\/g> <\/svg><\/span>\n\t\t\t\t\t\t\t\t<span class=\"elementor-toggle-icon-opened\"><svg id=\"Calque_1\" x=\"0px\" y=\"0px\" viewBox=\"0 0 30 30\" style=\"enable-background:new 0 0 30 30;\" xml:space=\"preserve\" xmlns:xlink=\"http:\/\/www.w3.org\/1999\/xlink\"> <style type=\"text\/css\"> .st0{enable-background:new ;} .st1{fill:#232323;} <\/style> <g class=\"st0\"> <path class=\"st1\" d=\"M22.2,14.9l-4.5-4.4c-0.5-0.5-1.1-1.2-1.6-1.7c0,1.2,0,1.8,0,2.4v14.1h-2.3V11.1c0-0.6,0-1.1,0-2.4 c-0.5,0.6-1.2,1.2-1.7,1.8l-4.4,4.4v-3.3L15,4.8l7.3,6.8L22.2,14.9L22.2,14.9z\" \/> <\/g> <\/svg><\/span>\n\t\t\t\t\t\t\t\t\t\t\t\t\t<\/span>\n\t\t\t\t\t\t\t\t\t\t\t\t<a class=\"elementor-toggle-title\" tabindex=\"0\">NOS APPAREILS PHOTUR&nbsp;!<\/a>\n\t\t\t\t\t<\/div>\n\n\t\t\t\t\t<div id=\"elementor-tab-content-1362\" class=\"elementor-tab-content elementor-clearfix\" data-tab=\"2\" role=\"region\" aria-labelledby=\"elementor-tab-title-1362\"><p>Exposition r\u00e9alis\u00e9e en novembre 2018 par la classe 6FR322, du coll\u00e8ge Bellevue, en lien avec l\u2019exposition temporaire \u201c18\u2009\u2013\u200968. Quelle histoire !\u201d. Les \u00e9l\u00e8ves ont cr\u00e9\u00e9 des appareils photos du futur et les ont expos\u00e9s au mus\u00e9e durant quelques jours.<\/p><\/div>\n\t\t\t\t<\/div>\n\t\t\t\t\t\t\t<div class=\"elementor-toggle-item\">\n\t\t\t\t\t<div id=\"elementor-tab-title-1363\" class=\"elementor-tab-title\" data-tab=\"3\" role=\"button\" aria-controls=\"elementor-tab-content-1363\" aria-expanded=\"false\">\n\t\t\t\t\t\t\t\t\t\t\t\t<span class=\"elementor-toggle-icon elementor-toggle-icon-right\" aria-hidden=\"true\">\n\t\t\t\t\t\t\t\t\t\t\t\t\t\t\t<span class=\"elementor-toggle-icon-closed\"><svg id=\"Calque_1\" x=\"0px\" y=\"0px\" viewBox=\"0 0 30 30\" style=\"enable-background:new 0 0 30 30;\" xml:space=\"preserve\" xmlns:xlink=\"http:\/\/www.w3.org\/1999\/xlink\"> <style type=\"text\/css\"> .st0{enable-background:new ;} .st1{fill:#232323;} <\/style> <g class=\"st0\"> <path class=\"st1\" d=\"M7.8,15.2l4.5,4.4c0.5,0.5,1.1,1.2,1.6,1.7c0-1.2,0-1.8,0-2.4V4.8h2.3V19c0,0.6,0,1.1,0,2.4 c0.5-0.6,1.2-1.2,1.7-1.8l4.4-4.4v3.3L15,25.3l-7.3-6.8L7.8,15.2L7.8,15.2z\" \/> <\/g> <\/svg><\/span>\n\t\t\t\t\t\t\t\t<span class=\"elementor-toggle-icon-opened\"><svg id=\"Calque_1\" x=\"0px\" y=\"0px\" viewBox=\"0 0 30 30\" style=\"enable-background:new 0 0 30 30;\" xml:space=\"preserve\" xmlns:xlink=\"http:\/\/www.w3.org\/1999\/xlink\"> <style type=\"text\/css\"> .st0{enable-background:new ;} .st1{fill:#232323;} <\/style> <g class=\"st0\"> <path class=\"st1\" d=\"M22.2,14.9l-4.5-4.4c-0.5-0.5-1.1-1.2-1.6-1.7c0,1.2,0,1.8,0,2.4v14.1h-2.3V11.1c0-0.6,0-1.1,0-2.4 c-0.5,0.6-1.2,1.2-1.7,1.8l-4.4,4.4v-3.3L15,4.8l7.3,6.8L22.2,14.9L22.2,14.9z\" \/> <\/g> <\/svg><\/span>\n\t\t\t\t\t\t\t\t\t\t\t\t\t<\/span>\n\t\t\t\t\t\t\t\t\t\t\t\t<a class=\"elementor-toggle-title\" tabindex=\"0\">Sauf le&nbsp;lundi<\/a>\n\t\t\t\t\t<\/div>\n\n\t\t\t\t\t<div id=\"elementor-tab-content-1363\" class=\"elementor-tab-content elementor-clearfix\" data-tab=\"3\" role=\"region\" aria-labelledby=\"elementor-tab-title-1363\"><p>Emission de radio r\u00e9alis\u00e9e en 2015 en collaboration avec la radio RTN dans le cadre d\u2019un projet cantonal. Les \u00e9l\u00e8ves de la classe 6FR112 du coll\u00e8ge Numa-Droz de La Chaux-de-Fonds \u00e9taient partis \u00e0 la d\u00e9couverte des m\u00e9tiers du mus\u00e9e. \u00c9mission \u00e0 d\u00e9couvrir <a href=\"https:\/\/www.rtn.ch\/rtn\/Programmes\/emissions\/Vol-de-croisiere\/Sauf-le-lundi-au-musee-d-Histoire-de-La-Chaux-de-Fonds.html\" target=\"_blank\" rel=\"noopener\">ICI<\/a>.<\/p><\/div>\n\t\t\t\t<\/div>\n\t\t\t\t\t\t\t\t<\/div>\n\t\t\t\t\t\t<\/div>\n\t\t\t\t<\/div>\n\t\t\t\t\t<\/div>\n\t\t<\/div>\n\t\t\t\t\t<\/div>\n\t\t<\/section>\n\t\t\t\t<\/div>\n\t\t\t\t\t\t\t\t\t\t<\/div>\n\t\t\t\t<\/div>\n\t\t\t\t\t<\/div>\n\t\t<\/div>\n\t\t\t\t<div class=\"elementor-column elementor-col-50 elementor-top-column elementor-element elementor-element-43c5c2b post-grid-content\" data-id=\"43c5c2b\" data-element_type=\"column\" data-settings=\"{&quot;background_background&quot;:&quot;classic&quot;}\">\n\t\t\t<div class=\"elementor-widget-wrap elementor-element-populated\">\n\t\t\t\t\t\t<div class=\"elementor-element elementor-element-1fd6a6a elementor-widget elementor-widget-image\" data-id=\"1fd6a6a\" data-element_type=\"widget\" data-widget_type=\"image.default\">\n\t\t\t\t<div class=\"elementor-widget-container\">\n\t\t\t\t\t\t\t\t\t\t\t\t<figure class=\"wp-caption\">\n\t\t\t\t\t\t\t\t\t\t<img fetchpriority=\"high\" decoding=\"async\" width=\"1200\" height=\"1534\" src=\"https:\/\/mhcdf.ch\/wp-content\/uploads\/2022\/09\/IMAGE-VERTICALE-PROJETS-CLASSES.png\" class=\"attachment-full size-full wp-image-4715\" alt=\"\u00a92022, Illustration, Elouan et Nila, Projet &quot;Raconte-moi une histoire&quot;, Mus\u00e9e d'histoire de La Chaux-de-Fonds\" srcset=\"https:\/\/mhcdf.ch\/wp-content\/uploads\/2022\/09\/IMAGE-VERTICALE-PROJETS-CLASSES.png 1200w, https:\/\/mhcdf.ch\/wp-content\/uploads\/2022\/09\/IMAGE-VERTICALE-PROJETS-CLASSES-235x300.png 235w, https:\/\/mhcdf.ch\/wp-content\/uploads\/2022\/09\/IMAGE-VERTICALE-PROJETS-CLASSES-801x1024.png 801w, https:\/\/mhcdf.ch\/wp-content\/uploads\/2022\/09\/IMAGE-VERTICALE-PROJETS-CLASSES-768x982.png 768w\" sizes=\"(max-width: 1200px) 100vw, 1200px\">\t\t\t\t\t\t\t\t\t\t\t<figcaption class=\"widget-image-caption wp-caption-text\">\u00a92022, Illustration, Elouan et Nila, Projet \u201cRaconte-moi une histoire\u201d, Mus\u00e9e d\u2019histoire&nbsp;<\/figcaption>\n\t\t\t\t\t\t\t\t\t\t<\/figure>\n\t\t\t\t\t\t\t\t\t<\/div>\n\t\t\t\t<\/div>\n\t\t\t\t\t<\/div>\n\t\t<\/div>\n\t\t\t\t\t<\/div>\n\t\t<\/section>\n\t\t\t\t<\/div>\n\t\t","protected":false},"excerpt":{"rendered":"<p>Que faire au&nbsp;Mus\u00e9e&nbsp;? Projets r\u00e9alis\u00e9s avec des classes Le Mus\u00e9e d\u2019histoire propose et r\u00e9alise des projets en collaboration avec les classes. \u00a92022, Illustration, Elouan et Nila, Projet \u201cRaconte-moi une histoire\u201d, Mus\u00e9e d\u2019histoire&nbsp;<\/p>\n","protected":false},"author":1,"featured_media":0,"parent":392,"menu_order":0,"comment_status":"closed","ping_status":"closed","template":"elementor_header_footer","meta":{"_acf_changed":false,"wp_typography_post_enhancements_disabled":false,"footnotes":""},"class_list":["post-1197","page","type-page","status-publish","hentry"],"acf":[],"publishpress_future_workflow_manual_trigger":{"enabledWorkflows":[]},"_links":{"self":[{"href":"https:\/\/mhcdf.ch\/en\/wp-json\/wp\/v2\/pages\/1197","targetHints":{"allow":["GET"]}}],"collection":[{"href":"https:\/\/mhcdf.ch\/en\/wp-json\/wp\/v2\/pages"}],"about":[{"href":"https:\/\/mhcdf.ch\/en\/wp-json\/wp\/v2\/types\/page"}],"author":[{"embeddable":true,"href":"https:\/\/mhcdf.ch\/en\/wp-json\/wp\/v2\/users\/1"}],"replies":[{"embeddable":true,"href":"https:\/\/mhcdf.ch\/en\/wp-json\/wp\/v2\/comments?post=1197"}],"version-history":[{"count":52,"href":"https:\/\/mhcdf.ch\/en\/wp-json\/wp\/v2\/pages\/1197\/revisions"}],"predecessor-version":[{"id":6101,"href":"https:\/\/mhcdf.ch\/en\/wp-json\/wp\/v2\/pages\/1197\/revisions\/6101"}],"up":[{"embeddable":true,"href":"https:\/\/mhcdf.ch\/en\/wp-json\/wp\/v2\/pages\/392"}],"wp:attachment":[{"href":"https:\/\/mhcdf.ch\/en\/wp-json\/wp\/v2\/media?parent=1197"}],"curies":[{"name":"wp","href":"https:\/\/api.w.org\/{rel}","templated":true}]}}