{"id":1011,"date":"2022-05-03T14:32:08","date_gmt":"2022-05-03T14:32:08","guid":{"rendered":"http:\/\/cs6nvasrbe.preview.infomaniak.website\/?page_id=1011"},"modified":"2022-10-04T15:50:57","modified_gmt":"2022-10-04T15:50:57","slug":"soutenir-le-musee","status":"publish","type":"page","link":"https:\/\/mhcdf.ch\/en\/soutenir-le-musee\/","title":{"rendered":"soutenir le&nbsp;mus\u00e9e"},"content":{"rendered":"\t\t<div data-elementor-type=\"wp-page\" data-elementor-id=\"1011\" class=\"elementor elementor-1011\" data-elementor-post-type=\"page\">\n\t\t\t\t\t\t<section class=\"elementor-section elementor-top-section elementor-element elementor-element-efc51f3 elementor-section-full_width header-home header-page-externe elementor-section-height-default elementor-section-height-default\" data-id=\"efc51f3\" data-element_type=\"section\">\n\t\t\t\t\t\t<div class=\"elementor-container elementor-column-gap-default\">\n\t\t\t\t\t<div class=\"elementor-column elementor-col-100 elementor-top-column elementor-element elementor-element-df45a02 header-marge\" data-id=\"df45a02\" data-element_type=\"column\" data-settings=\"{&quot;background_background&quot;:&quot;classic&quot;}\">\n\t\t\t<div class=\"elementor-widget-wrap elementor-element-populated\">\n\t\t\t\t\t\t<div class=\"elementor-element elementor-element-9908153 titre-haut-page elementor-widget elementor-widget-text-editor\" data-id=\"9908153\" data-element_type=\"widget\" data-widget_type=\"text-editor.default\">\n\t\t\t\t<div class=\"elementor-widget-container\">\n\t\t\t\t\t\t\t\t\t<h1>Le mus\u00e9e<\/h1>\t\t\t\t\t\t\t\t<\/div>\n\t\t\t\t<\/div>\n\t\t\t\t\t<\/div>\n\t\t<\/div>\n\t\t\t\t\t<\/div>\n\t\t<\/section>\n\t\t\t\t<section class=\"elementor-section elementor-top-section elementor-element elementor-element-55e244e elementor-section-full_width separation-1unite menu-secondaire-fixed elementor-section-height-default elementor-section-height-default\" data-id=\"55e244e\" data-element_type=\"section\" data-settings=\"{&quot;background_background&quot;:&quot;classic&quot;}\">\n\t\t\t\t\t\t<div class=\"elementor-container elementor-column-gap-no\">\n\t\t\t\t\t<div class=\"elementor-column elementor-col-100 elementor-top-column elementor-element elementor-element-fd66dfd\" data-id=\"fd66dfd\" data-element_type=\"column\">\n\t\t\t<div class=\"elementor-widget-wrap elementor-element-populated\">\n\t\t\t\t\t\t<div class=\"elementor-element elementor-element-832975b page-content-titre-menu elementor-widget elementor-widget-shortcode\" data-id=\"832975b\" data-element_type=\"widget\" data-widget_type=\"shortcode.default\">\n\t\t\t\t<div class=\"elementor-widget-container\">\n\t\t\t\t\t\t\t<div class=\"elementor-shortcode\"><\/div>\n\t\t\t\t\t\t<\/div>\n\t\t\t\t<\/div>\n\t\t\t\t<div class=\"elementor-element elementor-element-b17ab51 elementor-nav-menu__align-center elementor-nav-menu--dropdown-mobile menu-secondaire elementor-nav-menu__text-align-aside elementor-nav-menu--toggle elementor-nav-menu--burger elementor-widget elementor-widget-global elementor-global-458 elementor-widget-nav-menu\" data-id=\"b17ab51\" data-element_type=\"widget\" data-settings=\"{&quot;layout&quot;:&quot;horizontal&quot;,&quot;submenu_icon&quot;:{&quot;value&quot;:&quot;fas fa-caret-down&quot;,&quot;library&quot;:&quot;fa-solid&quot;},&quot;toggle&quot;:&quot;burger&quot;}\" data-widget_type=\"nav-menu.default\">\n\t\t\t\t<div class=\"elementor-widget-container\">\n\t\t\t\t\t\t\t\t<nav aria-label=\"Menu\" class=\"elementor-nav-menu--main elementor-nav-menu__container elementor-nav-menu--layout-horizontal e--pointer-none\">\n\t\t\t\t<ul id=\"menu-1-b17ab51\" class=\"elementor-nav-menu\"><li class=\"menu-item menu-item-type-post_type menu-item-object-page menu-item-965\"><a href=\"https:\/\/mhcdf.ch\/en\/historique\/\" class=\"elementor-item\">historique<\/a><\/li>\n<li class=\"menu-item menu-item-type-post_type menu-item-object-page menu-item-877\"><a href=\"https:\/\/mhcdf.ch\/en\/collections\/\" class=\"elementor-item\">collections<\/a><\/li>\n<li class=\"menu-item menu-item-type-post_type menu-item-object-page menu-item-1045\"><a href=\"https:\/\/mhcdf.ch\/en\/soutenir-le-musee\/\" class=\"elementor-item\">soutenir le&nbsp;mus\u00e9e<\/a><\/li>\n<li class=\"menu-item menu-item-type-post_type menu-item-object-page menu-item-8245\"><a href=\"https:\/\/mhcdf.ch\/en\/amis-du-musee\/\" class=\"elementor-item\">Amis du&nbsp;mus\u00e9e<\/a><\/li>\n<li class=\"menu-item menu-item-type-post_type menu-item-object-page menu-item-8377\"><a href=\"https:\/\/mhcdf.ch\/en\/coulisses\/\" class=\"elementor-item\">Coulisses<\/a><\/li>\n<\/ul>\t\t\t<\/nav>\n\t\t\t\t\t<div class=\"elementor-menu-toggle\" role=\"button\" tabindex=\"0\" aria-label=\"Menu Toggle\" aria-expanded=\"false\">\n\t\t\t<i aria-hidden=\"true\" role=\"presentation\" class=\"elementor-menu-toggle__icon--open eicon-menu-bar\"><\/i><i aria-hidden=\"true\" role=\"presentation\" class=\"elementor-menu-toggle__icon--close eicon-close\"><\/i>\t\t<\/div>\n\t\t\t\t\t<nav class=\"elementor-nav-menu--dropdown elementor-nav-menu__container\" aria-hidden=\"true\">\n\t\t\t\t<ul id=\"menu-2-b17ab51\" class=\"elementor-nav-menu\"><li class=\"menu-item menu-item-type-post_type menu-item-object-page menu-item-965\"><a href=\"https:\/\/mhcdf.ch\/en\/historique\/\" class=\"elementor-item\" tabindex=\"-1\">historique<\/a><\/li>\n<li class=\"menu-item menu-item-type-post_type menu-item-object-page menu-item-877\"><a href=\"https:\/\/mhcdf.ch\/en\/collections\/\" class=\"elementor-item\" tabindex=\"-1\">collections<\/a><\/li>\n<li class=\"menu-item menu-item-type-post_type menu-item-object-page menu-item-1045\"><a href=\"https:\/\/mhcdf.ch\/en\/soutenir-le-musee\/\" class=\"elementor-item\" tabindex=\"-1\">soutenir le&nbsp;mus\u00e9e<\/a><\/li>\n<li class=\"menu-item menu-item-type-post_type menu-item-object-page menu-item-8245\"><a href=\"https:\/\/mhcdf.ch\/en\/amis-du-musee\/\" class=\"elementor-item\" tabindex=\"-1\">Amis du&nbsp;mus\u00e9e<\/a><\/li>\n<li class=\"menu-item menu-item-type-post_type menu-item-object-page menu-item-8377\"><a href=\"https:\/\/mhcdf.ch\/en\/coulisses\/\" class=\"elementor-item\" tabindex=\"-1\">Coulisses<\/a><\/li>\n<\/ul>\t\t\t<\/nav>\n\t\t\t\t\t\t<\/div>\n\t\t\t\t<\/div>\n\t\t\t\t\t<\/div>\n\t\t<\/div>\n\t\t\t\t\t<\/div>\n\t\t<\/section>\n\t\t\t\t<section class=\"elementor-section elementor-top-section elementor-element elementor-element-8ab363e elementor-section-full_width margin-general margin-top-secondaire elementor-section-height-default elementor-section-height-default\" data-id=\"8ab363e\" data-element_type=\"section\">\n\t\t\t\t\t\t<div class=\"elementor-container elementor-column-gap-no\">\n\t\t\t\t\t<div class=\"elementor-column elementor-col-50 elementor-top-column elementor-element elementor-element-f63fd27 post-grid-secondaire post-grid-content-padding\" data-id=\"f63fd27\" data-element_type=\"column\">\n\t\t\t<div class=\"elementor-widget-wrap elementor-element-populated\">\n\t\t\t\t\t\t<div class=\"elementor-element elementor-element-71b76a7 elementor-widget elementor-widget-text-editor\" data-id=\"71b76a7\" data-element_type=\"widget\" data-widget_type=\"text-editor.default\">\n\t\t\t\t<div class=\"elementor-widget-container\">\n\t\t\t\t\t\t\t\t\t<h1>Soutenir le&nbsp;mus\u00e9e<\/h1><h2>D\u00e9couvrez les diverses mani\u00e8res de soutenir le Mus\u00e9e d\u2019histoire.<\/h2>\t\t\t\t\t\t\t\t<\/div>\n\t\t\t\t<\/div>\n\t\t\t\t\t<\/div>\n\t\t<\/div>\n\t\t\t\t<div class=\"elementor-column elementor-col-50 elementor-top-column elementor-element elementor-element-6f2f74e post-grid-secondaire no-overflow\" data-id=\"6f2f74e\" data-element_type=\"column\">\n\t\t\t<div class=\"elementor-widget-wrap elementor-element-populated\">\n\t\t\t\t\t\t<div class=\"elementor-element elementor-element-20c7eef titre-post-secondaire elementor-widget elementor-widget-heading\" data-id=\"20c7eef\" data-element_type=\"widget\" data-widget_type=\"heading.default\">\n\t\t\t\t<div class=\"elementor-widget-container\">\n\t\t\t\t\t<h1 class=\"elementor-heading-title elementor-size-default\"><a href=\"https:\/\/mhcdf.ch\/soutenir-le-musee\/dons-dobjets\/\">Dons d\u2019objets<\/a><\/h1>\t\t\t\t<\/div>\n\t\t\t\t<\/div>\n\t\t\t\t<div class=\"elementor-element elementor-element-02465b6 elementor-widget elementor-widget-image\" data-id=\"02465b6\" data-element_type=\"widget\" data-widget_type=\"image.default\">\n\t\t\t\t<div class=\"elementor-widget-container\">\n\t\t\t\t\t\t\t\t\t\t\t\t\t\t\t\t<a href=\"https:\/\/mhcdf.ch\/soutenir-le-musee\/dons-dobjets\/\">\n\t\t\t\t\t\t\t<img fetchpriority=\"high\" decoding=\"async\" width=\"1400\" height=\"934\" src=\"https:\/\/mhcdf.ch\/wp-content\/uploads\/2022\/09\/MH_dons-objets_preview.jpg\" class=\"attachment-full size-full wp-image-3830\" alt=\"Mus\u00e9e d'Histoire - Dons d'objets\" srcset=\"https:\/\/mhcdf.ch\/wp-content\/uploads\/2022\/09\/MH_dons-objets_preview.jpg 1400w, https:\/\/mhcdf.ch\/wp-content\/uploads\/2022\/09\/MH_dons-objets_preview-300x200.jpg 300w, https:\/\/mhcdf.ch\/wp-content\/uploads\/2022\/09\/MH_dons-objets_preview-1024x683.jpg 1024w, https:\/\/mhcdf.ch\/wp-content\/uploads\/2022\/09\/MH_dons-objets_preview-768x512.jpg 768w\" sizes=\"(max-width: 1400px) 100vw, 1400px\">\t\t\t\t\t\t\t\t<\/a>\n\t\t\t\t\t\t\t\t\t\t\t\t\t\t\t<\/div>\n\t\t\t\t<\/div>\n\t\t\t\t\t<\/div>\n\t\t<\/div>\n\t\t\t\t\t<\/div>\n\t\t<\/section>\n\t\t\t\t<section class=\"elementor-section elementor-top-section elementor-element elementor-element-c31750e elementor-section-full_width margin-general elementor-section-height-default elementor-section-height-default\" data-id=\"c31750e\" data-element_type=\"section\">\n\t\t\t\t\t\t<div class=\"elementor-container elementor-column-gap-no\">\n\t\t\t\t\t<div class=\"elementor-column elementor-col-50 elementor-top-column elementor-element elementor-element-d07f986 post-grid-secondaire no-overflow\" data-id=\"d07f986\" data-element_type=\"column\">\n\t\t\t<div class=\"elementor-widget-wrap elementor-element-populated\">\n\t\t\t\t\t\t<div class=\"elementor-element elementor-element-7bc3065 titre-post-secondaire elementor-widget elementor-widget-heading\" data-id=\"7bc3065\" data-element_type=\"widget\" data-widget_type=\"heading.default\">\n\t\t\t\t<div class=\"elementor-widget-container\">\n\t\t\t\t\t<h1 class=\"elementor-heading-title elementor-size-default\"><a href=\"https:\/\/mhcdf.ch\/soutenir-le-musee\/dons-dargent\/\">Dons en argent<\/a><\/h1>\t\t\t\t<\/div>\n\t\t\t\t<\/div>\n\t\t\t\t<div class=\"elementor-element elementor-element-8077220 elementor-widget elementor-widget-image\" data-id=\"8077220\" data-element_type=\"widget\" data-widget_type=\"image.default\">\n\t\t\t\t<div class=\"elementor-widget-container\">\n\t\t\t\t\t\t\t\t\t\t\t\t\t\t\t\t<a href=\"https:\/\/mhcdf.ch\/soutenir-le-musee\/dons-dargent\/\">\n\t\t\t\t\t\t\t<img decoding=\"async\" width=\"1400\" height=\"934\" src=\"https:\/\/mhcdf.ch\/wp-content\/uploads\/2022\/09\/MH_dons-argent_preview.jpg\" class=\"attachment-full size-full wp-image-3818\" alt=\"Mus\u00e9e d'Histoire - Dons en argent\" srcset=\"https:\/\/mhcdf.ch\/wp-content\/uploads\/2022\/09\/MH_dons-argent_preview.jpg 1400w, https:\/\/mhcdf.ch\/wp-content\/uploads\/2022\/09\/MH_dons-argent_preview-300x200.jpg 300w, https:\/\/mhcdf.ch\/wp-content\/uploads\/2022\/09\/MH_dons-argent_preview-1024x683.jpg 1024w, https:\/\/mhcdf.ch\/wp-content\/uploads\/2022\/09\/MH_dons-argent_preview-768x512.jpg 768w\" sizes=\"(max-width: 1400px) 100vw, 1400px\">\t\t\t\t\t\t\t\t<\/a>\n\t\t\t\t\t\t\t\t\t\t\t\t\t\t\t<\/div>\n\t\t\t\t<\/div>\n\t\t\t\t\t<\/div>\n\t\t<\/div>\n\t\t\t\t<div class=\"elementor-column elementor-col-50 elementor-top-column elementor-element elementor-element-dad16ee post-grid-secondaire no-overflow\" data-id=\"dad16ee\" data-element_type=\"column\">\n\t\t\t<div class=\"elementor-widget-wrap elementor-element-populated\">\n\t\t\t\t\t\t<div class=\"elementor-element elementor-element-53f88f2 titre-post-secondaire elementor-widget elementor-widget-heading\" data-id=\"53f88f2\" data-element_type=\"widget\" data-widget_type=\"heading.default\">\n\t\t\t\t<div class=\"elementor-widget-container\">\n\t\t\t\t\t<h1 class=\"elementor-heading-title elementor-size-default\"><a href=\"https:\/\/mhcdf.ch\/soutenir-le-musee\/benevolat\/\">B\u00e9n\u00e9volat<\/a><\/h1>\t\t\t\t<\/div>\n\t\t\t\t<\/div>\n\t\t\t\t<div class=\"elementor-element elementor-element-2e1d050 elementor-widget elementor-widget-image\" data-id=\"2e1d050\" data-element_type=\"widget\" data-widget_type=\"image.default\">\n\t\t\t\t<div class=\"elementor-widget-container\">\n\t\t\t\t\t\t\t\t\t\t\t\t\t\t\t\t<a href=\"https:\/\/mhcdf.ch\/soutenir-le-musee\/benevolat\/\">\n\t\t\t\t\t\t\t<img decoding=\"async\" width=\"1400\" height=\"934\" src=\"https:\/\/mhcdf.ch\/wp-content\/uploads\/2022\/09\/MH_benevolat_preview.jpg\" class=\"attachment-full size-full wp-image-3824\" alt=\"Mus\u00e9e d'Histoire - B\u00e9n\u00e9volat\" srcset=\"https:\/\/mhcdf.ch\/wp-content\/uploads\/2022\/09\/MH_benevolat_preview.jpg 1400w, https:\/\/mhcdf.ch\/wp-content\/uploads\/2022\/09\/MH_benevolat_preview-300x200.jpg 300w, https:\/\/mhcdf.ch\/wp-content\/uploads\/2022\/09\/MH_benevolat_preview-1024x683.jpg 1024w, https:\/\/mhcdf.ch\/wp-content\/uploads\/2022\/09\/MH_benevolat_preview-768x512.jpg 768w\" sizes=\"(max-width: 1400px) 100vw, 1400px\">\t\t\t\t\t\t\t\t<\/a>\n\t\t\t\t\t\t\t\t\t\t\t\t\t\t\t<\/div>\n\t\t\t\t<\/div>\n\t\t\t\t\t<\/div>\n\t\t<\/div>\n\t\t\t\t\t<\/div>\n\t\t<\/section>\n\t\t\t\t<\/div>\n\t\t","protected":false},"excerpt":{"rendered":"<p>Le mus\u00e9e Soutenir le&nbsp;mus\u00e9e D\u00e9couvrez les diverses mani\u00e8res de soutenir le Mus\u00e9e d\u2019histoire. Dons d\u2019objets Dons en argent B\u00e9n\u00e9volat<\/p>\n","protected":false},"author":1,"featured_media":0,"parent":0,"menu_order":0,"comment_status":"closed","ping_status":"closed","template":"elementor_header_footer","meta":{"_acf_changed":false,"wp_typography_post_enhancements_disabled":false,"footnotes":""},"class_list":["post-1011","page","type-page","status-publish","hentry"],"acf":[],"publishpress_future_workflow_manual_trigger":{"enabledWorkflows":[]},"_links":{"self":[{"href":"https:\/\/mhcdf.ch\/en\/wp-json\/wp\/v2\/pages\/1011","targetHints":{"allow":["GET"]}}],"collection":[{"href":"https:\/\/mhcdf.ch\/en\/wp-json\/wp\/v2\/pages"}],"about":[{"href":"https:\/\/mhcdf.ch\/en\/wp-json\/wp\/v2\/types\/page"}],"author":[{"embeddable":true,"href":"https:\/\/mhcdf.ch\/en\/wp-json\/wp\/v2\/users\/1"}],"replies":[{"embeddable":true,"href":"https:\/\/mhcdf.ch\/en\/wp-json\/wp\/v2\/comments?post=1011"}],"version-history":[{"count":55,"href":"https:\/\/mhcdf.ch\/en\/wp-json\/wp\/v2\/pages\/1011\/revisions"}],"predecessor-version":[{"id":5794,"href":"https:\/\/mhcdf.ch\/en\/wp-json\/wp\/v2\/pages\/1011\/revisions\/5794"}],"wp:attachment":[{"href":"https:\/\/mhcdf.ch\/en\/wp-json\/wp\/v2\/media?parent=1011"}],"curies":[{"name":"wp","href":"https:\/\/api.w.org\/{rel}","templated":true}]}}