{"id":8182,"date":"2025-06-25T09:41:44","date_gmt":"2025-06-25T09:41:44","guid":{"rendered":"https:\/\/mhcdf.ch\/?page_id=8182"},"modified":"2025-06-25T09:45:47","modified_gmt":"2025-06-25T09:45:47","slug":"amis-du-musee","status":"publish","type":"page","link":"https:\/\/mhcdf.ch\/de\/amis-du-musee\/","title":{"rendered":"Amis du&nbsp;mus\u00e9e"},"content":{"rendered":"\t\t<div data-elementor-type=\"wp-page\" data-elementor-id=\"8182\" class=\"elementor elementor-8182\" data-elementor-post-type=\"page\">\n\t\t\t\t\t\t<section class=\"elementor-section elementor-top-section elementor-element elementor-element-efc51f3 elementor-section-full_width header-home header-page-externe elementor-section-height-default elementor-section-height-default\" data-id=\"efc51f3\" data-element_type=\"section\">\n\t\t\t\t\t\t<div class=\"elementor-container elementor-column-gap-default\">\n\t\t\t\t\t<div class=\"elementor-column elementor-col-100 elementor-top-column elementor-element elementor-element-df45a02 header-marge\" data-id=\"df45a02\" data-element_type=\"column\" data-settings=\"{&quot;background_background&quot;:&quot;classic&quot;}\">\n\t\t\t<div class=\"elementor-widget-wrap elementor-element-populated\">\n\t\t\t\t\t\t<div class=\"elementor-element elementor-element-9908153 titre-haut-page elementor-widget elementor-widget-text-editor\" data-id=\"9908153\" data-element_type=\"widget\" data-widget_type=\"text-editor.default\">\n\t\t\t\t<div class=\"elementor-widget-container\">\n\t\t\t\t\t\t\t\t\t<h1>Le mus\u00e9e<\/h1>\t\t\t\t\t\t\t\t<\/div>\n\t\t\t\t<\/div>\n\t\t\t\t\t<\/div>\n\t\t<\/div>\n\t\t\t\t\t<\/div>\n\t\t<\/section>\n\t\t\t\t<section class=\"elementor-section elementor-top-section elementor-element elementor-element-55e244e elementor-section-full_width separation-1unite menu-secondaire-fixed elementor-section-height-default elementor-section-height-default\" data-id=\"55e244e\" data-element_type=\"section\" data-settings=\"{&quot;background_background&quot;:&quot;classic&quot;}\">\n\t\t\t\t\t\t<div class=\"elementor-container elementor-column-gap-no\">\n\t\t\t\t\t<div class=\"elementor-column elementor-col-100 elementor-top-column elementor-element elementor-element-fd66dfd\" data-id=\"fd66dfd\" data-element_type=\"column\">\n\t\t\t<div class=\"elementor-widget-wrap elementor-element-populated\">\n\t\t\t\t\t\t<div class=\"elementor-element elementor-element-832975b page-content-titre-menu elementor-widget elementor-widget-shortcode\" data-id=\"832975b\" data-element_type=\"widget\" data-widget_type=\"shortcode.default\">\n\t\t\t\t<div class=\"elementor-widget-container\">\n\t\t\t\t\t\t\t<div class=\"elementor-shortcode\"><\/div>\n\t\t\t\t\t\t<\/div>\n\t\t\t\t<\/div>\n\t\t\t\t<div class=\"elementor-element elementor-element-b17ab51 elementor-nav-menu__align-center elementor-nav-menu--dropdown-mobile menu-secondaire elementor-nav-menu__text-align-aside elementor-nav-menu--toggle elementor-nav-menu--burger elementor-widget elementor-widget-global elementor-global-458 elementor-widget-nav-menu\" data-id=\"b17ab51\" data-element_type=\"widget\" data-settings=\"{&quot;layout&quot;:&quot;horizontal&quot;,&quot;submenu_icon&quot;:{&quot;value&quot;:&quot;fas fa-caret-down&quot;,&quot;library&quot;:&quot;fa-solid&quot;},&quot;toggle&quot;:&quot;burger&quot;}\" data-widget_type=\"nav-menu.default\">\n\t\t\t\t<div class=\"elementor-widget-container\">\n\t\t\t\t\t\t\t\t<nav aria-label=\"Men\u00fc\" class=\"elementor-nav-menu--main elementor-nav-menu__container elementor-nav-menu--layout-horizontal e--pointer-none\">\n\t\t\t\t<ul id=\"menu-1-b17ab51\" class=\"elementor-nav-menu\"><li class=\"menu-item menu-item-type-post_type menu-item-object-page menu-item-965\"><a href=\"https:\/\/mhcdf.ch\/de\/historique\/\" class=\"elementor-item\">historique<\/a><\/li>\n<li class=\"menu-item menu-item-type-post_type menu-item-object-page menu-item-877\"><a href=\"https:\/\/mhcdf.ch\/de\/collections\/\" class=\"elementor-item\">collections<\/a><\/li>\n<li class=\"menu-item menu-item-type-post_type menu-item-object-page menu-item-1045\"><a href=\"https:\/\/mhcdf.ch\/de\/soutenir-le-musee\/\" class=\"elementor-item\">soutenir le&nbsp;mus\u00e9e<\/a><\/li>\n<li class=\"menu-item menu-item-type-post_type menu-item-object-page menu-item-8245\"><a href=\"https:\/\/mhcdf.ch\/de\/amis-du-musee\/\" class=\"elementor-item\">Amis du&nbsp;mus\u00e9e<\/a><\/li>\n<li class=\"menu-item menu-item-type-post_type menu-item-object-page menu-item-8377\"><a href=\"https:\/\/mhcdf.ch\/de\/coulisses\/\" class=\"elementor-item\">Coulisses<\/a><\/li>\n<\/ul>\t\t\t<\/nav>\n\t\t\t\t\t<div class=\"elementor-menu-toggle\" role=\"button\" tabindex=\"0\" aria-label=\"Men\u00fc Umschalter\" aria-expanded=\"false\">\n\t\t\t<i aria-hidden=\"true\" role=\"presentation\" class=\"elementor-menu-toggle__icon--open eicon-menu-bar\"><\/i><i aria-hidden=\"true\" role=\"presentation\" class=\"elementor-menu-toggle__icon--close eicon-close\"><\/i>\t\t<\/div>\n\t\t\t\t\t<nav class=\"elementor-nav-menu--dropdown elementor-nav-menu__container\" aria-hidden=\"true\">\n\t\t\t\t<ul id=\"menu-2-b17ab51\" class=\"elementor-nav-menu\"><li class=\"menu-item menu-item-type-post_type menu-item-object-page menu-item-965\"><a href=\"https:\/\/mhcdf.ch\/de\/historique\/\" class=\"elementor-item\" tabindex=\"-1\">historique<\/a><\/li>\n<li class=\"menu-item menu-item-type-post_type menu-item-object-page menu-item-877\"><a href=\"https:\/\/mhcdf.ch\/de\/collections\/\" class=\"elementor-item\" tabindex=\"-1\">collections<\/a><\/li>\n<li class=\"menu-item menu-item-type-post_type menu-item-object-page menu-item-1045\"><a href=\"https:\/\/mhcdf.ch\/de\/soutenir-le-musee\/\" class=\"elementor-item\" tabindex=\"-1\">soutenir le&nbsp;mus\u00e9e<\/a><\/li>\n<li class=\"menu-item menu-item-type-post_type menu-item-object-page menu-item-8245\"><a href=\"https:\/\/mhcdf.ch\/de\/amis-du-musee\/\" class=\"elementor-item\" tabindex=\"-1\">Amis du&nbsp;mus\u00e9e<\/a><\/li>\n<li class=\"menu-item menu-item-type-post_type menu-item-object-page menu-item-8377\"><a href=\"https:\/\/mhcdf.ch\/de\/coulisses\/\" class=\"elementor-item\" tabindex=\"-1\">Coulisses<\/a><\/li>\n<\/ul>\t\t\t<\/nav>\n\t\t\t\t\t\t<\/div>\n\t\t\t\t<\/div>\n\t\t\t\t\t<\/div>\n\t\t<\/div>\n\t\t\t\t\t<\/div>\n\t\t<\/section>\n\t\t\t\t<section class=\"elementor-section elementor-top-section elementor-element elementor-element-625981e elementor-section-full_width margin-general margin-top-secondaire margin-bottom-secondaire elementor-section-height-default elementor-section-height-default\" data-id=\"625981e\" data-element_type=\"section\">\n\t\t\t\t\t\t<div class=\"elementor-container elementor-column-gap-no\">\n\t\t\t\t\t<div class=\"elementor-column elementor-col-50 elementor-top-column elementor-element elementor-element-8a2e29a post-grid-content post-grid-content-padding\" data-id=\"8a2e29a\" data-element_type=\"column\" data-settings=\"{&quot;background_background&quot;:&quot;classic&quot;}\">\n\t\t\t<div class=\"elementor-widget-wrap elementor-element-populated\">\n\t\t\t\t\t\t<section class=\"elementor-section elementor-inner-section elementor-element elementor-element-a070a24 elementor-section-boxed elementor-section-height-default elementor-section-height-default\" data-id=\"a070a24\" data-element_type=\"section\">\n\t\t\t\t\t\t<div class=\"elementor-container elementor-column-gap-default\">\n\t\t\t\t\t<div class=\"elementor-column elementor-col-100 elementor-inner-column elementor-element elementor-element-4358134 page-content-titre\" data-id=\"4358134\" data-element_type=\"column\">\n\t\t\t<div class=\"elementor-widget-wrap elementor-element-populated\">\n\t\t\t\t\t\t<div class=\"elementor-element elementor-element-ea94373 elementor-widget elementor-widget-heading\" data-id=\"ea94373\" data-element_type=\"widget\" data-widget_type=\"heading.default\">\n\t\t\t\t<div class=\"elementor-widget-container\">\n\t\t\t\t\t<h1 class=\"elementor-heading-title elementor-size-default\">Amis du&nbsp;Mus\u00e9e<\/h1>\t\t\t\t<\/div>\n\t\t\t\t<\/div>\n\t\t\t\t\t<\/div>\n\t\t<\/div>\n\t\t\t\t\t<\/div>\n\t\t<\/section>\n\t\t\t\t<div class=\"elementor-element elementor-element-1a76319 page-content-arrow-back btn-retour btn-click-retour elementor-widget elementor-widget-global elementor-global-296 elementor-widget-image\" data-id=\"1a76319\" data-element_type=\"widget\" data-widget_type=\"image.default\">\n\t\t\t\t<div class=\"elementor-widget-container\">\n\t\t\t\t\t\t\t\t\t\t\t\t\t\t\t<img decoding=\"async\" width=\"30\" height=\"30\" src=\"https:\/\/mhcdf.ch\/wp-content\/uploads\/2022\/04\/mh_arrowleft_typo_decale.svg\" class=\"attachment-full size-full wp-image-669\" alt>\t\t\t\t\t\t\t\t\t\t\t\t\t\t\t<\/div>\n\t\t\t\t<\/div>\n\t\t\t\t<div class=\"elementor-element elementor-element-57e3b35 page-content-accroche elementor-widget elementor-widget-text-editor\" data-id=\"57e3b35\" data-element_type=\"widget\" data-widget_type=\"text-editor.default\">\n\t\t\t\t<div class=\"elementor-widget-container\">\n\t\t\t\t\t\t\t\t\t<h2>Soci\u00e9t\u00e9 des Amis du Mus\u00e9e d\u2019histoire (SAMH)<\/h2><p>En adh\u00e9rant \u00e0 la Soci\u00e9t\u00e9 des Amis du Mus\u00e9e d\u2019histoire (SAMH), fond\u00e9e en janvier 2000, vous manifestez votre attachement \u00e0 cette institution, en favorisant le d\u00e9veloppement de ses activit\u00e9s, l\u2019enrichissement de ses collections et leur mise en valeur, son ouverture \u00e0 un public plus large et son attractivit\u00e9 pour les jeunes g\u00e9n\u00e9rations.<\/p><p><a href=\"https:\/\/mhcdf.ch\/wp-content\/uploads\/2025\/01\/2.-SAMH_Statuts2024_BRC.pdf\" target=\"_blank\" rel=\"noopener\">Statuts<\/a><\/p><h2>Activit\u00e9s<\/h2><p>La Soci\u00e9t\u00e9 des Amis du Mus\u00e9e d\u2019histoire organise \u00e0 l\u2019intention de ses membres des visites comment\u00e9es, des conf\u00e9rences, des excursions th\u00e9matiques, des visites de b\u00e2timent ou de lieux normalement ferm\u00e9s au public.<\/p><p>D\u00e9couvrez les <a href=\"https:\/\/mhcdf.ch\/agenda\/\">animations du Mus\u00e9e ici<\/a>.<\/p><p><a href=\"https:\/\/mhcdf.ch\/wp-content\/uploads\/2023\/02\/rapport-activite-SAMH_2022_BRC.pdf\" target=\"_blank\" rel=\"noopener\">Rapport d\u2019activit\u00e9 2021\u200a\u2013\u200a2022<\/a><\/p><p><a href=\"https:\/\/mhcdf.ch\/wp-content\/uploads\/2024\/03\/SAMH_2023_BRC.pdf\" target=\"_blank\" rel=\"noopener\">Rapport d\u2019activit\u00e9 2022\u200a\u2013\u200a2023<\/a><\/p><p><a href=\"https:\/\/mhcdf.ch\/wp-content\/uploads\/2025\/01\/SAMH_2024_BRC.pdf\" target=\"_blank\" rel=\"noopener\">Rapport d\u2019activit\u00e9 2023\u200a\u2013\u200a2024<\/a><\/p><h2>Comit\u00e9<\/h2><table><tbody><tr><td>Pr\u00e9sidente<\/td><td><p>Carmen BROSSARD<\/p><p><a href=\"mailto:carmen.brossard@bluewin.ch\">carmen.brossard@bluewin.ch<\/a><\/p><\/td><\/tr><tr><td>Secr\u00e9taire<\/td><td>David JUCKER<\/td><\/tr><tr><td>Caissi\u00e8re<\/td><td>France-Dominique STUDER<\/td><\/tr><tr><td>Membres<\/td><td><p>Liane BERBERAT<br>Julien GRESSOT<br>Marianne LEBET<br>Martine NOIRJEAN DE CEUNINCK <br>Blaise NUSSBAUM <br>Fran\u00e7ois OCHSNER<\/p><\/td><\/tr><\/tbody><\/table><h2>Devenir membre de la&nbsp;SAMH<\/h2>\t\t<div data-elementor-type=\"section\" data-elementor-id=\"998\" class=\"elementor elementor-998\" data-elementor-post-type=\"elementor_library\">\n\t\t\t\t\t<section class=\"elementor-section elementor-top-section elementor-element elementor-element-90311f1 elementor-section-full_width elementor-section-height-default elementor-section-height-default\" data-id=\"90311f1\" data-element_type=\"section\">\n\t\t\t\t\t\t<div class=\"elementor-container elementor-column-gap-default\">\n\t\t\t\t\t<div class=\"elementor-column elementor-col-100 elementor-top-column elementor-element elementor-element-932d614\" data-id=\"932d614\" data-element_type=\"column\">\n\t\t\t<div class=\"elementor-widget-wrap elementor-element-populated\">\n\t\t\t\t\t\t<div class=\"elementor-element elementor-element-9d4a38a toggle-inside-content elementor-widget elementor-widget-toggle\" data-id=\"9d4a38a\" data-element_type=\"widget\" data-widget_type=\"toggle.default\">\n\t\t\t\t<div class=\"elementor-widget-container\">\n\t\t\t\t\t\t\t<div class=\"elementor-toggle\">\n\t\t\t\t\t\t\t<div class=\"elementor-toggle-item\">\n\t\t\t\t\t<div id=\"elementor-tab-title-1641\" class=\"elementor-tab-title\" data-tab=\"1\" role=\"button\" aria-controls=\"elementor-tab-content-1641\" aria-expanded=\"false\">\n\t\t\t\t\t\t\t\t\t\t\t\t<span class=\"elementor-toggle-icon elementor-toggle-icon-right\" aria-hidden=\"true\">\n\t\t\t\t\t\t\t\t\t\t\t\t\t\t\t<span class=\"elementor-toggle-icon-closed\"><svg id=\"Calque_1\" x=\"0px\" y=\"0px\" viewBox=\"0 0 30 30\" style=\"enable-background:new 0 0 30 30;\" xml:space=\"preserve\" xmlns:xlink=\"http:\/\/www.w3.org\/1999\/xlink\"> <style type=\"text\/css\"> .st0{enable-background:new ;} .st1{fill:#232323;} <\/style> <g class=\"st0\"> <path class=\"st1\" d=\"M7.8,15.2l4.5,4.4c0.5,0.5,1.1,1.2,1.6,1.7c0-1.2,0-1.8,0-2.4V4.8h2.3V19c0,0.6,0,1.1,0,2.4 c0.5-0.6,1.2-1.2,1.7-1.8l4.4-4.4v3.3L15,25.3l-7.3-6.8L7.8,15.2L7.8,15.2z\" \/> <\/g> <\/svg><\/span>\n\t\t\t\t\t\t\t\t<span class=\"elementor-toggle-icon-opened\"><svg id=\"Calque_1\" x=\"0px\" y=\"0px\" viewBox=\"0 0 30 30\" style=\"enable-background:new 0 0 30 30;\" xml:space=\"preserve\" xmlns:xlink=\"http:\/\/www.w3.org\/1999\/xlink\"> <style type=\"text\/css\"> .st0{enable-background:new ;} .st1{fill:#232323;} <\/style> <g class=\"st0\"> <path class=\"st1\" d=\"M22.2,14.9l-4.5-4.4c-0.5-0.5-1.1-1.2-1.6-1.7c0,1.2,0,1.8,0,2.4v14.1h-2.3V11.1c0-0.6,0-1.1,0-2.4 c-0.5,0.6-1.2,1.2-1.7,1.8l-4.4,4.4v-3.3L15,4.8l7.3,6.8L22.2,14.9L22.2,14.9z\" \/> <\/g> <\/svg><\/span>\n\t\t\t\t\t\t\t\t\t\t\t\t\t<\/span>\n\t\t\t\t\t\t\t\t\t\t\t\t<a class=\"elementor-toggle-title\" tabindex=\"0\">Avantages<\/a>\n\t\t\t\t\t<\/div>\n\n\t\t\t\t\t<div id=\"elementor-tab-content-1641\" class=\"elementor-tab-content elementor-clearfix\" data-tab=\"1\" role=\"region\" aria-labelledby=\"elementor-tab-title-1641\"><ul>\n \t<li>Entr\u00e9e gratuite au&nbsp;Mus\u00e9e<\/li>\n \t<li>R\u00e9ductions de 10% sur certaines publications<\/li>\n \t<li>Achat \u00e0 prix r\u00e9duit de la carte des mus\u00e9es neuch\u00e2telois<\/li>\n \t<li>Information sur toutes les activit\u00e9s du&nbsp;mus\u00e9e<\/li>\n<\/ul><\/div>\n\t\t\t\t<\/div>\n\t\t\t\t\t\t\t<div class=\"elementor-toggle-item\">\n\t\t\t\t\t<div id=\"elementor-tab-title-1642\" class=\"elementor-tab-title\" data-tab=\"2\" role=\"button\" aria-controls=\"elementor-tab-content-1642\" aria-expanded=\"false\">\n\t\t\t\t\t\t\t\t\t\t\t\t<span class=\"elementor-toggle-icon elementor-toggle-icon-right\" aria-hidden=\"true\">\n\t\t\t\t\t\t\t\t\t\t\t\t\t\t\t<span class=\"elementor-toggle-icon-closed\"><svg id=\"Calque_1\" x=\"0px\" y=\"0px\" viewBox=\"0 0 30 30\" style=\"enable-background:new 0 0 30 30;\" xml:space=\"preserve\" xmlns:xlink=\"http:\/\/www.w3.org\/1999\/xlink\"> <style type=\"text\/css\"> .st0{enable-background:new ;} .st1{fill:#232323;} <\/style> <g class=\"st0\"> <path class=\"st1\" d=\"M7.8,15.2l4.5,4.4c0.5,0.5,1.1,1.2,1.6,1.7c0-1.2,0-1.8,0-2.4V4.8h2.3V19c0,0.6,0,1.1,0,2.4 c0.5-0.6,1.2-1.2,1.7-1.8l4.4-4.4v3.3L15,25.3l-7.3-6.8L7.8,15.2L7.8,15.2z\" \/> <\/g> <\/svg><\/span>\n\t\t\t\t\t\t\t\t<span class=\"elementor-toggle-icon-opened\"><svg id=\"Calque_1\" x=\"0px\" y=\"0px\" viewBox=\"0 0 30 30\" style=\"enable-background:new 0 0 30 30;\" xml:space=\"preserve\" xmlns:xlink=\"http:\/\/www.w3.org\/1999\/xlink\"> <style type=\"text\/css\"> .st0{enable-background:new ;} .st1{fill:#232323;} <\/style> <g class=\"st0\"> <path class=\"st1\" d=\"M22.2,14.9l-4.5-4.4c-0.5-0.5-1.1-1.2-1.6-1.7c0,1.2,0,1.8,0,2.4v14.1h-2.3V11.1c0-0.6,0-1.1,0-2.4 c-0.5,0.6-1.2,1.2-1.7,1.8l-4.4,4.4v-3.3L15,4.8l7.3,6.8L22.2,14.9L22.2,14.9z\" \/> <\/g> <\/svg><\/span>\n\t\t\t\t\t\t\t\t\t\t\t\t\t<\/span>\n\t\t\t\t\t\t\t\t\t\t\t\t<a class=\"elementor-toggle-title\" tabindex=\"0\">Cotisations<\/a>\n\t\t\t\t\t<\/div>\n\n\t\t\t\t\t<div id=\"elementor-tab-content-1642\" class=\"elementor-tab-content elementor-clearfix\" data-tab=\"2\" role=\"region\" aria-labelledby=\"elementor-tab-title-1642\"><p>Les cotisations permettent \u00e0 chacun de manifester son int\u00e9r\u00eat pour le&nbsp;mus\u00e9e&nbsp;:<\/p><table><tbody><tr><td>Apprenti, \u00e9tudiant, ch\u00f4meur<\/td><td>CHF 15.-<\/td><\/tr><tr><td>Membre individuel<\/td><td>CHF 20.-<\/td><\/tr><tr><td>Couple\/famille<\/td><td>CHF 25.-<\/td><\/tr><tr><td>Membre-soutien<\/td><td>CHF 25.-<\/td><\/tr><tr><td>Entreprise\/collectivit\u00e9<\/td><td>CHF 40.-<\/td><\/tr><\/tbody><\/table><p>Pour adh\u00e9rer, veuillez contacter la caissi\u00e8re de la&nbsp;SAMH&nbsp;:<\/p><p>Mme France-Dominique Studer<br>Rue du Chalet 15<br>2300 La Chaux-de-Fonds<br>E\u2011mail : <a href=\"mailto:studer.fam@bluewin.ch\">studer.fam@bluewin.ch<\/a><\/p><p>Compte de la SAMH: CH31 0900 0000 1767 7306&nbsp;7<\/p><\/div>\n\t\t\t\t<\/div>\n\t\t\t\t\t\t\t\t<\/div>\n\t\t\t\t\t\t<\/div>\n\t\t\t\t<\/div>\n\t\t\t\t\t<\/div>\n\t\t<\/div>\n\t\t\t\t\t<\/div>\n\t\t<\/section>\n\t\t\t\t<\/div>\n\t\t\t\t\t\t\t\t\t\t<\/div>\n\t\t\t\t<\/div>\n\t\t\t\t\t<\/div>\n\t\t<\/div>\n\t\t\t\t<div class=\"elementor-column elementor-col-50 elementor-top-column elementor-element elementor-element-43c5c2b post-grid-content\" data-id=\"43c5c2b\" data-element_type=\"column\" data-settings=\"{&quot;background_background&quot;:&quot;classic&quot;}\">\n\t\t\t<div class=\"elementor-widget-wrap elementor-element-populated\">\n\t\t\t\t\t\t<div class=\"elementor-element elementor-element-2debdb1 elementor-widget elementor-widget-image\" data-id=\"2debdb1\" data-element_type=\"widget\" data-widget_type=\"image.default\">\n\t\t\t\t<div class=\"elementor-widget-container\">\n\t\t\t\t\t\t\t\t\t\t\t\t\t\t\t<img fetchpriority=\"high\" decoding=\"async\" width=\"1190\" height=\"1587\" src=\"https:\/\/mhcdf.ch\/wp-content\/uploads\/2022\/09\/MH_amis-musee.jpg\" class=\"attachment-full size-full wp-image-3709\" alt=\"Amis du Mus\u00e9e\" srcset=\"https:\/\/mhcdf.ch\/wp-content\/uploads\/2022\/09\/MH_amis-musee.jpg 1190w, https:\/\/mhcdf.ch\/wp-content\/uploads\/2022\/09\/MH_amis-musee-225x300.jpg 225w, https:\/\/mhcdf.ch\/wp-content\/uploads\/2022\/09\/MH_amis-musee-768x1024.jpg 768w, https:\/\/mhcdf.ch\/wp-content\/uploads\/2022\/09\/MH_amis-musee-1152x1536.jpg 1152w\" sizes=\"(max-width: 1190px) 100vw, 1190px\">\t\t\t\t\t\t\t\t\t\t\t\t\t\t\t<\/div>\n\t\t\t\t<\/div>\n\t\t\t\t\t<\/div>\n\t\t<\/div>\n\t\t\t\t\t<\/div>\n\t\t<\/section>\n\t\t\t\t<\/div>\n\t\t","protected":false},"excerpt":{"rendered":"<p>Le mus\u00e9e Amis du&nbsp;Mus\u00e9e Soci\u00e9t\u00e9 des Amis du Mus\u00e9e d\u2019histoire (SAMH) En adh\u00e9rant \u00e0 la Soci\u00e9t\u00e9 des Amis du Mus\u00e9e d\u2019histoire (SAMH), fond\u00e9e en janvier 2000, vous manifestez votre attachement \u00e0 cette institution, en favorisant le d\u00e9veloppement de ses activit\u00e9s, l\u2019enrichissement de ses collections et leur mise en valeur, son ouverture \u00e0 un public plus&nbsp;[\u2026]<\/p>\n","protected":false},"author":2,"featured_media":0,"parent":0,"menu_order":0,"comment_status":"closed","ping_status":"closed","template":"elementor_header_footer","meta":{"_acf_changed":false,"wp_typography_post_enhancements_disabled":false,"footnotes":""},"class_list":["post-8182","page","type-page","status-publish","hentry"],"acf":[],"publishpress_future_workflow_manual_trigger":{"enabledWorkflows":[]},"_links":{"self":[{"href":"https:\/\/mhcdf.ch\/de\/wp-json\/wp\/v2\/pages\/8182","targetHints":{"allow":["GET"]}}],"collection":[{"href":"https:\/\/mhcdf.ch\/de\/wp-json\/wp\/v2\/pages"}],"about":[{"href":"https:\/\/mhcdf.ch\/de\/wp-json\/wp\/v2\/types\/page"}],"author":[{"embeddable":true,"href":"https:\/\/mhcdf.ch\/de\/wp-json\/wp\/v2\/users\/2"}],"replies":[{"embeddable":true,"href":"https:\/\/mhcdf.ch\/de\/wp-json\/wp\/v2\/comments?post=8182"}],"version-history":[{"count":9,"href":"https:\/\/mhcdf.ch\/de\/wp-json\/wp\/v2\/pages\/8182\/revisions"}],"predecessor-version":[{"id":8244,"href":"https:\/\/mhcdf.ch\/de\/wp-json\/wp\/v2\/pages\/8182\/revisions\/8244"}],"wp:attachment":[{"href":"https:\/\/mhcdf.ch\/de\/wp-json\/wp\/v2\/media?parent=8182"}],"curies":[{"name":"wp","href":"https:\/\/api.w.org\/{rel}","templated":true}]}}