{"id":2805,"date":"2022-05-05T13:28:44","date_gmt":"2022-05-05T13:28:44","guid":{"rendered":"http:\/\/cs6nvasrbe.preview.infomaniak.website\/tim-tandem-im-museum\/"},"modified":"2022-06-01T12:20:41","modified_gmt":"2022-06-01T12:20:41","slug":"tim-tandem-im-museum","status":"publish","type":"page","link":"https:\/\/mhcdf.ch\/de\/tim-tandem-im-museum\/","title":{"rendered":"TiM \u2013 Tandem im Museum"},"content":{"rendered":"\t\t<div data-elementor-type=\"wp-page\" data-elementor-id=\"2805\" class=\"elementor elementor-2805\" data-elementor-post-type=\"page\">\n\t\t\t\t\t\t<section class=\"elementor-section elementor-top-section elementor-element elementor-element-03a616b elementor-section-full_width header-home header-page-externe elementor-section-height-default elementor-section-height-default\" data-id=\"03a616b\" data-element_type=\"section\">\n\t\t\t\t\t\t<div class=\"elementor-container elementor-column-gap-default\">\n\t\t\t\t\t<div class=\"elementor-column elementor-col-100 elementor-top-column elementor-element elementor-element-358e81a header-marge\" data-id=\"358e81a\" data-element_type=\"column\" data-settings=\"{&quot;background_background&quot;:&quot;classic&quot;}\">\n\t\t\t<div class=\"elementor-widget-wrap elementor-element-populated\">\n\t\t\t\t\t\t<div class=\"elementor-element elementor-element-c50f416 titre-haut-page elementor-widget elementor-widget-text-editor\" data-id=\"c50f416\" data-element_type=\"widget\" data-widget_type=\"text-editor.default\">\n\t\t\t\t<div class=\"elementor-widget-container\">\n\t\t\t\t\t\t\t\t\t<h1>Pr\u00e9parer sa visite<\/h1>\t\t\t\t\t\t\t\t<\/div>\n\t\t\t\t<\/div>\n\t\t\t\t\t<\/div>\n\t\t<\/div>\n\t\t\t\t\t<\/div>\n\t\t<\/section>\n\t\t\t\t<section class=\"elementor-section elementor-top-section elementor-element elementor-element-4b61538 separation-1unite menu-secondaire-fixed elementor-section-full_width elementor-section-content-top elementor-section-height-default elementor-section-height-default\" data-id=\"4b61538\" data-element_type=\"section\" data-settings=\"{&quot;background_background&quot;:&quot;classic&quot;}\">\n\t\t\t\t\t\t<div class=\"elementor-container elementor-column-gap-default\">\n\t\t\t\t\t<div class=\"elementor-column elementor-col-100 elementor-top-column elementor-element elementor-element-42063da\" data-id=\"42063da\" data-element_type=\"column\">\n\t\t\t<div class=\"elementor-widget-wrap elementor-element-populated\">\n\t\t\t\t\t\t<div class=\"elementor-element elementor-element-2af7053 page-content-titre-menu elementor-widget elementor-widget-shortcode\" data-id=\"2af7053\" data-element_type=\"widget\" data-widget_type=\"shortcode.default\">\n\t\t\t\t<div class=\"elementor-widget-container\">\n\t\t\t\t\t\t\t<div class=\"elementor-shortcode\"><\/div>\n\t\t\t\t\t\t<\/div>\n\t\t\t\t<\/div>\n\t\t\t\t<div class=\"elementor-element elementor-element-084bb99 elementor-nav-menu__align-center elementor-nav-menu--dropdown-mobile menu-secondaire elementor-nav-menu__text-align-aside elementor-nav-menu--toggle elementor-nav-menu--burger elementor-widget elementor-widget-global elementor-global-323 elementor-widget-nav-menu\" data-id=\"084bb99\" data-element_type=\"widget\" data-settings=\"{&quot;layout&quot;:&quot;horizontal&quot;,&quot;submenu_icon&quot;:{&quot;value&quot;:&quot;fas fa-caret-down&quot;,&quot;library&quot;:&quot;fa-solid&quot;},&quot;toggle&quot;:&quot;burger&quot;}\" data-widget_type=\"nav-menu.default\">\n\t\t\t\t<div class=\"elementor-widget-container\">\n\t\t\t\t\t\t\t\t<nav aria-label=\"Men\u00fc\" class=\"elementor-nav-menu--main elementor-nav-menu__container elementor-nav-menu--layout-horizontal e--pointer-none\">\n\t\t\t\t<ul id=\"menu-1-084bb99\" class=\"elementor-nav-menu\"><li class=\"menu-item menu-item-type-post_type menu-item-object-page menu-item-1117\"><a href=\"https:\/\/mhcdf.ch\/de\/culture-inclusive\/\" class=\"elementor-item\">culture inclusive<\/a><\/li>\n<li class=\"menu-item menu-item-type-post_type menu-item-object-page menu-item-391\"><a href=\"https:\/\/mhcdf.ch\/de\/jeune-public\/\" class=\"elementor-item\">jeune public<\/a><\/li>\n<li class=\"menu-item menu-item-type-post_type menu-item-object-page menu-item-273\"><a href=\"https:\/\/mhcdf.ch\/de\/espace-ludique\/\" class=\"elementor-item\">espace ludique<\/a><\/li>\n<li class=\"menu-item menu-item-type-post_type menu-item-object-page menu-item-1233\"><a href=\"https:\/\/mhcdf.ch\/de\/entreprises-2\/\" class=\"elementor-item\">entreprises<\/a><\/li>\n<li class=\"menu-item menu-item-type-post_type menu-item-object-page menu-item-397\"><a href=\"https:\/\/mhcdf.ch\/de\/ecoles\/\" class=\"elementor-item\">\u00e9coles<\/a><\/li>\n<\/ul>\t\t\t<\/nav>\n\t\t\t\t\t<div class=\"elementor-menu-toggle\" role=\"button\" tabindex=\"0\" aria-label=\"Men\u00fc Umschalter\" aria-expanded=\"false\">\n\t\t\t<i aria-hidden=\"true\" role=\"presentation\" class=\"elementor-menu-toggle__icon--open eicon-menu-bar\"><\/i><i aria-hidden=\"true\" role=\"presentation\" class=\"elementor-menu-toggle__icon--close eicon-close\"><\/i>\t\t<\/div>\n\t\t\t\t\t<nav class=\"elementor-nav-menu--dropdown elementor-nav-menu__container\" aria-hidden=\"true\">\n\t\t\t\t<ul id=\"menu-2-084bb99\" class=\"elementor-nav-menu\"><li class=\"menu-item menu-item-type-post_type menu-item-object-page menu-item-1117\"><a href=\"https:\/\/mhcdf.ch\/de\/culture-inclusive\/\" class=\"elementor-item\" tabindex=\"-1\">culture inclusive<\/a><\/li>\n<li class=\"menu-item menu-item-type-post_type menu-item-object-page menu-item-391\"><a href=\"https:\/\/mhcdf.ch\/de\/jeune-public\/\" class=\"elementor-item\" tabindex=\"-1\">jeune public<\/a><\/li>\n<li class=\"menu-item menu-item-type-post_type menu-item-object-page menu-item-273\"><a href=\"https:\/\/mhcdf.ch\/de\/espace-ludique\/\" class=\"elementor-item\" tabindex=\"-1\">espace ludique<\/a><\/li>\n<li class=\"menu-item menu-item-type-post_type menu-item-object-page menu-item-1233\"><a href=\"https:\/\/mhcdf.ch\/de\/entreprises-2\/\" class=\"elementor-item\" tabindex=\"-1\">entreprises<\/a><\/li>\n<li class=\"menu-item menu-item-type-post_type menu-item-object-page menu-item-397\"><a href=\"https:\/\/mhcdf.ch\/de\/ecoles\/\" class=\"elementor-item\" tabindex=\"-1\">\u00e9coles<\/a><\/li>\n<\/ul>\t\t\t<\/nav>\n\t\t\t\t\t\t<\/div>\n\t\t\t\t<\/div>\n\t\t\t\t\t<\/div>\n\t\t<\/div>\n\t\t\t\t\t<\/div>\n\t\t<\/section>\n\t\t\t\t<section class=\"elementor-section elementor-top-section elementor-element elementor-element-4a2e779 elementor-section-full_width margin-general margin-top-secondaire margin-bottom-secondaire elementor-section-height-default elementor-section-height-default\" data-id=\"4a2e779\" data-element_type=\"section\">\n\t\t\t\t\t\t<div class=\"elementor-container elementor-column-gap-no\">\n\t\t\t\t\t<div class=\"elementor-column elementor-col-50 elementor-top-column elementor-element elementor-element-94e2eca post-grid-content post-grid-content-padding\" data-id=\"94e2eca\" data-element_type=\"column\" data-settings=\"{&quot;background_background&quot;:&quot;classic&quot;}\">\n\t\t\t<div class=\"elementor-widget-wrap elementor-element-populated\">\n\t\t\t\t\t\t<section class=\"elementor-section elementor-inner-section elementor-element elementor-element-a455821 elementor-section-boxed elementor-section-height-default elementor-section-height-default\" data-id=\"a455821\" data-element_type=\"section\">\n\t\t\t\t\t\t<div class=\"elementor-container elementor-column-gap-default\">\n\t\t\t\t\t<div class=\"elementor-column elementor-col-100 elementor-inner-column elementor-element elementor-element-01ad39e page-content-titre\" data-id=\"01ad39e\" data-element_type=\"column\">\n\t\t\t<div class=\"elementor-widget-wrap elementor-element-populated\">\n\t\t\t\t\t\t<div class=\"elementor-element elementor-element-a8376cb elementor-widget elementor-widget-heading\" data-id=\"a8376cb\" data-element_type=\"widget\" data-widget_type=\"heading.default\">\n\t\t\t\t<div class=\"elementor-widget-container\">\n\t\t\t\t\t<h1 class=\"elementor-heading-title elementor-size-default\">TiM \u2013 Tandem im Museum<\/h1>\t\t\t\t<\/div>\n\t\t\t\t<\/div>\n\t\t\t\t<div class=\"elementor-element elementor-element-db57339 langue-switch-menu de-only elementor-widget elementor-widget-shortcode\" data-id=\"db57339\" data-element_type=\"widget\" data-widget_type=\"shortcode.default\">\n\t\t\t\t<div class=\"elementor-widget-container\">\n\t\t\t\t\t\t\t<div class=\"elementor-shortcode\">\n<div class=\"wpml-ls-statics-footer wpml-ls wpml-ls-legacy-list-horizontal\">\n\t<ul><li class=\"wpml-ls-slot-footer wpml-ls-item wpml-ls-item-fr wpml-ls-first-item wpml-ls-item-legacy-list-horizontal\">\n\t\t\t\t<a href=\"https:\/\/mhcdf.ch\/\" class=\"wpml-ls-link\">\n                                                        <img decoding=\"async\" class=\"wpml-ls-flag\" src=\"https:\/\/mhcdf.ch\/wp-content\/plugins\/sitepress-multilingual-cms\/res\/flags\/fr.png\" alt width=\"18\" height=\"12\"><span class=\"wpml-ls-native\" lang=\"fr\">Fr<\/span><\/a>\n\t\t\t<\/li><li class=\"wpml-ls-slot-footer wpml-ls-item wpml-ls-item-de wpml-ls-current-language wpml-ls-item-legacy-list-horizontal\">\n\t\t\t\t<a href=\"https:\/\/mhcdf.ch\/de\/\" class=\"wpml-ls-link\">\n                                                        <img decoding=\"async\" class=\"wpml-ls-flag\" src=\"https:\/\/mhcdf.ch\/wp-content\/plugins\/sitepress-multilingual-cms\/res\/flags\/de.png\" alt width=\"18\" height=\"12\"><span class=\"wpml-ls-native\">De<\/span><\/a>\n\t\t\t<\/li><li class=\"wpml-ls-slot-footer wpml-ls-item wpml-ls-item-en wpml-ls-last-item wpml-ls-item-legacy-list-horizontal\">\n\t\t\t\t<a href=\"https:\/\/mhcdf.ch\/en\/\" class=\"wpml-ls-link\">\n                                                        <img decoding=\"async\" class=\"wpml-ls-flag\" src=\"https:\/\/mhcdf.ch\/wp-content\/plugins\/sitepress-multilingual-cms\/res\/flags\/en.png\" alt width=\"18\" height=\"12\"><span class=\"wpml-ls-native\" lang=\"en\">En<\/span><\/a>\n\t\t\t<\/li><\/ul>\n<\/div>\n <\/div>\n\t\t\t\t\t\t<\/div>\n\t\t\t\t<\/div>\n\t\t\t\t\t<\/div>\n\t\t<\/div>\n\t\t\t\t\t<\/div>\n\t\t<\/section>\n\t\t\t\t<div class=\"elementor-element elementor-element-a3aae8d page-content-arrow-back btn-retour btn-click-retour elementor-widget elementor-widget-global elementor-global-296 elementor-widget-image\" data-id=\"a3aae8d\" data-element_type=\"widget\" data-widget_type=\"image.default\">\n\t\t\t\t<div class=\"elementor-widget-container\">\n\t\t\t\t\t\t\t\t\t\t\t\t\t\t\t<img decoding=\"async\" width=\"30\" height=\"30\" src=\"https:\/\/mhcdf.ch\/wp-content\/uploads\/2022\/04\/mh_arrowleft_typo_decale.svg\" class=\"attachment-full size-full wp-image-669\" alt>\t\t\t\t\t\t\t\t\t\t\t\t\t\t\t<\/div>\n\t\t\t\t<\/div>\n\t\t\t\t<div class=\"elementor-element elementor-element-5d1192f elementor-widget elementor-widget-text-editor\" data-id=\"5d1192f\" data-element_type=\"widget\" data-widget_type=\"text-editor.default\">\n\t\t\t\t<div class=\"elementor-widget-container\">\n\t\t\t\t\t\t\t\t\t<h2>An der Schnittstelle zwischen Kultur und Sozialwesen, erm\u00f6glicht das Projekt \u00abTiM \u2013 Tandem im Museum\u00bb Menschen verschiedenen Alters, Herkunft und Milieus sich zu begegnen und gemeinsam die Sammlungen im Museum zu entdecken. \u00abTiM \u2013 Tandem im Museum\u00bb regt Sie an, mit Menschen einen Museumsbesuch zu machen, die Sie vorher gar nicht oder kaum gekannt haben. Fragen Sie Ihre Nachbarin, Ihren Coiffeur, eine Bewohnerin aus dem Altersheim oder sogar jemanden auf der Strasse. Die Begegnung mit TiM wird Sie einander n\u00e4herbringen.<\/h2>\t\t<div data-elementor-type=\"section\" data-elementor-id=\"2807\" class=\"elementor elementor-2807\" data-elementor-post-type=\"elementor_library\">\n\t\t\t\t\t<section class=\"elementor-section elementor-top-section elementor-element elementor-element-aacde10 elementor-section-full_width elementor-section-height-default elementor-section-height-default\" data-id=\"aacde10\" data-element_type=\"section\">\n\t\t\t\t\t\t<div class=\"elementor-container elementor-column-gap-default\">\n\t\t\t\t\t<div class=\"elementor-column elementor-col-100 elementor-top-column elementor-element elementor-element-31f2c85\" data-id=\"31f2c85\" data-element_type=\"column\">\n\t\t\t<div class=\"elementor-widget-wrap elementor-element-populated\">\n\t\t\t\t\t\t<div class=\"elementor-element elementor-element-09ae841 toggle-inside-content elementor-widget elementor-widget-toggle\" data-id=\"09ae841\" data-element_type=\"widget\" data-widget_type=\"toggle.default\">\n\t\t\t\t<div class=\"elementor-widget-container\">\n\t\t\t\t\t\t\t<div class=\"elementor-toggle\">\n\t\t\t\t\t\t\t<div class=\"elementor-toggle-item\">\n\t\t\t\t\t<div id=\"elementor-tab-title-1011\" class=\"elementor-tab-title\" data-tab=\"1\" role=\"button\" aria-controls=\"elementor-tab-content-1011\" aria-expanded=\"false\">\n\t\t\t\t\t\t\t\t\t\t\t\t<span class=\"elementor-toggle-icon elementor-toggle-icon-right\" aria-hidden=\"true\">\n\t\t\t\t\t\t\t\t\t\t\t\t\t\t\t<span class=\"elementor-toggle-icon-closed\"><svg id=\"Calque_1\" x=\"0px\" y=\"0px\" viewBox=\"0 0 30 30\" style=\"enable-background:new 0 0 30 30;\" xml:space=\"preserve\" xmlns:xlink=\"http:\/\/www.w3.org\/1999\/xlink\"> <style type=\"text\/css\"> .st0{enable-background:new ;} .st1{fill:#232323;} <\/style> <g class=\"st0\"> <path class=\"st1\" d=\"M7.8,15.2l4.5,4.4c0.5,0.5,1.1,1.2,1.6,1.7c0-1.2,0-1.8,0-2.4V4.8h2.3V19c0,0.6,0,1.1,0,2.4 c0.5-0.6,1.2-1.2,1.7-1.8l4.4-4.4v3.3L15,25.3l-7.3-6.8L7.8,15.2L7.8,15.2z\" \/> <\/g> <\/svg><\/span>\n\t\t\t\t\t\t\t\t<span class=\"elementor-toggle-icon-opened\"><svg id=\"Calque_1\" x=\"0px\" y=\"0px\" viewBox=\"0 0 30 30\" style=\"enable-background:new 0 0 30 30;\" xml:space=\"preserve\" xmlns:xlink=\"http:\/\/www.w3.org\/1999\/xlink\"> <style type=\"text\/css\"> .st0{enable-background:new ;} .st1{fill:#232323;} <\/style> <g class=\"st0\"> <path class=\"st1\" d=\"M22.2,14.9l-4.5-4.4c-0.5-0.5-1.1-1.2-1.6-1.7c0,1.2,0,1.8,0,2.4v14.1h-2.3V11.1c0-0.6,0-1.1,0-2.4 c-0.5,0.6-1.2,1.2-1.7,1.8l-4.4,4.4v-3.3L15,4.8l7.3,6.8L22.2,14.9L22.2,14.9z\" \/> <\/g> <\/svg><\/span>\n\t\t\t\t\t\t\t\t\t\t\t\t\t<\/span>\n\t\t\t\t\t\t\t\t\t\t\t\t<a class=\"elementor-toggle-title\" tabindex=\"0\">Le Mus\u00e9e d\u2019histoire est partenaire du projet national TaM<\/a>\n\t\t\t\t\t<\/div>\n\n\t\t\t\t\t<div id=\"elementor-tab-content-1011\" class=\"elementor-tab-content elementor-clearfix\" data-tab=\"1\" role=\"region\" aria-labelledby=\"elementor-tab-title-1011\"><p>Le projet a d\u00e9but\u00e9 en 2013 sous le nom de \u00ab&nbsp;GaM \u2013 G\u00e9n\u00e9rations au mus\u00e9e&nbsp;\u00bb. Depuis sa cr\u00e9ation, environ 160 mus\u00e9es et de nombreuses personnes de diff\u00e9rentes g\u00e9n\u00e9rations et milieux socio-culturels y ont pris part. En 2020, le nouveau format \u00ab&nbsp;TaM \u2013 Tandem au Mus\u00e9e&nbsp;\u00bb voit le jour en r\u00e9ponse \u00e0 la crise sanitaire.<\/p><\/div>\n\t\t\t\t<\/div>\n\t\t\t\t\t\t\t<div class=\"elementor-toggle-item\">\n\t\t\t\t\t<div id=\"elementor-tab-title-1012\" class=\"elementor-tab-title\" data-tab=\"2\" role=\"button\" aria-controls=\"elementor-tab-content-1012\" aria-expanded=\"false\">\n\t\t\t\t\t\t\t\t\t\t\t\t<span class=\"elementor-toggle-icon elementor-toggle-icon-right\" aria-hidden=\"true\">\n\t\t\t\t\t\t\t\t\t\t\t\t\t\t\t<span class=\"elementor-toggle-icon-closed\"><svg id=\"Calque_1\" x=\"0px\" y=\"0px\" viewBox=\"0 0 30 30\" style=\"enable-background:new 0 0 30 30;\" xml:space=\"preserve\" xmlns:xlink=\"http:\/\/www.w3.org\/1999\/xlink\"> <style type=\"text\/css\"> .st0{enable-background:new ;} .st1{fill:#232323;} <\/style> <g class=\"st0\"> <path class=\"st1\" d=\"M7.8,15.2l4.5,4.4c0.5,0.5,1.1,1.2,1.6,1.7c0-1.2,0-1.8,0-2.4V4.8h2.3V19c0,0.6,0,1.1,0,2.4 c0.5-0.6,1.2-1.2,1.7-1.8l4.4-4.4v3.3L15,25.3l-7.3-6.8L7.8,15.2L7.8,15.2z\" \/> <\/g> <\/svg><\/span>\n\t\t\t\t\t\t\t\t<span class=\"elementor-toggle-icon-opened\"><svg id=\"Calque_1\" x=\"0px\" y=\"0px\" viewBox=\"0 0 30 30\" style=\"enable-background:new 0 0 30 30;\" xml:space=\"preserve\" xmlns:xlink=\"http:\/\/www.w3.org\/1999\/xlink\"> <style type=\"text\/css\"> .st0{enable-background:new ;} .st1{fill:#232323;} <\/style> <g class=\"st0\"> <path class=\"st1\" d=\"M22.2,14.9l-4.5-4.4c-0.5-0.5-1.1-1.2-1.6-1.7c0,1.2,0,1.8,0,2.4v14.1h-2.3V11.1c0-0.6,0-1.1,0-2.4 c-0.5,0.6-1.2,1.2-1.7,1.8l-4.4,4.4v-3.3L15,4.8l7.3,6.8L22.2,14.9L22.2,14.9z\" \/> <\/g> <\/svg><\/span>\n\t\t\t\t\t\t\t\t\t\t\t\t\t<\/span>\n\t\t\t\t\t\t\t\t\t\t\t\t<a class=\"elementor-toggle-title\" tabindex=\"0\">Comment fonctionne un Tandem\u202f?<\/a>\n\t\t\t\t\t<\/div>\n\n\t\t\t\t\t<div id=\"elementor-tab-content-1012\" class=\"elementor-tab-content elementor-clearfix\" data-tab=\"2\" role=\"region\" aria-labelledby=\"elementor-tab-title-1012\"><div><p>Le programme TaM \u2013 Tandem au Mus\u00e9e fonctionne sur la base du volontariat. La visite du Mus\u00e9e est gratuite pour le tandem.<\/p><p>Des b\u00e9n\u00e9voles se proposent d\u2019accompagner des personnes peu habitu\u00e9es \u00e0 la visite de mus\u00e9e pour une visite conviviale en tandem. Le duo d\u00e9couvre le mus\u00e9e tout en \u00e9changeant, dialoguant et partageant leurs exp\u00e9riences. Au cours de la visite, ils choisissent un objet de la collection et imaginent une histoire autour de l\u2019objet qu\u2019ils publient sur le site de MiS \u2013 Mus\u00e9e imaginaire Suisse.<\/p><\/div><\/div>\n\t\t\t\t<\/div>\n\t\t\t\t\t\t\t<div class=\"elementor-toggle-item\">\n\t\t\t\t\t<div id=\"elementor-tab-title-1013\" class=\"elementor-tab-title\" data-tab=\"3\" role=\"button\" aria-controls=\"elementor-tab-content-1013\" aria-expanded=\"false\">\n\t\t\t\t\t\t\t\t\t\t\t\t<span class=\"elementor-toggle-icon elementor-toggle-icon-right\" aria-hidden=\"true\">\n\t\t\t\t\t\t\t\t\t\t\t\t\t\t\t<span class=\"elementor-toggle-icon-closed\"><svg id=\"Calque_1\" x=\"0px\" y=\"0px\" viewBox=\"0 0 30 30\" style=\"enable-background:new 0 0 30 30;\" xml:space=\"preserve\" xmlns:xlink=\"http:\/\/www.w3.org\/1999\/xlink\"> <style type=\"text\/css\"> .st0{enable-background:new ;} .st1{fill:#232323;} <\/style> <g class=\"st0\"> <path class=\"st1\" d=\"M7.8,15.2l4.5,4.4c0.5,0.5,1.1,1.2,1.6,1.7c0-1.2,0-1.8,0-2.4V4.8h2.3V19c0,0.6,0,1.1,0,2.4 c0.5-0.6,1.2-1.2,1.7-1.8l4.4-4.4v3.3L15,25.3l-7.3-6.8L7.8,15.2L7.8,15.2z\" \/> <\/g> <\/svg><\/span>\n\t\t\t\t\t\t\t\t<span class=\"elementor-toggle-icon-opened\"><svg id=\"Calque_1\" x=\"0px\" y=\"0px\" viewBox=\"0 0 30 30\" style=\"enable-background:new 0 0 30 30;\" xml:space=\"preserve\" xmlns:xlink=\"http:\/\/www.w3.org\/1999\/xlink\"> <style type=\"text\/css\"> .st0{enable-background:new ;} .st1{fill:#232323;} <\/style> <g class=\"st0\"> <path class=\"st1\" d=\"M22.2,14.9l-4.5-4.4c-0.5-0.5-1.1-1.2-1.6-1.7c0,1.2,0,1.8,0,2.4v14.1h-2.3V11.1c0-0.6,0-1.1,0-2.4 c-0.5,0.6-1.2,1.2-1.7,1.8l-4.4,4.4v-3.3L15,4.8l7.3,6.8L22.2,14.9L22.2,14.9z\" \/> <\/g> <\/svg><\/span>\n\t\t\t\t\t\t\t\t\t\t\t\t\t<\/span>\n\t\t\t\t\t\t\t\t\t\t\t\t<a class=\"elementor-toggle-title\" tabindex=\"0\">Vous souhaitez d\u00e9couvrir des histoires\u202f?<\/a>\n\t\t\t\t\t<\/div>\n\n\t\t\t\t\t<div id=\"elementor-tab-content-1013\" class=\"elementor-tab-content elementor-clearfix\" data-tab=\"3\" role=\"region\" aria-labelledby=\"elementor-tab-title-1013\"><div><p>Parcourez le site du <a href=\"https:\/\/www.mi-s.ch\/fr\/accueil\" target=\"_blank\" rel=\"noopener\">MiS \u2013 Mus\u00e9e imaginaire Suisse<\/a>, et s\u00e9lectionnez le Mus\u00e9e d\u2019histoire pour d\u00e9couvrir les histoires li\u00e9es \u00e0 nos colletions.<\/p><\/div><\/div>\n\t\t\t\t<\/div>\n\t\t\t\t\t\t\t\t<\/div>\n\t\t\t\t\t\t<\/div>\n\t\t\t\t<\/div>\n\t\t\t\t\t<\/div>\n\t\t<\/div>\n\t\t\t\t\t<\/div>\n\t\t<\/section>\n\t\t\t\t<\/div>\n\t\t<h2>Praktische Informationen<\/h2><p>Unentgeltliche Eintritte f\u00fcr Tandems.<\/p><p><a href=\"https:\/\/www.tim-tam.ch\/fr\/musees-tam\/museum\/110\" target=\"_blank\" rel=\"noopener\">\u2192 TiM-Guides im Geschichtemuseum<\/a><br><a href=\"https:\/\/www.tim-tam.ch\/de\/home\" target=\"_blank\" rel=\"noopener\">\u2192 TiM<\/a><\/p>\t\t\t\t\t\t\t\t<\/div>\n\t\t\t\t<\/div>\n\t\t\t\t\t<\/div>\n\t\t<\/div>\n\t\t\t\t<div class=\"elementor-column elementor-col-50 elementor-top-column elementor-element elementor-element-25a7b04 post-grid-content\" data-id=\"25a7b04\" data-element_type=\"column\" data-settings=\"{&quot;background_background&quot;:&quot;classic&quot;}\">\n\t\t\t<div class=\"elementor-widget-wrap elementor-element-populated\">\n\t\t\t\t\t\t<div class=\"elementor-element elementor-element-0e422ff elementor-widget elementor-widget-image\" data-id=\"0e422ff\" data-element_type=\"widget\" data-widget_type=\"image.default\">\n\t\t\t\t<div class=\"elementor-widget-container\">\n\t\t\t\t\t\t\t\t\t\t\t\t\t\t\t<img fetchpriority=\"high\" decoding=\"async\" width=\"1400\" height=\"934\" src=\"https:\/\/mhcdf.ch\/wp-content\/uploads\/2022\/05\/mh_tandem_musee_logo.jpg\" class=\"attachment-full size-full wp-image-1402\" alt=\"Mus\u00e9e d'histoire - Tandem au mus\u00e9e\" srcset=\"https:\/\/mhcdf.ch\/wp-content\/uploads\/2022\/05\/mh_tandem_musee_logo.jpg 1400w, https:\/\/mhcdf.ch\/wp-content\/uploads\/2022\/05\/mh_tandem_musee_logo-300x200.jpg 300w, https:\/\/mhcdf.ch\/wp-content\/uploads\/2022\/05\/mh_tandem_musee_logo-1024x683.jpg 1024w, https:\/\/mhcdf.ch\/wp-content\/uploads\/2022\/05\/mh_tandem_musee_logo-768x512.jpg 768w\" sizes=\"(max-width: 1400px) 100vw, 1400px\">\t\t\t\t\t\t\t\t\t\t\t\t\t\t\t<\/div>\n\t\t\t\t<\/div>\n\t\t\t\t\t<\/div>\n\t\t<\/div>\n\t\t\t\t\t<\/div>\n\t\t<\/section>\n\t\t\t\t<\/div>\n\t\t","protected":false},"excerpt":{"rendered":"<p>Pr\u00e9parer sa visite TiM \u2013 Tandem im Museum An der Schnittstelle zwischen Kultur und Sozialwesen, erm\u00f6glicht das Projekt \u00abTiM \u2013 Tandem im Museum\u00bb Menschen verschiedenen Alters, Herkunft und Milieus sich zu begegnen und gemeinsam die Sammlungen im Museum zu entdecken. \u00abTiM \u2013 Tandem im Museum\u00bb regt Sie an, mit Menschen einen Museumsbesuch zu machen, die&nbsp;[\u2026]<\/p>\n","protected":false},"author":1,"featured_media":0,"parent":0,"menu_order":0,"comment_status":"closed","ping_status":"closed","template":"elementor_header_footer","meta":{"_acf_changed":false,"wp_typography_post_enhancements_disabled":false,"footnotes":""},"class_list":["post-2805","page","type-page","status-publish","hentry"],"acf":[],"publishpress_future_workflow_manual_trigger":{"enabledWorkflows":[]},"_links":{"self":[{"href":"https:\/\/mhcdf.ch\/de\/wp-json\/wp\/v2\/pages\/2805","targetHints":{"allow":["GET"]}}],"collection":[{"href":"https:\/\/mhcdf.ch\/de\/wp-json\/wp\/v2\/pages"}],"about":[{"href":"https:\/\/mhcdf.ch\/de\/wp-json\/wp\/v2\/types\/page"}],"author":[{"embeddable":true,"href":"https:\/\/mhcdf.ch\/de\/wp-json\/wp\/v2\/users\/1"}],"replies":[{"embeddable":true,"href":"https:\/\/mhcdf.ch\/de\/wp-json\/wp\/v2\/comments?post=2805"}],"version-history":[{"count":12,"href":"https:\/\/mhcdf.ch\/de\/wp-json\/wp\/v2\/pages\/2805\/revisions"}],"predecessor-version":[{"id":3334,"href":"https:\/\/mhcdf.ch\/de\/wp-json\/wp\/v2\/pages\/2805\/revisions\/3334"}],"wp:attachment":[{"href":"https:\/\/mhcdf.ch\/de\/wp-json\/wp\/v2\/media?parent=2805"}],"curies":[{"name":"wp","href":"https:\/\/api.w.org\/{rel}","templated":true}]}}