{"id":2741,"date":"2022-05-19T12:03:40","date_gmt":"2022-05-19T12:03:40","guid":{"rendered":"http:\/\/cs6nvasrbe.preview.infomaniak.website\/?page_id=2741"},"modified":"2024-02-29T11:08:22","modified_gmt":"2024-02-29T11:08:22","slug":"visites-et-ateliers","status":"publish","type":"page","link":"https:\/\/mhcdf.ch\/de\/culture-inclusive\/visites-et-ateliers\/","title":{"rendered":"visites et ateliers"},"content":{"rendered":"\t\t<div data-elementor-type=\"wp-page\" data-elementor-id=\"2741\" class=\"elementor elementor-2741\" data-elementor-post-type=\"page\">\n\t\t\t\t\t\t<section class=\"elementor-section elementor-top-section elementor-element elementor-element-efc51f3 elementor-section-full_width header-home header-page-externe elementor-section-height-default elementor-section-height-default\" data-id=\"efc51f3\" data-element_type=\"section\">\n\t\t\t\t\t\t<div class=\"elementor-container elementor-column-gap-default\">\n\t\t\t\t\t<div class=\"elementor-column elementor-col-100 elementor-top-column elementor-element elementor-element-df45a02 header-marge\" data-id=\"df45a02\" data-element_type=\"column\" data-settings=\"{&quot;background_background&quot;:&quot;classic&quot;}\">\n\t\t\t<div class=\"elementor-widget-wrap elementor-element-populated\">\n\t\t\t\t\t\t<div class=\"elementor-element elementor-element-9908153 titre-haut-page elementor-widget elementor-widget-text-editor\" data-id=\"9908153\" data-element_type=\"widget\" data-widget_type=\"text-editor.default\">\n\t\t\t\t<div class=\"elementor-widget-container\">\n\t\t\t\t\t\t\t\t\t<h1>Que faire au&nbsp;Mus\u00e9e&nbsp;?<\/h1>\t\t\t\t\t\t\t\t<\/div>\n\t\t\t\t<\/div>\n\t\t\t\t\t<\/div>\n\t\t<\/div>\n\t\t\t\t\t<\/div>\n\t\t<\/section>\n\t\t\t\t<section class=\"elementor-section elementor-top-section elementor-element elementor-element-55e244e elementor-section-full_width separation-1unite menu-secondaire-fixed elementor-section-height-default elementor-section-height-default\" data-id=\"55e244e\" data-element_type=\"section\" data-settings=\"{&quot;background_background&quot;:&quot;classic&quot;}\">\n\t\t\t\t\t\t<div class=\"elementor-container elementor-column-gap-no\">\n\t\t\t\t\t<div class=\"elementor-column elementor-col-100 elementor-top-column elementor-element elementor-element-fd66dfd\" data-id=\"fd66dfd\" data-element_type=\"column\">\n\t\t\t<div class=\"elementor-widget-wrap elementor-element-populated\">\n\t\t\t\t\t\t<div class=\"elementor-element elementor-element-832975b page-content-titre-menu elementor-widget elementor-widget-shortcode\" data-id=\"832975b\" data-element_type=\"widget\" data-widget_type=\"shortcode.default\">\n\t\t\t\t<div class=\"elementor-widget-container\">\n\t\t\t\t\t\t\t<div class=\"elementor-shortcode\"><p>culture inclusive<\/p><\/div>\n\t\t\t\t\t\t<\/div>\n\t\t\t\t<\/div>\n\t\t\t\t<div class=\"elementor-element elementor-element-d990410 elementor-nav-menu__align-center elementor-nav-menu--dropdown-mobile menu-secondaire elementor-nav-menu__text-align-aside elementor-nav-menu--toggle elementor-nav-menu--burger elementor-widget elementor-widget-global elementor-global-323 elementor-widget-nav-menu\" data-id=\"d990410\" data-element_type=\"widget\" data-settings=\"{&quot;layout&quot;:&quot;horizontal&quot;,&quot;submenu_icon&quot;:{&quot;value&quot;:&quot;fas fa-caret-down&quot;,&quot;library&quot;:&quot;fa-solid&quot;},&quot;toggle&quot;:&quot;burger&quot;}\" data-widget_type=\"nav-menu.default\">\n\t\t\t\t<div class=\"elementor-widget-container\">\n\t\t\t\t\t\t\t\t<nav aria-label=\"Men\u00fc\" class=\"elementor-nav-menu--main elementor-nav-menu__container elementor-nav-menu--layout-horizontal e--pointer-none\">\n\t\t\t\t<ul id=\"menu-1-d990410\" class=\"elementor-nav-menu\"><li class=\"menu-item menu-item-type-post_type menu-item-object-page menu-item-1117\"><a href=\"https:\/\/mhcdf.ch\/de\/culture-inclusive\/\" class=\"elementor-item\">culture inclusive<\/a><\/li>\n<li class=\"menu-item menu-item-type-post_type menu-item-object-page menu-item-391\"><a href=\"https:\/\/mhcdf.ch\/de\/jeune-public\/\" class=\"elementor-item\">jeune public<\/a><\/li>\n<li class=\"menu-item menu-item-type-post_type menu-item-object-page menu-item-273\"><a href=\"https:\/\/mhcdf.ch\/de\/espace-ludique\/\" class=\"elementor-item\">espace ludique<\/a><\/li>\n<li class=\"menu-item menu-item-type-post_type menu-item-object-page menu-item-1233\"><a href=\"https:\/\/mhcdf.ch\/de\/entreprises-2\/\" class=\"elementor-item\">entreprises<\/a><\/li>\n<li class=\"menu-item menu-item-type-post_type menu-item-object-page menu-item-397\"><a href=\"https:\/\/mhcdf.ch\/de\/ecoles\/\" class=\"elementor-item\">\u00e9coles<\/a><\/li>\n<\/ul>\t\t\t<\/nav>\n\t\t\t\t\t<div class=\"elementor-menu-toggle\" role=\"button\" tabindex=\"0\" aria-label=\"Men\u00fc Umschalter\" aria-expanded=\"false\">\n\t\t\t<i aria-hidden=\"true\" role=\"presentation\" class=\"elementor-menu-toggle__icon--open eicon-menu-bar\"><\/i><i aria-hidden=\"true\" role=\"presentation\" class=\"elementor-menu-toggle__icon--close eicon-close\"><\/i>\t\t<\/div>\n\t\t\t\t\t<nav class=\"elementor-nav-menu--dropdown elementor-nav-menu__container\" aria-hidden=\"true\">\n\t\t\t\t<ul id=\"menu-2-d990410\" class=\"elementor-nav-menu\"><li class=\"menu-item menu-item-type-post_type menu-item-object-page menu-item-1117\"><a href=\"https:\/\/mhcdf.ch\/de\/culture-inclusive\/\" class=\"elementor-item\" tabindex=\"-1\">culture inclusive<\/a><\/li>\n<li class=\"menu-item menu-item-type-post_type menu-item-object-page menu-item-391\"><a href=\"https:\/\/mhcdf.ch\/de\/jeune-public\/\" class=\"elementor-item\" tabindex=\"-1\">jeune public<\/a><\/li>\n<li class=\"menu-item menu-item-type-post_type menu-item-object-page menu-item-273\"><a href=\"https:\/\/mhcdf.ch\/de\/espace-ludique\/\" class=\"elementor-item\" tabindex=\"-1\">espace ludique<\/a><\/li>\n<li class=\"menu-item menu-item-type-post_type menu-item-object-page menu-item-1233\"><a href=\"https:\/\/mhcdf.ch\/de\/entreprises-2\/\" class=\"elementor-item\" tabindex=\"-1\">entreprises<\/a><\/li>\n<li class=\"menu-item menu-item-type-post_type menu-item-object-page menu-item-397\"><a href=\"https:\/\/mhcdf.ch\/de\/ecoles\/\" class=\"elementor-item\" tabindex=\"-1\">\u00e9coles<\/a><\/li>\n<\/ul>\t\t\t<\/nav>\n\t\t\t\t\t\t<\/div>\n\t\t\t\t<\/div>\n\t\t\t\t\t<\/div>\n\t\t<\/div>\n\t\t\t\t\t<\/div>\n\t\t<\/section>\n\t\t\t\t<section class=\"elementor-section elementor-top-section elementor-element elementor-element-f7a6ef2 elementor-section-full_width margin-general margin-bottom-secondaire margin-top-secondaire elementor-section-height-default elementor-section-height-default\" data-id=\"f7a6ef2\" data-element_type=\"section\">\n\t\t\t\t\t\t<div class=\"elementor-container elementor-column-gap-no\">\n\t\t\t\t\t<div class=\"elementor-column elementor-col-50 elementor-top-column elementor-element elementor-element-0cc9441 post-grid-content post-grid-content-padding\" data-id=\"0cc9441\" data-element_type=\"column\" data-settings=\"{&quot;background_background&quot;:&quot;classic&quot;}\">\n\t\t\t<div class=\"elementor-widget-wrap elementor-element-populated\">\n\t\t\t\t\t\t<section class=\"elementor-section elementor-inner-section elementor-element elementor-element-84dcf93 elementor-section-boxed elementor-section-height-default elementor-section-height-default\" data-id=\"84dcf93\" data-element_type=\"section\">\n\t\t\t\t\t\t<div class=\"elementor-container elementor-column-gap-default\">\n\t\t\t\t\t<div class=\"elementor-column elementor-col-100 elementor-inner-column elementor-element elementor-element-680c555 page-content-titre\" data-id=\"680c555\" data-element_type=\"column\">\n\t\t\t<div class=\"elementor-widget-wrap elementor-element-populated\">\n\t\t\t\t\t\t<div class=\"elementor-element elementor-element-7ccdfdf elementor-widget elementor-widget-heading\" data-id=\"7ccdfdf\" data-element_type=\"widget\" data-widget_type=\"heading.default\">\n\t\t\t\t<div class=\"elementor-widget-container\">\n\t\t\t\t\t<h1 class=\"elementor-heading-title elementor-size-default\">Visites et ateliers<\/h1>\t\t\t\t<\/div>\n\t\t\t\t<\/div>\n\t\t\t\t<div class=\"elementor-element elementor-element-63a9c0a page-content-arrow-back btn-retour elementor-widget elementor-widget-image\" data-id=\"63a9c0a\" data-element_type=\"widget\" data-widget_type=\"image.default\">\n\t\t\t\t<div class=\"elementor-widget-container\">\n\t\t\t\t\t\t\t\t\t\t\t\t\t\t\t\t<a href=\"https:\/\/mhcdf.ch\/culture-inclusive\/\">\n\t\t\t\t\t\t\t<img decoding=\"async\" width=\"30\" height=\"30\" src=\"https:\/\/mhcdf.ch\/wp-content\/uploads\/2022\/04\/mh_arrowleft_typo_decale.svg\" class=\"attachment-full size-full wp-image-669\" alt>\t\t\t\t\t\t\t\t<\/a>\n\t\t\t\t\t\t\t\t\t\t\t\t\t\t\t<\/div>\n\t\t\t\t<\/div>\n\t\t\t\t\t<\/div>\n\t\t<\/div>\n\t\t\t\t\t<\/div>\n\t\t<\/section>\n\t\t\t\t<div class=\"elementor-element elementor-element-ee92345 page-content-accroche elementor-widget elementor-widget-text-editor\" data-id=\"ee92345\" data-element_type=\"widget\" data-widget_type=\"text-editor.default\">\n\t\t\t\t<div class=\"elementor-widget-container\">\n\t\t\t\t\t\t\t\t\t<h2>Le Mus\u00e9e d\u2019histoire propose des activit\u00e9s adapt\u00e9es pour les personnes avec besoins particuliers.<\/h2>\t\t<div data-elementor-type=\"section\" data-elementor-id=\"2765\" class=\"elementor elementor-2765\" data-elementor-post-type=\"elementor_library\">\n\t\t\t\t\t<section class=\"elementor-section elementor-top-section elementor-element elementor-element-fdfdf1d elementor-section-full_width elementor-section-height-default elementor-section-height-default\" data-id=\"fdfdf1d\" data-element_type=\"section\">\n\t\t\t\t\t\t<div class=\"elementor-container elementor-column-gap-default\">\n\t\t\t\t\t<div class=\"elementor-column elementor-col-100 elementor-top-column elementor-element elementor-element-7b87b5e\" data-id=\"7b87b5e\" data-element_type=\"column\">\n\t\t\t<div class=\"elementor-widget-wrap elementor-element-populated\">\n\t\t\t\t\t\t<div class=\"elementor-element elementor-element-a008fb0 toggle-inside-content elementor-widget elementor-widget-toggle\" data-id=\"a008fb0\" data-element_type=\"widget\" data-widget_type=\"toggle.default\">\n\t\t\t\t<div class=\"elementor-widget-container\">\n\t\t\t\t\t\t\t<div class=\"elementor-toggle\">\n\t\t\t\t\t\t\t<div class=\"elementor-toggle-item\">\n\t\t\t\t\t<div id=\"elementor-tab-title-1671\" class=\"elementor-tab-title\" data-tab=\"1\" role=\"button\" aria-controls=\"elementor-tab-content-1671\" aria-expanded=\"false\">\n\t\t\t\t\t\t\t\t\t\t\t\t<span class=\"elementor-toggle-icon elementor-toggle-icon-right\" aria-hidden=\"true\">\n\t\t\t\t\t\t\t\t\t\t\t\t\t\t\t<span class=\"elementor-toggle-icon-closed\"><svg id=\"Calque_1\" x=\"0px\" y=\"0px\" viewBox=\"0 0 30 30\" style=\"enable-background:new 0 0 30 30;\" xml:space=\"preserve\" xmlns:xlink=\"http:\/\/www.w3.org\/1999\/xlink\"> <style type=\"text\/css\"> .st0{enable-background:new ;} .st1{fill:#232323;} <\/style> <g class=\"st0\"> <path class=\"st1\" d=\"M7.8,15.2l4.5,4.4c0.5,0.5,1.1,1.2,1.6,1.7c0-1.2,0-1.8,0-2.4V4.8h2.3V19c0,0.6,0,1.1,0,2.4 c0.5-0.6,1.2-1.2,1.7-1.8l4.4-4.4v3.3L15,25.3l-7.3-6.8L7.8,15.2L7.8,15.2z\" \/> <\/g> <\/svg><\/span>\n\t\t\t\t\t\t\t\t<span class=\"elementor-toggle-icon-opened\"><svg id=\"Calque_1\" x=\"0px\" y=\"0px\" viewBox=\"0 0 30 30\" style=\"enable-background:new 0 0 30 30;\" xml:space=\"preserve\" xmlns:xlink=\"http:\/\/www.w3.org\/1999\/xlink\"> <style type=\"text\/css\"> .st0{enable-background:new ;} .st1{fill:#232323;} <\/style> <g class=\"st0\"> <path class=\"st1\" d=\"M22.2,14.9l-4.5-4.4c-0.5-0.5-1.1-1.2-1.6-1.7c0,1.2,0,1.8,0,2.4v14.1h-2.3V11.1c0-0.6,0-1.1,0-2.4 c-0.5,0.6-1.2,1.2-1.7,1.8l-4.4,4.4v-3.3L15,4.8l7.3,6.8L22.2,14.9L22.2,14.9z\" \/> <\/g> <\/svg><\/span>\n\t\t\t\t\t\t\t\t\t\t\t\t\t<\/span>\n\t\t\t\t\t\t\t\t\t\t\t\t<a class=\"elementor-toggle-title\" tabindex=\"0\">Quelles sont les activit\u00e9s propos\u00e9es&nbsp;?<\/a>\n\t\t\t\t\t<\/div>\n\n\t\t\t\t\t<div id=\"elementor-tab-content-1671\" class=\"elementor-tab-content elementor-clearfix\" data-tab=\"1\" role=\"region\" aria-labelledby=\"elementor-tab-title-1671\"><p>Le Mus\u00e9e propose des visites guid\u00e9es adapt\u00e9es.<\/p><p>Les visites durent 1&nbsp;heure.<\/p><\/div>\n\t\t\t\t<\/div>\n\t\t\t\t\t\t\t<div class=\"elementor-toggle-item\">\n\t\t\t\t\t<div id=\"elementor-tab-title-1672\" class=\"elementor-tab-title\" data-tab=\"2\" role=\"button\" aria-controls=\"elementor-tab-content-1672\" aria-expanded=\"false\">\n\t\t\t\t\t\t\t\t\t\t\t\t<span class=\"elementor-toggle-icon elementor-toggle-icon-right\" aria-hidden=\"true\">\n\t\t\t\t\t\t\t\t\t\t\t\t\t\t\t<span class=\"elementor-toggle-icon-closed\"><svg id=\"Calque_1\" x=\"0px\" y=\"0px\" viewBox=\"0 0 30 30\" style=\"enable-background:new 0 0 30 30;\" xml:space=\"preserve\" xmlns:xlink=\"http:\/\/www.w3.org\/1999\/xlink\"> <style type=\"text\/css\"> .st0{enable-background:new ;} .st1{fill:#232323;} <\/style> <g class=\"st0\"> <path class=\"st1\" d=\"M7.8,15.2l4.5,4.4c0.5,0.5,1.1,1.2,1.6,1.7c0-1.2,0-1.8,0-2.4V4.8h2.3V19c0,0.6,0,1.1,0,2.4 c0.5-0.6,1.2-1.2,1.7-1.8l4.4-4.4v3.3L15,25.3l-7.3-6.8L7.8,15.2L7.8,15.2z\" \/> <\/g> <\/svg><\/span>\n\t\t\t\t\t\t\t\t<span class=\"elementor-toggle-icon-opened\"><svg id=\"Calque_1\" x=\"0px\" y=\"0px\" viewBox=\"0 0 30 30\" style=\"enable-background:new 0 0 30 30;\" xml:space=\"preserve\" xmlns:xlink=\"http:\/\/www.w3.org\/1999\/xlink\"> <style type=\"text\/css\"> .st0{enable-background:new ;} .st1{fill:#232323;} <\/style> <g class=\"st0\"> <path class=\"st1\" d=\"M22.2,14.9l-4.5-4.4c-0.5-0.5-1.1-1.2-1.6-1.7c0,1.2,0,1.8,0,2.4v14.1h-2.3V11.1c0-0.6,0-1.1,0-2.4 c-0.5,0.6-1.2,1.2-1.7,1.8l-4.4,4.4v-3.3L15,4.8l7.3,6.8L22.2,14.9L22.2,14.9z\" \/> <\/g> <\/svg><\/span>\n\t\t\t\t\t\t\t\t\t\t\t\t\t<\/span>\n\t\t\t\t\t\t\t\t\t\t\t\t<a class=\"elementor-toggle-title\" tabindex=\"0\">Pour qui sont ces activit\u00e9s&nbsp;?<\/a>\n\t\t\t\t\t<\/div>\n\n\t\t\t\t\t<div id=\"elementor-tab-content-1672\" class=\"elementor-tab-content elementor-clearfix\" data-tab=\"2\" role=\"region\" aria-labelledby=\"elementor-tab-title-1672\"><p>Ces activit\u00e9s sont pour toutes les personnes. Ces activit\u00e9s sont adapt\u00e9es pour des personnes avec des besoins particuliers. Par exemple&nbsp;:<\/p><ul><li>les personnes en situation de handicap mental<\/li><li>les personnes malvoyantes<\/li><li>les personnes \u00e0 mobilit\u00e9 r\u00e9duite<\/li><\/ul><p>Ces activit\u00e9s sont pour des groupes. Par exemple&nbsp;:<\/p><ul><li>les familles<\/li><li>les classes<\/li><li>les associations<\/li><\/ul><\/div>\n\t\t\t\t<\/div>\n\t\t\t\t\t\t\t<div class=\"elementor-toggle-item\">\n\t\t\t\t\t<div id=\"elementor-tab-title-1673\" class=\"elementor-tab-title\" data-tab=\"3\" role=\"button\" aria-controls=\"elementor-tab-content-1673\" aria-expanded=\"false\">\n\t\t\t\t\t\t\t\t\t\t\t\t<span class=\"elementor-toggle-icon elementor-toggle-icon-right\" aria-hidden=\"true\">\n\t\t\t\t\t\t\t\t\t\t\t\t\t\t\t<span class=\"elementor-toggle-icon-closed\"><svg id=\"Calque_1\" x=\"0px\" y=\"0px\" viewBox=\"0 0 30 30\" style=\"enable-background:new 0 0 30 30;\" xml:space=\"preserve\" xmlns:xlink=\"http:\/\/www.w3.org\/1999\/xlink\"> <style type=\"text\/css\"> .st0{enable-background:new ;} .st1{fill:#232323;} <\/style> <g class=\"st0\"> <path class=\"st1\" d=\"M7.8,15.2l4.5,4.4c0.5,0.5,1.1,1.2,1.6,1.7c0-1.2,0-1.8,0-2.4V4.8h2.3V19c0,0.6,0,1.1,0,2.4 c0.5-0.6,1.2-1.2,1.7-1.8l4.4-4.4v3.3L15,25.3l-7.3-6.8L7.8,15.2L7.8,15.2z\" \/> <\/g> <\/svg><\/span>\n\t\t\t\t\t\t\t\t<span class=\"elementor-toggle-icon-opened\"><svg id=\"Calque_1\" x=\"0px\" y=\"0px\" viewBox=\"0 0 30 30\" style=\"enable-background:new 0 0 30 30;\" xml:space=\"preserve\" xmlns:xlink=\"http:\/\/www.w3.org\/1999\/xlink\"> <style type=\"text\/css\"> .st0{enable-background:new ;} .st1{fill:#232323;} <\/style> <g class=\"st0\"> <path class=\"st1\" d=\"M22.2,14.9l-4.5-4.4c-0.5-0.5-1.1-1.2-1.6-1.7c0,1.2,0,1.8,0,2.4v14.1h-2.3V11.1c0-0.6,0-1.1,0-2.4 c-0.5,0.6-1.2,1.2-1.7,1.8l-4.4,4.4v-3.3L15,4.8l7.3,6.8L22.2,14.9L22.2,14.9z\" \/> <\/g> <\/svg><\/span>\n\t\t\t\t\t\t\t\t\t\t\t\t\t<\/span>\n\t\t\t\t\t\t\t\t\t\t\t\t<a class=\"elementor-toggle-title\" tabindex=\"0\">Comment se passent les activit\u00e9s&nbsp;?<\/a>\n\t\t\t\t\t<\/div>\n\n\t\t\t\t\t<div id=\"elementor-tab-content-1673\" class=\"elementor-tab-content elementor-clearfix\" data-tab=\"3\" role=\"region\" aria-labelledby=\"elementor-tab-title-1673\"><ul><li>Les activit\u00e9s se passent dans le&nbsp;calme.<\/li><li>Les activit\u00e9s sont adapt\u00e9es aux besoins de chacun.<\/li><li>Les activit\u00e9s peuvent avoir lieu en dehors des heures d\u2019ouverture au public.<\/li><li>Les activit\u00e9s sont pr\u00e9vues pour des petits groupes.<\/li><li>L\u2019\u00e9quipe d\u2019animation peut adapter le programme pour chaque institution.<\/li><li>Les visites durent 1&nbsp;heure.<\/li><\/ul><\/div>\n\t\t\t\t<\/div>\n\t\t\t\t\t\t\t<div class=\"elementor-toggle-item\">\n\t\t\t\t\t<div id=\"elementor-tab-title-1674\" class=\"elementor-tab-title\" data-tab=\"4\" role=\"button\" aria-controls=\"elementor-tab-content-1674\" aria-expanded=\"false\">\n\t\t\t\t\t\t\t\t\t\t\t\t<span class=\"elementor-toggle-icon elementor-toggle-icon-right\" aria-hidden=\"true\">\n\t\t\t\t\t\t\t\t\t\t\t\t\t\t\t<span class=\"elementor-toggle-icon-closed\"><svg id=\"Calque_1\" x=\"0px\" y=\"0px\" viewBox=\"0 0 30 30\" style=\"enable-background:new 0 0 30 30;\" xml:space=\"preserve\" xmlns:xlink=\"http:\/\/www.w3.org\/1999\/xlink\"> <style type=\"text\/css\"> .st0{enable-background:new ;} .st1{fill:#232323;} <\/style> <g class=\"st0\"> <path class=\"st1\" d=\"M7.8,15.2l4.5,4.4c0.5,0.5,1.1,1.2,1.6,1.7c0-1.2,0-1.8,0-2.4V4.8h2.3V19c0,0.6,0,1.1,0,2.4 c0.5-0.6,1.2-1.2,1.7-1.8l4.4-4.4v3.3L15,25.3l-7.3-6.8L7.8,15.2L7.8,15.2z\" \/> <\/g> <\/svg><\/span>\n\t\t\t\t\t\t\t\t<span class=\"elementor-toggle-icon-opened\"><svg id=\"Calque_1\" x=\"0px\" y=\"0px\" viewBox=\"0 0 30 30\" style=\"enable-background:new 0 0 30 30;\" xml:space=\"preserve\" xmlns:xlink=\"http:\/\/www.w3.org\/1999\/xlink\"> <style type=\"text\/css\"> .st0{enable-background:new ;} .st1{fill:#232323;} <\/style> <g class=\"st0\"> <path class=\"st1\" d=\"M22.2,14.9l-4.5-4.4c-0.5-0.5-1.1-1.2-1.6-1.7c0,1.2,0,1.8,0,2.4v14.1h-2.3V11.1c0-0.6,0-1.1,0-2.4 c-0.5,0.6-1.2,1.2-1.7,1.8l-4.4,4.4v-3.3L15,4.8l7.3,6.8L22.2,14.9L22.2,14.9z\" \/> <\/g> <\/svg><\/span>\n\t\t\t\t\t\t\t\t\t\t\t\t\t<\/span>\n\t\t\t\t\t\t\t\t\t\t\t\t<a class=\"elementor-toggle-title\" tabindex=\"0\">Prochaines activit\u00e9s adapt\u00e9es&nbsp;<\/a>\n\t\t\t\t\t<\/div>\n\n\t\t\t\t\t<div id=\"elementor-tab-content-1674\" class=\"elementor-tab-content elementor-clearfix\" data-tab=\"4\" role=\"region\" aria-labelledby=\"elementor-tab-title-1674\"><p>Actuellement, aucune activit\u00e9 sp\u00e9cifique n\u2019est programm\u00e9e.<\/p><p>Pour d\u00e9couvrir l\u2019ensemble des \u00e9v\u00e9nements, consultez l\u2019<a href=\"https:\/\/mhcdf.ch\/agenda\/\">agenda du Mus\u00e9e<\/a>.<\/p><\/div>\n\t\t\t\t<\/div>\n\t\t\t\t\t\t\t\t<\/div>\n\t\t\t\t\t\t<\/div>\n\t\t\t\t<\/div>\n\t\t\t\t\t<\/div>\n\t\t<\/div>\n\t\t\t\t\t<\/div>\n\t\t<\/section>\n\t\t\t\t<\/div>\n\t\t<h2>Informations pratiques<\/h2><p><a href=\"https:\/\/mhcdf.ch\/culture-inclusive\/acces-et-tarifs\/\">Acc\u00e8s et tarifs<\/a><\/p><p><a href=\"https:\/\/mhcdf.ch\/agenda\/\">Voir l\u2019agenda du mus\u00e9e<\/a>.<\/p><p>Pour organiser votre visite, vous pouvez nous t\u00e9l\u00e9phoner au <a href=\"tel:+41329676088\">032 967 60 88<\/a> ou nous envoyer un mail \u00e0 l\u2019adresse suivante&nbsp;: <a href=\"mailto:mhreservations@ne.ch\">mhreservations@ne.ch<\/a>.<\/p>\t\t\t\t\t\t\t\t<\/div>\n\t\t\t\t<\/div>\n\t\t\t\t\t<\/div>\n\t\t<\/div>\n\t\t\t\t<div class=\"elementor-column elementor-col-50 elementor-top-column elementor-element elementor-element-8b3b879 post-grid-content\" data-id=\"8b3b879\" data-element_type=\"column\" data-settings=\"{&quot;background_background&quot;:&quot;classic&quot;}\">\n\t\t\t<div class=\"elementor-widget-wrap elementor-element-populated\">\n\t\t\t\t\t\t<div class=\"elementor-element elementor-element-8f71b3f elementor-widget elementor-widget-image\" data-id=\"8f71b3f\" data-element_type=\"widget\" data-widget_type=\"image.default\">\n\t\t\t\t<div class=\"elementor-widget-container\">\n\t\t\t\t\t\t\t\t\t\t\t\t\t\t\t<img fetchpriority=\"high\" decoding=\"async\" width=\"1200\" height=\"1628\" src=\"https:\/\/mhcdf.ch\/wp-content\/uploads\/2022\/09\/MH_-VISITES-ET-ATELIERS.jpg\" class=\"attachment-full size-full wp-image-3803\" alt=\"Mus\u00e9e d'histoire - visites et ateliers\" srcset=\"https:\/\/mhcdf.ch\/wp-content\/uploads\/2022\/09\/MH_-VISITES-ET-ATELIERS.jpg 1200w, https:\/\/mhcdf.ch\/wp-content\/uploads\/2022\/09\/MH_-VISITES-ET-ATELIERS-221x300.jpg 221w, https:\/\/mhcdf.ch\/wp-content\/uploads\/2022\/09\/MH_-VISITES-ET-ATELIERS-755x1024.jpg 755w, https:\/\/mhcdf.ch\/wp-content\/uploads\/2022\/09\/MH_-VISITES-ET-ATELIERS-768x1042.jpg 768w, https:\/\/mhcdf.ch\/wp-content\/uploads\/2022\/09\/MH_-VISITES-ET-ATELIERS-1132x1536.jpg 1132w\" sizes=\"(max-width: 1200px) 100vw, 1200px\">\t\t\t\t\t\t\t\t\t\t\t\t\t\t\t<\/div>\n\t\t\t\t<\/div>\n\t\t\t\t\t<\/div>\n\t\t<\/div>\n\t\t\t\t\t<\/div>\n\t\t<\/section>\n\t\t\t\t<\/div>\n\t\t","protected":false},"excerpt":{"rendered":"<p>Que faire au&nbsp;Mus\u00e9e&nbsp;? Visites et ateliers Le Mus\u00e9e d\u2019histoire propose des activit\u00e9s adapt\u00e9es pour les personnes avec besoins particuliers. Informations pratiques Acc\u00e8s et tarifs Voir l\u2019agenda du mus\u00e9e. Pour organiser votre visite, vous pouvez nous t\u00e9l\u00e9phoner au 032 967 60 88 ou nous envoyer un mail \u00e0 l\u2019adresse suivante&nbsp;: mhreservations@ne.ch.<\/p>\n","protected":false},"author":1,"featured_media":0,"parent":1103,"menu_order":0,"comment_status":"closed","ping_status":"closed","template":"elementor_header_footer","meta":{"_acf_changed":false,"wp_typography_post_enhancements_disabled":false,"footnotes":""},"class_list":["post-2741","page","type-page","status-publish","hentry"],"acf":[],"publishpress_future_workflow_manual_trigger":{"enabledWorkflows":[]},"_links":{"self":[{"href":"https:\/\/mhcdf.ch\/de\/wp-json\/wp\/v2\/pages\/2741","targetHints":{"allow":["GET"]}}],"collection":[{"href":"https:\/\/mhcdf.ch\/de\/wp-json\/wp\/v2\/pages"}],"about":[{"href":"https:\/\/mhcdf.ch\/de\/wp-json\/wp\/v2\/types\/page"}],"author":[{"embeddable":true,"href":"https:\/\/mhcdf.ch\/de\/wp-json\/wp\/v2\/users\/1"}],"replies":[{"embeddable":true,"href":"https:\/\/mhcdf.ch\/de\/wp-json\/wp\/v2\/comments?post=2741"}],"version-history":[{"count":79,"href":"https:\/\/mhcdf.ch\/de\/wp-json\/wp\/v2\/pages\/2741\/revisions"}],"predecessor-version":[{"id":7428,"href":"https:\/\/mhcdf.ch\/de\/wp-json\/wp\/v2\/pages\/2741\/revisions\/7428"}],"up":[{"embeddable":true,"href":"https:\/\/mhcdf.ch\/de\/wp-json\/wp\/v2\/pages\/1103"}],"wp:attachment":[{"href":"https:\/\/mhcdf.ch\/de\/wp-json\/wp\/v2\/media?parent=2741"}],"curies":[{"name":"wp","href":"https:\/\/api.w.org\/{rel}","templated":true}]}}