{"id":1925,"date":"2022-05-11T07:20:37","date_gmt":"2022-05-11T07:20:37","guid":{"rendered":"http:\/\/cs6nvasrbe.preview.infomaniak.website\/?page_id=1925"},"modified":"2024-04-11T09:20:29","modified_gmt":"2024-04-11T09:20:29","slug":"jeux-de-societe","status":"publish","type":"page","link":"https:\/\/mhcdf.ch\/de\/espace-ludique\/jeux-de-societe\/","title":{"rendered":"Jeux de soci\u00e9t\u00e9"},"content":{"rendered":"\t\t<div data-elementor-type=\"wp-page\" data-elementor-id=\"1925\" class=\"elementor elementor-1925\" data-elementor-post-type=\"page\">\n\t\t\t\t\t\t<section class=\"elementor-section elementor-top-section elementor-element elementor-element-03a616b elementor-section-full_width header-home header-page-externe elementor-section-height-default elementor-section-height-default\" data-id=\"03a616b\" data-element_type=\"section\">\n\t\t\t\t\t\t<div class=\"elementor-container elementor-column-gap-default\">\n\t\t\t\t\t<div class=\"elementor-column elementor-col-100 elementor-top-column elementor-element elementor-element-358e81a header-marge\" data-id=\"358e81a\" data-element_type=\"column\" data-settings=\"{&quot;background_background&quot;:&quot;classic&quot;}\">\n\t\t\t<div class=\"elementor-widget-wrap elementor-element-populated\">\n\t\t\t\t\t\t<div class=\"elementor-element elementor-element-c50f416 titre-haut-page elementor-widget elementor-widget-text-editor\" data-id=\"c50f416\" data-element_type=\"widget\" data-widget_type=\"text-editor.default\">\n\t\t\t\t<div class=\"elementor-widget-container\">\n\t\t\t\t\t\t\t\t\t<h1>Que faire au&nbsp;Mus\u00e9e&nbsp;?<\/h1>\t\t\t\t\t\t\t\t<\/div>\n\t\t\t\t<\/div>\n\t\t\t\t\t<\/div>\n\t\t<\/div>\n\t\t\t\t\t<\/div>\n\t\t<\/section>\n\t\t\t\t<section class=\"elementor-section elementor-top-section elementor-element elementor-element-4b61538 separation-1unite menu-secondaire-fixed elementor-section-full_width elementor-section-content-top elementor-section-height-default elementor-section-height-default\" data-id=\"4b61538\" data-element_type=\"section\" data-settings=\"{&quot;background_background&quot;:&quot;classic&quot;}\">\n\t\t\t\t\t\t<div class=\"elementor-container elementor-column-gap-default\">\n\t\t\t\t\t<div class=\"elementor-column elementor-col-100 elementor-top-column elementor-element elementor-element-42063da\" data-id=\"42063da\" data-element_type=\"column\">\n\t\t\t<div class=\"elementor-widget-wrap elementor-element-populated\">\n\t\t\t\t\t\t<div class=\"elementor-element elementor-element-2af7053 page-content-titre-menu elementor-widget elementor-widget-shortcode\" data-id=\"2af7053\" data-element_type=\"widget\" data-widget_type=\"shortcode.default\">\n\t\t\t\t<div class=\"elementor-widget-container\">\n\t\t\t\t\t\t\t<div class=\"elementor-shortcode\"><p>espace ludique<\/p><\/div>\n\t\t\t\t\t\t<\/div>\n\t\t\t\t<\/div>\n\t\t\t\t<div class=\"elementor-element elementor-element-084bb99 elementor-nav-menu__align-center elementor-nav-menu--dropdown-mobile menu-secondaire elementor-nav-menu__text-align-aside elementor-nav-menu--toggle elementor-nav-menu--burger elementor-widget elementor-widget-global elementor-global-323 elementor-widget-nav-menu\" data-id=\"084bb99\" data-element_type=\"widget\" data-settings=\"{&quot;layout&quot;:&quot;horizontal&quot;,&quot;submenu_icon&quot;:{&quot;value&quot;:&quot;fas fa-caret-down&quot;,&quot;library&quot;:&quot;fa-solid&quot;},&quot;toggle&quot;:&quot;burger&quot;}\" data-widget_type=\"nav-menu.default\">\n\t\t\t\t<div class=\"elementor-widget-container\">\n\t\t\t\t\t\t\t\t<nav aria-label=\"Men\u00fc\" class=\"elementor-nav-menu--main elementor-nav-menu__container elementor-nav-menu--layout-horizontal e--pointer-none\">\n\t\t\t\t<ul id=\"menu-1-084bb99\" class=\"elementor-nav-menu\"><li class=\"menu-item menu-item-type-post_type menu-item-object-page menu-item-1117\"><a href=\"https:\/\/mhcdf.ch\/de\/culture-inclusive\/\" class=\"elementor-item\">culture inclusive<\/a><\/li>\n<li class=\"menu-item menu-item-type-post_type menu-item-object-page menu-item-391\"><a href=\"https:\/\/mhcdf.ch\/de\/jeune-public\/\" class=\"elementor-item\">jeune public<\/a><\/li>\n<li class=\"menu-item menu-item-type-post_type menu-item-object-page menu-item-273\"><a href=\"https:\/\/mhcdf.ch\/de\/espace-ludique\/\" class=\"elementor-item\">espace ludique<\/a><\/li>\n<li class=\"menu-item menu-item-type-post_type menu-item-object-page menu-item-1233\"><a href=\"https:\/\/mhcdf.ch\/de\/entreprises-2\/\" class=\"elementor-item\">entreprises<\/a><\/li>\n<li class=\"menu-item menu-item-type-post_type menu-item-object-page menu-item-397\"><a href=\"https:\/\/mhcdf.ch\/de\/ecoles\/\" class=\"elementor-item\">\u00e9coles<\/a><\/li>\n<\/ul>\t\t\t<\/nav>\n\t\t\t\t\t<div class=\"elementor-menu-toggle\" role=\"button\" tabindex=\"0\" aria-label=\"Men\u00fc Umschalter\" aria-expanded=\"false\">\n\t\t\t<i aria-hidden=\"true\" role=\"presentation\" class=\"elementor-menu-toggle__icon--open eicon-menu-bar\"><\/i><i aria-hidden=\"true\" role=\"presentation\" class=\"elementor-menu-toggle__icon--close eicon-close\"><\/i>\t\t<\/div>\n\t\t\t\t\t<nav class=\"elementor-nav-menu--dropdown elementor-nav-menu__container\" aria-hidden=\"true\">\n\t\t\t\t<ul id=\"menu-2-084bb99\" class=\"elementor-nav-menu\"><li class=\"menu-item menu-item-type-post_type menu-item-object-page menu-item-1117\"><a href=\"https:\/\/mhcdf.ch\/de\/culture-inclusive\/\" class=\"elementor-item\" tabindex=\"-1\">culture inclusive<\/a><\/li>\n<li class=\"menu-item menu-item-type-post_type menu-item-object-page menu-item-391\"><a href=\"https:\/\/mhcdf.ch\/de\/jeune-public\/\" class=\"elementor-item\" tabindex=\"-1\">jeune public<\/a><\/li>\n<li class=\"menu-item menu-item-type-post_type menu-item-object-page menu-item-273\"><a href=\"https:\/\/mhcdf.ch\/de\/espace-ludique\/\" class=\"elementor-item\" tabindex=\"-1\">espace ludique<\/a><\/li>\n<li class=\"menu-item menu-item-type-post_type menu-item-object-page menu-item-1233\"><a href=\"https:\/\/mhcdf.ch\/de\/entreprises-2\/\" class=\"elementor-item\" tabindex=\"-1\">entreprises<\/a><\/li>\n<li class=\"menu-item menu-item-type-post_type menu-item-object-page menu-item-397\"><a href=\"https:\/\/mhcdf.ch\/de\/ecoles\/\" class=\"elementor-item\" tabindex=\"-1\">\u00e9coles<\/a><\/li>\n<\/ul>\t\t\t<\/nav>\n\t\t\t\t\t\t<\/div>\n\t\t\t\t<\/div>\n\t\t\t\t\t<\/div>\n\t\t<\/div>\n\t\t\t\t\t<\/div>\n\t\t<\/section>\n\t\t\t\t<section class=\"elementor-section elementor-top-section elementor-element elementor-element-06e807c elementor-section-full_width margin-general margin-bottom-secondaire margin-top-secondaire elementor-section-height-default elementor-section-height-default\" data-id=\"06e807c\" data-element_type=\"section\">\n\t\t\t\t\t\t<div class=\"elementor-container elementor-column-gap-no\">\n\t\t\t\t\t<div class=\"elementor-column elementor-col-50 elementor-top-column elementor-element elementor-element-961a43e post-grid-content post-grid-content-padding\" data-id=\"961a43e\" data-element_type=\"column\" data-settings=\"{&quot;background_background&quot;:&quot;classic&quot;}\">\n\t\t\t<div class=\"elementor-widget-wrap elementor-element-populated\">\n\t\t\t\t\t\t<section class=\"elementor-section elementor-inner-section elementor-element elementor-element-6f1fea4 elementor-section-boxed elementor-section-height-default elementor-section-height-default\" data-id=\"6f1fea4\" data-element_type=\"section\">\n\t\t\t\t\t\t<div class=\"elementor-container elementor-column-gap-default\">\n\t\t\t\t\t<div class=\"elementor-column elementor-col-100 elementor-inner-column elementor-element elementor-element-cb45d56 page-content-titre\" data-id=\"cb45d56\" data-element_type=\"column\">\n\t\t\t<div class=\"elementor-widget-wrap elementor-element-populated\">\n\t\t\t\t\t\t<div class=\"elementor-element elementor-element-931f492 elementor-widget elementor-widget-heading\" data-id=\"931f492\" data-element_type=\"widget\" data-widget_type=\"heading.default\">\n\t\t\t\t<div class=\"elementor-widget-container\">\n\t\t\t\t\t<h1 class=\"elementor-heading-title elementor-size-default\">Jeux de soci\u00e9t\u00e9<\/h1>\t\t\t\t<\/div>\n\t\t\t\t<\/div>\n\t\t\t\t\t<\/div>\n\t\t<\/div>\n\t\t\t\t\t<\/div>\n\t\t<\/section>\n\t\t\t\t<div class=\"elementor-element elementor-element-facd65e page-content-arrow-back btn-retour btn-click-retour elementor-widget elementor-widget-global elementor-global-296 elementor-widget-image\" data-id=\"facd65e\" data-element_type=\"widget\" data-widget_type=\"image.default\">\n\t\t\t\t<div class=\"elementor-widget-container\">\n\t\t\t\t\t\t\t\t\t\t\t\t\t\t\t<img decoding=\"async\" width=\"30\" height=\"30\" src=\"https:\/\/mhcdf.ch\/wp-content\/uploads\/2022\/04\/mh_arrowleft_typo_decale.svg\" class=\"attachment-full size-full wp-image-669\" alt>\t\t\t\t\t\t\t\t\t\t\t\t\t\t\t<\/div>\n\t\t\t\t<\/div>\n\t\t\t\t<div class=\"elementor-element elementor-element-cd3dda7 elementor-widget elementor-widget-text-editor\" data-id=\"cd3dda7\" data-element_type=\"widget\" data-widget_type=\"text-editor.default\">\n\t\t\t\t<div class=\"elementor-widget-container\">\n\t\t\t\t\t\t\t\t\t<h2>Pour les tout-petits&nbsp;:<\/h2><p><strong>Souviens-toi<\/strong> (jeu de memory) \u2013 D\u00e8s 4 ans Plongez dans l\u2019univers ludique du Mus\u00e9e d\u00e8s l\u2019\u00e2ge de 4 ans avec ce jeu de memory. Parfait pour stimuler la m\u00e9moire des plus jeunes tout en d\u00e9couvrant les tr\u00e9sors du&nbsp;mus\u00e9e.<\/p><p><strong>Puzzles<\/strong> (30, 72, 200 et 500 pi\u00e8ces) \u2013 D\u00e8s 4 ans Les petits amateurs de puzzles seront ravis avec notre s\u00e9lection de puzzles adapt\u00e9s \u00e0 diff\u00e9rents niveaux de difficult\u00e9, d\u00e8s l\u2019\u00e2ge de 4 ans. Reconstituez d\u2019anciennes vues de la ville et d\u00e9veloppez votre patience tout en vous amusant&nbsp;!<\/p><h2><br>Pour les enfants plus&nbsp;\u00e2g\u00e9s&nbsp;:<\/h2><p><br><strong>T\u2019as qui toi ?<\/strong> (adaptation locale du Qui est-ce ?) \u2013 D\u00e8s 6 ans \u00c0 partir de 6 ans, plongez dans une version locale de ce c\u00e9l\u00e8bre jeu de d\u00e9duction. Testez vos comp\u00e9tences pour d\u00e9couvrir qui se cache derri\u00e8re chaque personnage ou objet li\u00e9 \u00e0 l\u2019histoire de notre&nbsp;ville.<\/p><p><br><strong>Gribouillages chaux-de-fonniers<\/strong> (version locale du Dessinez c\u2019est gagn\u00e9 !) \u2013 D\u00e8s 8 ans Les jeunes artistes \u00e2g\u00e9s de 8 ans et plus seront enchant\u00e9s par ce jeu de dessin local.<\/p><p><br><strong>La Ruche en Questions<\/strong> (adaptation locale du Trivial Pursuit) \u2013 \u00c2g\u00e9s de 8 ans et plus, ce jeu est un d\u00e9fi passionnant pour les amateurs de&nbsp;quiz&nbsp;!<\/p><p><strong>H\u00e9ros d\u2019en haut<\/strong> (adaptation locale du Time\u2019s up !) \u2013 D\u00e8s 10 ans \u00c0 partir de 10 ans, d\u00e9fiez vos amis avec ce jeu de devinettes inspir\u00e9 du Time\u2019s up ! D\u00e9couvrez de nombreux personnages c\u00e9l\u00e8bres de l\u2019histoire de La Chaux-de-Fonds en faisant deviner \u00e0 vos partenaires qui ils&nbsp;sont.<\/p><p>Les personnages prennent vie et viennent litt\u00e9ralement jouer avec nous \u00e0 travers le&nbsp; travail de graphisme effectu\u00e9 par Johanna Castellanos Dubuis, de l\u2019atelier <a href=\"https:\/\/racinesgraphiques.com\/\">Racines Graphiques<\/a>.<\/p><h2>Informations pratiques<\/h2><p>Offre comprise dans le tarif d\u2019entr\u00e9e.<\/p><p>Tous les jeux de soci\u00e9t\u00e9 sont \u00e9galement disponibles \u00e0 l\u2019achat dans la boutique du&nbsp;mus\u00e9e<\/p>\t\t\t\t\t\t\t\t<\/div>\n\t\t\t\t<\/div>\n\t\t\t\t\t<\/div>\n\t\t<\/div>\n\t\t\t\t<div class=\"elementor-column elementor-col-50 elementor-top-column elementor-element elementor-element-d918189 post-grid-content\" data-id=\"d918189\" data-element_type=\"column\" data-settings=\"{&quot;background_background&quot;:&quot;classic&quot;}\">\n\t\t\t<div class=\"elementor-widget-wrap elementor-element-populated\">\n\t\t\t\t\t\t<div class=\"elementor-element elementor-element-3e8cb73 elementor-widget elementor-widget-image\" data-id=\"3e8cb73\" data-element_type=\"widget\" data-widget_type=\"image.default\">\n\t\t\t\t<div class=\"elementor-widget-container\">\n\t\t\t\t\t\t\t\t\t\t\t\t<figure class=\"wp-caption\">\n\t\t\t\t\t\t\t\t\t\t<img fetchpriority=\"high\" decoding=\"async\" width=\"1200\" height=\"1753\" src=\"https:\/\/mhcdf.ch\/wp-content\/uploads\/2022\/09\/IMAGE-VERTICALES-JEUX-DE-SOCIETE.png\" class=\"attachment-full size-full wp-image-4657\" alt=\"Jeux de soci\u00e9t\u00e9, photographie\" srcset=\"https:\/\/mhcdf.ch\/wp-content\/uploads\/2022\/09\/IMAGE-VERTICALES-JEUX-DE-SOCIETE.png 1200w, https:\/\/mhcdf.ch\/wp-content\/uploads\/2022\/09\/IMAGE-VERTICALES-JEUX-DE-SOCIETE-205x300.png 205w, https:\/\/mhcdf.ch\/wp-content\/uploads\/2022\/09\/IMAGE-VERTICALES-JEUX-DE-SOCIETE-701x1024.png 701w, https:\/\/mhcdf.ch\/wp-content\/uploads\/2022\/09\/IMAGE-VERTICALES-JEUX-DE-SOCIETE-768x1122.png 768w, https:\/\/mhcdf.ch\/wp-content\/uploads\/2022\/09\/IMAGE-VERTICALES-JEUX-DE-SOCIETE-1051x1536.png 1051w\" sizes=\"(max-width: 1200px) 100vw, 1200px\">\t\t\t\t\t\t\t\t\t\t\t<figcaption class=\"widget-image-caption wp-caption-text\">\u00a9Racines Graphiques, Mus\u00e9e d\u2019histoire La Chaux-de-Fonds<\/figcaption>\n\t\t\t\t\t\t\t\t\t\t<\/figure>\n\t\t\t\t\t\t\t\t\t<\/div>\n\t\t\t\t<\/div>\n\t\t\t\t\t<\/div>\n\t\t<\/div>\n\t\t\t\t\t<\/div>\n\t\t<\/section>\n\t\t\t\t<\/div>\n\t\t","protected":false},"excerpt":{"rendered":"<p>Que faire au&nbsp;Mus\u00e9e&nbsp;? Jeux de soci\u00e9t\u00e9 Pour les tout-petits&nbsp;: Souviens-toi (jeu de memory) \u2013 D\u00e8s 4 ans Plongez dans l\u2019univers ludique du Mus\u00e9e d\u00e8s l\u2019\u00e2ge de 4 ans avec ce jeu de memory. Parfait pour stimuler la m\u00e9moire des plus jeunes tout en d\u00e9couvrant les tr\u00e9sors du&nbsp;mus\u00e9e. Puzzles (30, 72, 200 et 500 pi\u00e8ces)&nbsp;\u2013&nbsp;[\u2026]<\/p>\n","protected":false},"author":1,"featured_media":0,"parent":152,"menu_order":0,"comment_status":"closed","ping_status":"closed","template":"elementor_header_footer","meta":{"_acf_changed":false,"wp_typography_post_enhancements_disabled":false,"footnotes":""},"class_list":["post-1925","page","type-page","status-publish","hentry"],"acf":[],"publishpress_future_workflow_manual_trigger":{"enabledWorkflows":[]},"_links":{"self":[{"href":"https:\/\/mhcdf.ch\/de\/wp-json\/wp\/v2\/pages\/1925","targetHints":{"allow":["GET"]}}],"collection":[{"href":"https:\/\/mhcdf.ch\/de\/wp-json\/wp\/v2\/pages"}],"about":[{"href":"https:\/\/mhcdf.ch\/de\/wp-json\/wp\/v2\/types\/page"}],"author":[{"embeddable":true,"href":"https:\/\/mhcdf.ch\/de\/wp-json\/wp\/v2\/users\/1"}],"replies":[{"embeddable":true,"href":"https:\/\/mhcdf.ch\/de\/wp-json\/wp\/v2\/comments?post=1925"}],"version-history":[{"count":40,"href":"https:\/\/mhcdf.ch\/de\/wp-json\/wp\/v2\/pages\/1925\/revisions"}],"predecessor-version":[{"id":7571,"href":"https:\/\/mhcdf.ch\/de\/wp-json\/wp\/v2\/pages\/1925\/revisions\/7571"}],"up":[{"embeddable":true,"href":"https:\/\/mhcdf.ch\/de\/wp-json\/wp\/v2\/pages\/152"}],"wp:attachment":[{"href":"https:\/\/mhcdf.ch\/de\/wp-json\/wp\/v2\/media?parent=1925"}],"curies":[{"name":"wp","href":"https:\/\/api.w.org\/{rel}","templated":true}]}}