{"id":1911,"date":"2022-05-11T07:13:38","date_gmt":"2022-05-11T07:13:38","guid":{"rendered":"http:\/\/cs6nvasrbe.preview.infomaniak.website\/?page_id=1911"},"modified":"2025-04-10T11:36:35","modified_gmt":"2025-04-10T11:36:35","slug":"escape-room-au-voleur","status":"publish","type":"page","link":"https:\/\/mhcdf.ch\/de\/espace-ludique\/escape-room-au-voleur\/","title":{"rendered":"Escape room Au voleur&nbsp;!"},"content":{"rendered":"\t\t<div data-elementor-type=\"wp-page\" data-elementor-id=\"1911\" class=\"elementor elementor-1911\" data-elementor-post-type=\"page\">\n\t\t\t\t\t\t<section class=\"elementor-section elementor-top-section elementor-element elementor-element-03a616b elementor-section-full_width header-home header-page-externe elementor-section-height-default elementor-section-height-default\" data-id=\"03a616b\" data-element_type=\"section\">\n\t\t\t\t\t\t<div class=\"elementor-container elementor-column-gap-default\">\n\t\t\t\t\t<div class=\"elementor-column elementor-col-100 elementor-top-column elementor-element elementor-element-358e81a header-marge\" data-id=\"358e81a\" data-element_type=\"column\" data-settings=\"{&quot;background_background&quot;:&quot;classic&quot;}\">\n\t\t\t<div class=\"elementor-widget-wrap elementor-element-populated\">\n\t\t\t\t\t\t<div class=\"elementor-element elementor-element-c50f416 titre-haut-page elementor-widget elementor-widget-text-editor\" data-id=\"c50f416\" data-element_type=\"widget\" data-widget_type=\"text-editor.default\">\n\t\t\t\t<div class=\"elementor-widget-container\">\n\t\t\t\t\t\t\t\t\t<h1>Que faire au&nbsp;Mus\u00e9e&nbsp;?<\/h1>\t\t\t\t\t\t\t\t<\/div>\n\t\t\t\t<\/div>\n\t\t\t\t\t<\/div>\n\t\t<\/div>\n\t\t\t\t\t<\/div>\n\t\t<\/section>\n\t\t\t\t<section class=\"elementor-section elementor-top-section elementor-element elementor-element-4b61538 separation-1unite menu-secondaire-fixed elementor-section-full_width elementor-section-content-top elementor-section-height-default elementor-section-height-default\" data-id=\"4b61538\" data-element_type=\"section\" data-settings=\"{&quot;background_background&quot;:&quot;classic&quot;}\">\n\t\t\t\t\t\t<div class=\"elementor-container elementor-column-gap-default\">\n\t\t\t\t\t<div class=\"elementor-column elementor-col-100 elementor-top-column elementor-element elementor-element-42063da\" data-id=\"42063da\" data-element_type=\"column\">\n\t\t\t<div class=\"elementor-widget-wrap elementor-element-populated\">\n\t\t\t\t\t\t<div class=\"elementor-element elementor-element-2af7053 page-content-titre-menu elementor-widget elementor-widget-shortcode\" data-id=\"2af7053\" data-element_type=\"widget\" data-widget_type=\"shortcode.default\">\n\t\t\t\t<div class=\"elementor-widget-container\">\n\t\t\t\t\t\t\t<div class=\"elementor-shortcode\"><p>espace ludique<\/p><\/div>\n\t\t\t\t\t\t<\/div>\n\t\t\t\t<\/div>\n\t\t\t\t<div class=\"elementor-element elementor-element-084bb99 elementor-nav-menu__align-center elementor-nav-menu--dropdown-mobile menu-secondaire elementor-nav-menu__text-align-aside elementor-nav-menu--toggle elementor-nav-menu--burger elementor-widget elementor-widget-global elementor-global-323 elementor-widget-nav-menu\" data-id=\"084bb99\" data-element_type=\"widget\" data-settings=\"{&quot;layout&quot;:&quot;horizontal&quot;,&quot;submenu_icon&quot;:{&quot;value&quot;:&quot;fas fa-caret-down&quot;,&quot;library&quot;:&quot;fa-solid&quot;},&quot;toggle&quot;:&quot;burger&quot;}\" data-widget_type=\"nav-menu.default\">\n\t\t\t\t<div class=\"elementor-widget-container\">\n\t\t\t\t\t\t\t\t<nav aria-label=\"Men\u00fc\" class=\"elementor-nav-menu--main elementor-nav-menu__container elementor-nav-menu--layout-horizontal e--pointer-none\">\n\t\t\t\t<ul id=\"menu-1-084bb99\" class=\"elementor-nav-menu\"><li class=\"menu-item menu-item-type-post_type menu-item-object-page menu-item-1117\"><a href=\"https:\/\/mhcdf.ch\/de\/culture-inclusive\/\" class=\"elementor-item\">culture inclusive<\/a><\/li>\n<li class=\"menu-item menu-item-type-post_type menu-item-object-page menu-item-391\"><a href=\"https:\/\/mhcdf.ch\/de\/jeune-public\/\" class=\"elementor-item\">jeune public<\/a><\/li>\n<li class=\"menu-item menu-item-type-post_type menu-item-object-page menu-item-273\"><a href=\"https:\/\/mhcdf.ch\/de\/espace-ludique\/\" class=\"elementor-item\">espace ludique<\/a><\/li>\n<li class=\"menu-item menu-item-type-post_type menu-item-object-page menu-item-1233\"><a href=\"https:\/\/mhcdf.ch\/de\/entreprises-2\/\" class=\"elementor-item\">entreprises<\/a><\/li>\n<li class=\"menu-item menu-item-type-post_type menu-item-object-page menu-item-397\"><a href=\"https:\/\/mhcdf.ch\/de\/ecoles\/\" class=\"elementor-item\">\u00e9coles<\/a><\/li>\n<\/ul>\t\t\t<\/nav>\n\t\t\t\t\t<div class=\"elementor-menu-toggle\" role=\"button\" tabindex=\"0\" aria-label=\"Men\u00fc Umschalter\" aria-expanded=\"false\">\n\t\t\t<i aria-hidden=\"true\" role=\"presentation\" class=\"elementor-menu-toggle__icon--open eicon-menu-bar\"><\/i><i aria-hidden=\"true\" role=\"presentation\" class=\"elementor-menu-toggle__icon--close eicon-close\"><\/i>\t\t<\/div>\n\t\t\t\t\t<nav class=\"elementor-nav-menu--dropdown elementor-nav-menu__container\" aria-hidden=\"true\">\n\t\t\t\t<ul id=\"menu-2-084bb99\" class=\"elementor-nav-menu\"><li class=\"menu-item menu-item-type-post_type menu-item-object-page menu-item-1117\"><a href=\"https:\/\/mhcdf.ch\/de\/culture-inclusive\/\" class=\"elementor-item\" tabindex=\"-1\">culture inclusive<\/a><\/li>\n<li class=\"menu-item menu-item-type-post_type menu-item-object-page menu-item-391\"><a href=\"https:\/\/mhcdf.ch\/de\/jeune-public\/\" class=\"elementor-item\" tabindex=\"-1\">jeune public<\/a><\/li>\n<li class=\"menu-item menu-item-type-post_type menu-item-object-page menu-item-273\"><a href=\"https:\/\/mhcdf.ch\/de\/espace-ludique\/\" class=\"elementor-item\" tabindex=\"-1\">espace ludique<\/a><\/li>\n<li class=\"menu-item menu-item-type-post_type menu-item-object-page menu-item-1233\"><a href=\"https:\/\/mhcdf.ch\/de\/entreprises-2\/\" class=\"elementor-item\" tabindex=\"-1\">entreprises<\/a><\/li>\n<li class=\"menu-item menu-item-type-post_type menu-item-object-page menu-item-397\"><a href=\"https:\/\/mhcdf.ch\/de\/ecoles\/\" class=\"elementor-item\" tabindex=\"-1\">\u00e9coles<\/a><\/li>\n<\/ul>\t\t\t<\/nav>\n\t\t\t\t\t\t<\/div>\n\t\t\t\t<\/div>\n\t\t\t\t\t<\/div>\n\t\t<\/div>\n\t\t\t\t\t<\/div>\n\t\t<\/section>\n\t\t\t\t<section class=\"elementor-section elementor-top-section elementor-element elementor-element-ca61bc6 elementor-section-full_width margin-general margin-top-secondaire margin-bottom-secondaire elementor-section-height-default elementor-section-height-default\" data-id=\"ca61bc6\" data-element_type=\"section\">\n\t\t\t\t\t\t<div class=\"elementor-container elementor-column-gap-no\">\n\t\t\t\t\t<div class=\"elementor-column elementor-col-50 elementor-top-column elementor-element elementor-element-6c0e4fb post-grid-content post-grid-content-padding\" data-id=\"6c0e4fb\" data-element_type=\"column\" data-settings=\"{&quot;background_background&quot;:&quot;classic&quot;}\">\n\t\t\t<div class=\"elementor-widget-wrap elementor-element-populated\">\n\t\t\t\t\t\t<section class=\"elementor-section elementor-inner-section elementor-element elementor-element-4f427e3 elementor-section-boxed elementor-section-height-default elementor-section-height-default\" data-id=\"4f427e3\" data-element_type=\"section\">\n\t\t\t\t\t\t<div class=\"elementor-container elementor-column-gap-default\">\n\t\t\t\t\t<div class=\"elementor-column elementor-col-100 elementor-inner-column elementor-element elementor-element-25ba28a page-content-titre\" data-id=\"25ba28a\" data-element_type=\"column\">\n\t\t\t<div class=\"elementor-widget-wrap elementor-element-populated\">\n\t\t\t\t\t\t<div class=\"elementor-element elementor-element-af5a623 elementor-widget elementor-widget-heading\" data-id=\"af5a623\" data-element_type=\"widget\" data-widget_type=\"heading.default\">\n\t\t\t\t<div class=\"elementor-widget-container\">\n\t\t\t\t\t<h1 class=\"elementor-heading-title elementor-size-default\">Escape room<br>Au voleur\u202f!<\/h1>\t\t\t\t<\/div>\n\t\t\t\t<\/div>\n\t\t\t\t<div class=\"elementor-element elementor-element-8fdb59a bouton-general bouton-bottom-left bouton-gris elementor-widget elementor-widget-button\" data-id=\"8fdb59a\" data-element_type=\"widget\" data-widget_type=\"button.default\">\n\t\t\t\t<div class=\"elementor-widget-container\">\n\t\t\t\t\t\t\t\t\t<div class=\"elementor-button-wrapper\">\n\t\t\t\t\t<a class=\"elementor-button elementor-button-link elementor-size-sm\" href=\"https:\/\/mhcdf.ch\/tout-public\/formulaire-reservation-escape-room\/\">\n\t\t\t\t\t\t<span class=\"elementor-button-content-wrapper\">\n\t\t\t\t\t\t\t\t\t<span class=\"elementor-button-text\">R\u00e9servation<\/span>\n\t\t\t\t\t<\/span>\n\t\t\t\t\t<\/a>\n\t\t\t\t<\/div>\n\t\t\t\t\t\t\t\t<\/div>\n\t\t\t\t<\/div>\n\t\t\t\t\t<\/div>\n\t\t<\/div>\n\t\t\t\t\t<\/div>\n\t\t<\/section>\n\t\t\t\t<div class=\"elementor-element elementor-element-e44b12d page-content-arrow-back btn-retour btn-click-retour elementor-widget elementor-widget-global elementor-global-296 elementor-widget-image\" data-id=\"e44b12d\" data-element_type=\"widget\" data-widget_type=\"image.default\">\n\t\t\t\t<div class=\"elementor-widget-container\">\n\t\t\t\t\t\t\t\t\t\t\t\t\t\t\t<img decoding=\"async\" width=\"30\" height=\"30\" src=\"https:\/\/mhcdf.ch\/wp-content\/uploads\/2022\/04\/mh_arrowleft_typo_decale.svg\" class=\"attachment-full size-full wp-image-669\" alt>\t\t\t\t\t\t\t\t\t\t\t\t\t\t\t<\/div>\n\t\t\t\t<\/div>\n\t\t\t\t<div class=\"elementor-element elementor-element-696ea05 elementor-widget elementor-widget-text-editor\" data-id=\"696ea05\" data-element_type=\"widget\" data-widget_type=\"text-editor.default\">\n\t\t\t\t<div class=\"elementor-widget-container\">\n\t\t\t\t\t\t\t\t\t<h2>Escape room au Mus\u00e9e d\u2019histoire sur le th\u00e8me de la R\u00e9volution neuch\u00e2teloise.<\/h2><p>La montre de Fritz Courvoisier a \u00e9t\u00e9 d\u00e9rob\u00e9e. Son fils, Paul-Fr\u00e9d\u00e9ric, l\u2019a cr\u00e9\u00e9e pour lui en souvenir de la R\u00e9volution neuch\u00e2teloise du 1er mars 1848.<br>Parviendrez-vous \u00e0 retrouver le voleur en explorant le bureau de Fritz Courvoisier&nbsp;?<\/p><p>R\u00e9alisation&nbsp;: Sylvie Pipoz et B\u00e9atrice Sacher, Mus\u00e9e d\u2019histoire<\/p><p>Graphisme et illustrations\u202f: Racines Graphiques<\/p><h2>Informations pratiques<\/h2><table class=\"table table-hover table-striped\"><tbody><tr><td>Prix<\/td><td>CHF 60.\u2013 (forfait pour une session)<\/td><\/tr><tr><td>Nombre de personnes maximum<\/td><td>6 \u2013 d\u00e8s 10 ans (accompagn\u00e9 d\u2019un adulte)<\/td><\/tr><\/tbody><\/table><p>Les parties de l\u2019Escape Room sont possibles les samedis et dimanches \u00e0 14h et 15h30 (dur\u00e9e du jeu : 45 minutes).<\/p><p>OUVERTURE aussi durant les jours f\u00e9ri\u00e9s : jeudi de l\u2019Ascension et les lundis de P\u00e2ques et Pentec\u00f4te \u00e0 14h et 15h30. Possible \u00e9galement sur demande durant les heures d\u2019ouverture du Mus\u00e9e (suppl\u00e9ment tarifaire de CHF&nbsp;50.-).<\/p><p>Vous cherchez une id\u00e9e de cadeau insolite pour vos amis ou votre famille\u202f? Offrez un bon cadeau pour une escape room\u202f!<\/p><p><a href=\"https:\/\/www.chaux-de-fonds.ch\/musees\/mh\/Documents\/ER_AuVoleur_Flyer.pdf\" target=\"_blank\" rel=\"noopener\">\u2192 Flyer<\/a><\/p>\t\t\t\t\t\t\t\t<\/div>\n\t\t\t\t<\/div>\n\t\t\t\t\t<\/div>\n\t\t<\/div>\n\t\t\t\t<div class=\"elementor-column elementor-col-50 elementor-top-column elementor-element elementor-element-e9eb925 post-grid-content\" data-id=\"e9eb925\" data-element_type=\"column\" data-settings=\"{&quot;background_background&quot;:&quot;classic&quot;}\">\n\t\t\t<div class=\"elementor-widget-wrap elementor-element-populated\">\n\t\t\t\t\t\t<div class=\"elementor-element elementor-element-31a4966 elementor-widget elementor-widget-image\" data-id=\"31a4966\" data-element_type=\"widget\" data-widget_type=\"image.default\">\n\t\t\t\t<div class=\"elementor-widget-container\">\n\t\t\t\t\t\t\t\t\t\t\t\t<figure class=\"wp-caption\">\n\t\t\t\t\t\t\t\t\t\t<img fetchpriority=\"high\" decoding=\"async\" width=\"1200\" height=\"1687\" src=\"https:\/\/mhcdf.ch\/wp-content\/uploads\/2022\/09\/IMAGE-VERTICALE-AuVoleur_Flyer-recto.png\" class=\"attachment-full size-full wp-image-4501\" alt=\"Flyer Escape Room Au Voleur\" srcset=\"https:\/\/mhcdf.ch\/wp-content\/uploads\/2022\/09\/IMAGE-VERTICALE-AuVoleur_Flyer-recto.png 1200w, https:\/\/mhcdf.ch\/wp-content\/uploads\/2022\/09\/IMAGE-VERTICALE-AuVoleur_Flyer-recto-213x300.png 213w, https:\/\/mhcdf.ch\/wp-content\/uploads\/2022\/09\/IMAGE-VERTICALE-AuVoleur_Flyer-recto-728x1024.png 728w, https:\/\/mhcdf.ch\/wp-content\/uploads\/2022\/09\/IMAGE-VERTICALE-AuVoleur_Flyer-recto-768x1080.png 768w, https:\/\/mhcdf.ch\/wp-content\/uploads\/2022\/09\/IMAGE-VERTICALE-AuVoleur_Flyer-recto-1093x1536.png 1093w\" sizes=\"(max-width: 1200px) 100vw, 1200px\">\t\t\t\t\t\t\t\t\t\t\t<figcaption class=\"widget-image-caption wp-caption-text\">\u00a9Racines Graphiques, Mus\u00e9e d\u2019histoire La Chaux-de-Fonds<\/figcaption>\n\t\t\t\t\t\t\t\t\t\t<\/figure>\n\t\t\t\t\t\t\t\t\t<\/div>\n\t\t\t\t<\/div>\n\t\t\t\t\t<\/div>\n\t\t<\/div>\n\t\t\t\t\t<\/div>\n\t\t<\/section>\n\t\t\t\t<\/div>\n\t\t","protected":false},"excerpt":{"rendered":"<p>Que faire au&nbsp;Mus\u00e9e&nbsp;? Escape roomAu voleur&nbsp;! R\u00e9servation Escape room au Mus\u00e9e d\u2019histoire sur le th\u00e8me de la R\u00e9volution neuch\u00e2teloise. La montre de Fritz Courvoisier a \u00e9t\u00e9 d\u00e9rob\u00e9e. Son fils, Paul-Fr\u00e9d\u00e9ric, l\u2019a cr\u00e9\u00e9e pour lui en souvenir de la R\u00e9volution neuch\u00e2teloise du 1er mars 1848.Parviendrez-vous \u00e0 retrouver le voleur en explorant le bureau de Fritz Courvoisier&nbsp;?&nbsp;[\u2026]<\/p>\n","protected":false},"author":1,"featured_media":0,"parent":152,"menu_order":0,"comment_status":"closed","ping_status":"closed","template":"elementor_header_footer","meta":{"_acf_changed":false,"wp_typography_post_enhancements_disabled":false,"footnotes":""},"class_list":["post-1911","page","type-page","status-publish","hentry"],"acf":[],"publishpress_future_workflow_manual_trigger":{"enabledWorkflows":[]},"_links":{"self":[{"href":"https:\/\/mhcdf.ch\/de\/wp-json\/wp\/v2\/pages\/1911","targetHints":{"allow":["GET"]}}],"collection":[{"href":"https:\/\/mhcdf.ch\/de\/wp-json\/wp\/v2\/pages"}],"about":[{"href":"https:\/\/mhcdf.ch\/de\/wp-json\/wp\/v2\/types\/page"}],"author":[{"embeddable":true,"href":"https:\/\/mhcdf.ch\/de\/wp-json\/wp\/v2\/users\/1"}],"replies":[{"embeddable":true,"href":"https:\/\/mhcdf.ch\/de\/wp-json\/wp\/v2\/comments?post=1911"}],"version-history":[{"count":46,"href":"https:\/\/mhcdf.ch\/de\/wp-json\/wp\/v2\/pages\/1911\/revisions"}],"predecessor-version":[{"id":8003,"href":"https:\/\/mhcdf.ch\/de\/wp-json\/wp\/v2\/pages\/1911\/revisions\/8003"}],"up":[{"embeddable":true,"href":"https:\/\/mhcdf.ch\/de\/wp-json\/wp\/v2\/pages\/152"}],"wp:attachment":[{"href":"https:\/\/mhcdf.ch\/de\/wp-json\/wp\/v2\/media?parent=1911"}],"curies":[{"name":"wp","href":"https:\/\/api.w.org\/{rel}","templated":true}]}}