{"id":1891,"date":"2022-05-11T07:03:04","date_gmt":"2022-05-11T07:03:04","guid":{"rendered":"http:\/\/cs6nvasrbe.preview.infomaniak.website\/?page_id=1891"},"modified":"2024-04-11T09:28:46","modified_gmt":"2024-04-11T09:28:46","slug":"lhistoire-en-jeux","status":"publish","type":"page","link":"https:\/\/mhcdf.ch\/de\/espace-ludique\/lhistoire-en-jeux\/","title":{"rendered":"l\u2019histoire en&nbsp;jeux"},"content":{"rendered":"\t\t<div data-elementor-type=\"wp-page\" data-elementor-id=\"1891\" class=\"elementor elementor-1891\" data-elementor-post-type=\"page\">\n\t\t\t\t\t\t<section class=\"elementor-section elementor-top-section elementor-element elementor-element-03a616b elementor-section-full_width header-home header-page-externe elementor-section-height-default elementor-section-height-default\" data-id=\"03a616b\" data-element_type=\"section\">\n\t\t\t\t\t\t<div class=\"elementor-container elementor-column-gap-default\">\n\t\t\t\t\t<div class=\"elementor-column elementor-col-100 elementor-top-column elementor-element elementor-element-358e81a header-marge\" data-id=\"358e81a\" data-element_type=\"column\" data-settings=\"{&quot;background_background&quot;:&quot;classic&quot;}\">\n\t\t\t<div class=\"elementor-widget-wrap elementor-element-populated\">\n\t\t\t\t\t\t<div class=\"elementor-element elementor-element-c50f416 titre-haut-page elementor-widget elementor-widget-text-editor\" data-id=\"c50f416\" data-element_type=\"widget\" data-widget_type=\"text-editor.default\">\n\t\t\t\t<div class=\"elementor-widget-container\">\n\t\t\t\t\t\t\t\t\t<h1>Que faire au&nbsp;Mus\u00e9e&nbsp;?<\/h1><p>&nbsp;<\/p>\t\t\t\t\t\t\t\t<\/div>\n\t\t\t\t<\/div>\n\t\t\t\t\t<\/div>\n\t\t<\/div>\n\t\t\t\t\t<\/div>\n\t\t<\/section>\n\t\t\t\t<section class=\"elementor-section elementor-top-section elementor-element elementor-element-4b61538 separation-1unite menu-secondaire-fixed elementor-section-full_width elementor-section-content-top elementor-section-height-default elementor-section-height-default\" data-id=\"4b61538\" data-element_type=\"section\" data-settings=\"{&quot;background_background&quot;:&quot;classic&quot;}\">\n\t\t\t\t\t\t<div class=\"elementor-container elementor-column-gap-default\">\n\t\t\t\t\t<div class=\"elementor-column elementor-col-100 elementor-top-column elementor-element elementor-element-42063da\" data-id=\"42063da\" data-element_type=\"column\">\n\t\t\t<div class=\"elementor-widget-wrap elementor-element-populated\">\n\t\t\t\t\t\t<div class=\"elementor-element elementor-element-2af7053 page-content-titre-menu elementor-widget elementor-widget-shortcode\" data-id=\"2af7053\" data-element_type=\"widget\" data-widget_type=\"shortcode.default\">\n\t\t\t\t<div class=\"elementor-widget-container\">\n\t\t\t\t\t\t\t<div class=\"elementor-shortcode\"><p>espace ludique<\/p><\/div>\n\t\t\t\t\t\t<\/div>\n\t\t\t\t<\/div>\n\t\t\t\t<div class=\"elementor-element elementor-element-084bb99 elementor-nav-menu__align-center elementor-nav-menu--dropdown-mobile menu-secondaire elementor-nav-menu__text-align-aside elementor-nav-menu--toggle elementor-nav-menu--burger elementor-widget elementor-widget-global elementor-global-323 elementor-widget-nav-menu\" data-id=\"084bb99\" data-element_type=\"widget\" data-settings=\"{&quot;layout&quot;:&quot;horizontal&quot;,&quot;submenu_icon&quot;:{&quot;value&quot;:&quot;fas fa-caret-down&quot;,&quot;library&quot;:&quot;fa-solid&quot;},&quot;toggle&quot;:&quot;burger&quot;}\" data-widget_type=\"nav-menu.default\">\n\t\t\t\t<div class=\"elementor-widget-container\">\n\t\t\t\t\t\t\t\t<nav aria-label=\"Men\u00fc\" class=\"elementor-nav-menu--main elementor-nav-menu__container elementor-nav-menu--layout-horizontal e--pointer-none\">\n\t\t\t\t<ul id=\"menu-1-084bb99\" class=\"elementor-nav-menu\"><li class=\"menu-item menu-item-type-post_type menu-item-object-page menu-item-1117\"><a href=\"https:\/\/mhcdf.ch\/de\/culture-inclusive\/\" class=\"elementor-item\">culture inclusive<\/a><\/li>\n<li class=\"menu-item menu-item-type-post_type menu-item-object-page menu-item-391\"><a href=\"https:\/\/mhcdf.ch\/de\/jeune-public\/\" class=\"elementor-item\">jeune public<\/a><\/li>\n<li class=\"menu-item menu-item-type-post_type menu-item-object-page menu-item-273\"><a href=\"https:\/\/mhcdf.ch\/de\/espace-ludique\/\" class=\"elementor-item\">espace ludique<\/a><\/li>\n<li class=\"menu-item menu-item-type-post_type menu-item-object-page menu-item-1233\"><a href=\"https:\/\/mhcdf.ch\/de\/entreprises-2\/\" class=\"elementor-item\">entreprises<\/a><\/li>\n<li class=\"menu-item menu-item-type-post_type menu-item-object-page menu-item-397\"><a href=\"https:\/\/mhcdf.ch\/de\/ecoles\/\" class=\"elementor-item\">\u00e9coles<\/a><\/li>\n<\/ul>\t\t\t<\/nav>\n\t\t\t\t\t<div class=\"elementor-menu-toggle\" role=\"button\" tabindex=\"0\" aria-label=\"Men\u00fc Umschalter\" aria-expanded=\"false\">\n\t\t\t<i aria-hidden=\"true\" role=\"presentation\" class=\"elementor-menu-toggle__icon--open eicon-menu-bar\"><\/i><i aria-hidden=\"true\" role=\"presentation\" class=\"elementor-menu-toggle__icon--close eicon-close\"><\/i>\t\t<\/div>\n\t\t\t\t\t<nav class=\"elementor-nav-menu--dropdown elementor-nav-menu__container\" aria-hidden=\"true\">\n\t\t\t\t<ul id=\"menu-2-084bb99\" class=\"elementor-nav-menu\"><li class=\"menu-item menu-item-type-post_type menu-item-object-page menu-item-1117\"><a href=\"https:\/\/mhcdf.ch\/de\/culture-inclusive\/\" class=\"elementor-item\" tabindex=\"-1\">culture inclusive<\/a><\/li>\n<li class=\"menu-item menu-item-type-post_type menu-item-object-page menu-item-391\"><a href=\"https:\/\/mhcdf.ch\/de\/jeune-public\/\" class=\"elementor-item\" tabindex=\"-1\">jeune public<\/a><\/li>\n<li class=\"menu-item menu-item-type-post_type menu-item-object-page menu-item-273\"><a href=\"https:\/\/mhcdf.ch\/de\/espace-ludique\/\" class=\"elementor-item\" tabindex=\"-1\">espace ludique<\/a><\/li>\n<li class=\"menu-item menu-item-type-post_type menu-item-object-page menu-item-1233\"><a href=\"https:\/\/mhcdf.ch\/de\/entreprises-2\/\" class=\"elementor-item\" tabindex=\"-1\">entreprises<\/a><\/li>\n<li class=\"menu-item menu-item-type-post_type menu-item-object-page menu-item-397\"><a href=\"https:\/\/mhcdf.ch\/de\/ecoles\/\" class=\"elementor-item\" tabindex=\"-1\">\u00e9coles<\/a><\/li>\n<\/ul>\t\t\t<\/nav>\n\t\t\t\t\t\t<\/div>\n\t\t\t\t<\/div>\n\t\t\t\t\t<\/div>\n\t\t<\/div>\n\t\t\t\t\t<\/div>\n\t\t<\/section>\n\t\t\t\t<section class=\"elementor-section elementor-top-section elementor-element elementor-element-9953d7e elementor-section-full_width margin-general margin-top-secondaire elementor-section-height-default elementor-section-height-default\" data-id=\"9953d7e\" data-element_type=\"section\">\n\t\t\t\t\t\t<div class=\"elementor-container elementor-column-gap-no\">\n\t\t\t\t\t<div class=\"elementor-column elementor-col-50 elementor-top-column elementor-element elementor-element-05819c6 post-grid-secondaire post-grid-content-padding\" data-id=\"05819c6\" data-element_type=\"column\">\n\t\t\t<div class=\"elementor-widget-wrap elementor-element-populated\">\n\t\t\t\t\t\t<div class=\"elementor-element elementor-element-72f104e elementor-widget elementor-widget-text-editor\" data-id=\"72f104e\" data-element_type=\"widget\" data-widget_type=\"text-editor.default\">\n\t\t\t\t<div class=\"elementor-widget-container\">\n\t\t\t\t\t\t\t\t\t<h1>L\u2019histoire en&nbsp;jeux<\/h1><h2>D\u00e9couvrez l\u2019histoire de la ville \u00e0 travers une exp\u00e9rience ludique au Mus\u00e9e. Accessible \u00e0 tous, des plus jeunes (\u00e0 partir de 4 ans) aux adultes. <a href=\"https:\/\/youtu.be\/sgeCG5hgkjE?feature=shared\">Vid\u00e9o de pr\u00e9sentation<\/a><\/h2>\t\t\t\t\t\t\t\t<\/div>\n\t\t\t\t<\/div>\n\t\t\t\t<div class=\"elementor-element elementor-element-cb7f67c page-content-arrow-back btn-retour elementor-widget elementor-widget-image\" data-id=\"cb7f67c\" data-element_type=\"widget\" data-widget_type=\"image.default\">\n\t\t\t\t<div class=\"elementor-widget-container\">\n\t\t\t\t\t\t\t\t\t\t\t\t\t\t\t\t<a href=\"https:\/\/mhcdf.ch\/espace-ludique\/\">\n\t\t\t\t\t\t\t<img decoding=\"async\" width=\"30\" height=\"30\" src=\"https:\/\/mhcdf.ch\/wp-content\/uploads\/2022\/04\/mh_arrowleft_typo_decale.svg\" class=\"attachment-full size-full wp-image-669\" alt>\t\t\t\t\t\t\t\t<\/a>\n\t\t\t\t\t\t\t\t\t\t\t\t\t\t\t<\/div>\n\t\t\t\t<\/div>\n\t\t\t\t\t<\/div>\n\t\t<\/div>\n\t\t\t\t<div class=\"elementor-column elementor-col-50 elementor-top-column elementor-element elementor-element-1fd3758 post-grid-secondaire\" data-id=\"1fd3758\" data-element_type=\"column\">\n\t\t\t<div class=\"elementor-widget-wrap elementor-element-populated\">\n\t\t\t\t\t\t<div class=\"elementor-element elementor-element-453ca8a titre-post-secondaire elementor-widget elementor-widget-heading\" data-id=\"453ca8a\" data-element_type=\"widget\" data-widget_type=\"heading.default\">\n\t\t\t\t<div class=\"elementor-widget-container\">\n\t\t\t\t\t<h1 class=\"elementor-heading-title elementor-size-default\"><a href=\"https:\/\/mhcdf.ch\/tout-public\/escape-room-au-voleur\/\">Escape room<br>Au voleur\u202f!<\/a><\/h1>\t\t\t\t<\/div>\n\t\t\t\t<\/div>\n\t\t\t\t<div class=\"elementor-element elementor-element-6dff8fa elementor-widget elementor-widget-image\" data-id=\"6dff8fa\" data-element_type=\"widget\" data-widget_type=\"image.default\">\n\t\t\t\t<div class=\"elementor-widget-container\">\n\t\t\t\t\t\t\t\t\t\t\t\t\t\t\t\t<a href=\"https:\/\/mhcdf.ch\/tout-public\/escape-room-au-voleur\/\">\n\t\t\t\t\t\t\t<img fetchpriority=\"high\" decoding=\"async\" width=\"1200\" height=\"700\" src=\"https:\/\/mhcdf.ch\/wp-content\/uploads\/2022\/09\/ER-AU-VOLEUR.png\" class=\"attachment-full size-full wp-image-4645\" alt=\"Escape Room Au Voleur ! Visuel\" srcset=\"https:\/\/mhcdf.ch\/wp-content\/uploads\/2022\/09\/ER-AU-VOLEUR.png 1200w, https:\/\/mhcdf.ch\/wp-content\/uploads\/2022\/09\/ER-AU-VOLEUR-300x175.png 300w, https:\/\/mhcdf.ch\/wp-content\/uploads\/2022\/09\/ER-AU-VOLEUR-1024x597.png 1024w, https:\/\/mhcdf.ch\/wp-content\/uploads\/2022\/09\/ER-AU-VOLEUR-768x448.png 768w\" sizes=\"(max-width: 1200px) 100vw, 1200px\">\t\t\t\t\t\t\t\t<\/a>\n\t\t\t\t\t\t\t\t\t\t\t\t\t\t\t<\/div>\n\t\t\t\t<\/div>\n\t\t\t\t\t<\/div>\n\t\t<\/div>\n\t\t\t\t\t<\/div>\n\t\t<\/section>\n\t\t\t\t<section class=\"elementor-section elementor-top-section elementor-element elementor-element-c62c92a elementor-section-full_width margin-general elementor-section-height-default elementor-section-height-default\" data-id=\"c62c92a\" data-element_type=\"section\">\n\t\t\t\t\t\t<div class=\"elementor-container elementor-column-gap-no\">\n\t\t\t\t\t<div class=\"elementor-column elementor-col-50 elementor-top-column elementor-element elementor-element-98d0918 post-grid-secondaire no-overflow\" data-id=\"98d0918\" data-element_type=\"column\">\n\t\t\t<div class=\"elementor-widget-wrap elementor-element-populated\">\n\t\t\t\t\t\t<div class=\"elementor-element elementor-element-3bd8d30 titre-post-secondaire elementor-widget elementor-widget-heading\" data-id=\"3bd8d30\" data-element_type=\"widget\" data-widget_type=\"heading.default\">\n\t\t\t\t<div class=\"elementor-widget-container\">\n\t\t\t\t\t<h1 class=\"elementor-heading-title elementor-size-default\"><a href=\"https:\/\/mhcdf.ch\/espace-ludique\/jeux-de-societe\/\">Jeux de soci\u00e9t\u00e9<\/a><\/h1>\t\t\t\t<\/div>\n\t\t\t\t<\/div>\n\t\t\t\t<div class=\"elementor-element elementor-element-5ae346f elementor-widget elementor-widget-image\" data-id=\"5ae346f\" data-element_type=\"widget\" data-widget_type=\"image.default\">\n\t\t\t\t<div class=\"elementor-widget-container\">\n\t\t\t\t\t\t\t\t\t\t\t\t\t\t\t\t<a href=\"https:\/\/mhcdf.ch\/espace-ludique\/jeux-de-societe\/\">\n\t\t\t\t\t\t\t<img decoding=\"async\" width=\"1200\" height=\"700\" src=\"https:\/\/mhcdf.ch\/wp-content\/uploads\/2022\/09\/JEUX-DE-SOCIETE.png\" class=\"attachment-full size-full wp-image-4651\" alt=\"Jeux de soci\u00e9t\u00e9\" srcset=\"https:\/\/mhcdf.ch\/wp-content\/uploads\/2022\/09\/JEUX-DE-SOCIETE.png 1200w, https:\/\/mhcdf.ch\/wp-content\/uploads\/2022\/09\/JEUX-DE-SOCIETE-300x175.png 300w, https:\/\/mhcdf.ch\/wp-content\/uploads\/2022\/09\/JEUX-DE-SOCIETE-1024x597.png 1024w, https:\/\/mhcdf.ch\/wp-content\/uploads\/2022\/09\/JEUX-DE-SOCIETE-768x448.png 768w\" sizes=\"(max-width: 1200px) 100vw, 1200px\">\t\t\t\t\t\t\t\t<\/a>\n\t\t\t\t\t\t\t\t\t\t\t\t\t\t\t<\/div>\n\t\t\t\t<\/div>\n\t\t\t\t\t<\/div>\n\t\t<\/div>\n\t\t\t\t<div class=\"elementor-column elementor-col-50 elementor-top-column elementor-element elementor-element-42062f4 post-grid-secondaire no-overflow last-post-grid\" data-id=\"42062f4\" data-element_type=\"column\">\n\t\t\t<div class=\"elementor-widget-wrap elementor-element-populated\">\n\t\t\t\t\t\t<div class=\"elementor-element elementor-element-b9192e9 titre-post-secondaire elementor-widget elementor-widget-heading\" data-id=\"b9192e9\" data-element_type=\"widget\" data-widget_type=\"heading.default\">\n\t\t\t\t<div class=\"elementor-widget-container\">\n\t\t\t\t\t<h1 class=\"elementor-heading-title elementor-size-default\"><a href=\"https:\/\/mhcdf.ch\/tout-public\/meurtres-a-1000-metres\/\">Meurtres \u00e0 mille m\u00e8tres<\/a><\/h1>\t\t\t\t<\/div>\n\t\t\t\t<\/div>\n\t\t\t\t<div class=\"elementor-element elementor-element-5514ba3 elementor-widget elementor-widget-image\" data-id=\"5514ba3\" data-element_type=\"widget\" data-widget_type=\"image.default\">\n\t\t\t\t<div class=\"elementor-widget-container\">\n\t\t\t\t\t\t\t\t\t\t\t\t\t\t\t\t<a href=\"https:\/\/mhcdf.ch\/tout-public\/meurtres-a-1000-metres\/\">\n\t\t\t\t\t\t\t<img loading=\"lazy\" decoding=\"async\" width=\"1400\" height=\"934\" src=\"https:\/\/mhcdf.ch\/wp-content\/uploads\/2022\/05\/mh_jeux_1000m_preview.jpg\" class=\"attachment-full size-full wp-image-1901\" alt=\"Exposition permanent, \u00a9Mus\u00e9e d'histoire\" srcset=\"https:\/\/mhcdf.ch\/wp-content\/uploads\/2022\/05\/mh_jeux_1000m_preview.jpg 1400w, https:\/\/mhcdf.ch\/wp-content\/uploads\/2022\/05\/mh_jeux_1000m_preview-300x200.jpg 300w, https:\/\/mhcdf.ch\/wp-content\/uploads\/2022\/05\/mh_jeux_1000m_preview-1024x683.jpg 1024w, https:\/\/mhcdf.ch\/wp-content\/uploads\/2022\/05\/mh_jeux_1000m_preview-768x512.jpg 768w\" sizes=\"(max-width: 1400px) 100vw, 1400px\">\t\t\t\t\t\t\t\t<\/a>\n\t\t\t\t\t\t\t\t\t\t\t\t\t\t\t<\/div>\n\t\t\t\t<\/div>\n\t\t\t\t\t<\/div>\n\t\t<\/div>\n\t\t\t\t\t<\/div>\n\t\t<\/section>\n\t\t\t\t<\/div>\n\t\t","protected":false},"excerpt":{"rendered":"<p>Que faire au&nbsp;Mus\u00e9e&nbsp;? &nbsp; L\u2019histoire en&nbsp;jeux D\u00e9couvrez l\u2019histoire de la ville \u00e0 travers une exp\u00e9rience ludique au Mus\u00e9e. Accessible \u00e0 tous, des plus jeunes (\u00e0 partir de 4 ans) aux adultes. Vid\u00e9o de pr\u00e9sentation Escape roomAu voleur\u202f! Jeux de soci\u00e9t\u00e9 Meurtres \u00e0 mille m\u00e8tres<\/p>\n","protected":false},"author":1,"featured_media":0,"parent":152,"menu_order":0,"comment_status":"closed","ping_status":"closed","template":"elementor_header_footer","meta":{"_acf_changed":false,"wp_typography_post_enhancements_disabled":false,"footnotes":""},"class_list":["post-1891","page","type-page","status-publish","hentry"],"acf":[],"publishpress_future_workflow_manual_trigger":{"enabledWorkflows":[]},"_links":{"self":[{"href":"https:\/\/mhcdf.ch\/de\/wp-json\/wp\/v2\/pages\/1891","targetHints":{"allow":["GET"]}}],"collection":[{"href":"https:\/\/mhcdf.ch\/de\/wp-json\/wp\/v2\/pages"}],"about":[{"href":"https:\/\/mhcdf.ch\/de\/wp-json\/wp\/v2\/types\/page"}],"author":[{"embeddable":true,"href":"https:\/\/mhcdf.ch\/de\/wp-json\/wp\/v2\/users\/1"}],"replies":[{"embeddable":true,"href":"https:\/\/mhcdf.ch\/de\/wp-json\/wp\/v2\/comments?post=1891"}],"version-history":[{"count":117,"href":"https:\/\/mhcdf.ch\/de\/wp-json\/wp\/v2\/pages\/1891\/revisions"}],"predecessor-version":[{"id":7584,"href":"https:\/\/mhcdf.ch\/de\/wp-json\/wp\/v2\/pages\/1891\/revisions\/7584"}],"up":[{"embeddable":true,"href":"https:\/\/mhcdf.ch\/de\/wp-json\/wp\/v2\/pages\/152"}],"wp:attachment":[{"href":"https:\/\/mhcdf.ch\/de\/wp-json\/wp\/v2\/media?parent=1891"}],"curies":[{"name":"wp","href":"https:\/\/api.w.org\/{rel}","templated":true}]}}