{"id":1103,"date":"2022-05-05T06:39:19","date_gmt":"2022-05-05T06:39:19","guid":{"rendered":"http:\/\/cs6nvasrbe.preview.infomaniak.website\/?page_id=1103"},"modified":"2022-11-11T14:57:31","modified_gmt":"2022-11-11T14:57:31","slug":"culture-inclusive","status":"publish","type":"page","link":"https:\/\/mhcdf.ch\/de\/culture-inclusive\/","title":{"rendered":"culture inclusive"},"content":{"rendered":"\t\t<div data-elementor-type=\"wp-page\" data-elementor-id=\"1103\" class=\"elementor elementor-1103\" data-elementor-post-type=\"page\">\n\t\t\t\t\t\t<section class=\"elementor-section elementor-top-section elementor-element elementor-element-efc51f3 elementor-section-full_width header-home header-page-externe elementor-section-height-default elementor-section-height-default\" data-id=\"efc51f3\" data-element_type=\"section\">\n\t\t\t\t\t\t<div class=\"elementor-container elementor-column-gap-default\">\n\t\t\t\t\t<div class=\"elementor-column elementor-col-100 elementor-top-column elementor-element elementor-element-df45a02 header-marge\" data-id=\"df45a02\" data-element_type=\"column\" data-settings=\"{&quot;background_background&quot;:&quot;classic&quot;}\">\n\t\t\t<div class=\"elementor-widget-wrap elementor-element-populated\">\n\t\t\t\t\t\t<div class=\"elementor-element elementor-element-9908153 titre-haut-page elementor-widget elementor-widget-text-editor\" data-id=\"9908153\" data-element_type=\"widget\" data-widget_type=\"text-editor.default\">\n\t\t\t\t<div class=\"elementor-widget-container\">\n\t\t\t\t\t\t\t\t\t<h1>Que faire au&nbsp;Mus\u00e9e&nbsp;?<\/h1>\t\t\t\t\t\t\t\t<\/div>\n\t\t\t\t<\/div>\n\t\t\t\t\t<\/div>\n\t\t<\/div>\n\t\t\t\t\t<\/div>\n\t\t<\/section>\n\t\t\t\t<section class=\"elementor-section elementor-top-section elementor-element elementor-element-55e244e elementor-section-full_width separation-1unite menu-secondaire-fixed elementor-section-height-default elementor-section-height-default\" data-id=\"55e244e\" data-element_type=\"section\" data-settings=\"{&quot;background_background&quot;:&quot;classic&quot;}\">\n\t\t\t\t\t\t<div class=\"elementor-container elementor-column-gap-no\">\n\t\t\t\t\t<div class=\"elementor-column elementor-col-100 elementor-top-column elementor-element elementor-element-fd66dfd\" data-id=\"fd66dfd\" data-element_type=\"column\">\n\t\t\t<div class=\"elementor-widget-wrap elementor-element-populated\">\n\t\t\t\t\t\t<div class=\"elementor-element elementor-element-832975b page-content-titre-menu elementor-widget elementor-widget-shortcode\" data-id=\"832975b\" data-element_type=\"widget\" data-widget_type=\"shortcode.default\">\n\t\t\t\t<div class=\"elementor-widget-container\">\n\t\t\t\t\t\t\t<div class=\"elementor-shortcode\"><\/div>\n\t\t\t\t\t\t<\/div>\n\t\t\t\t<\/div>\n\t\t\t\t<div class=\"elementor-element elementor-element-44db1ab elementor-nav-menu__align-center elementor-nav-menu--dropdown-mobile menu-secondaire elementor-nav-menu__text-align-aside elementor-nav-menu--toggle elementor-nav-menu--burger elementor-widget elementor-widget-global elementor-global-323 elementor-widget-nav-menu\" data-id=\"44db1ab\" data-element_type=\"widget\" data-settings=\"{&quot;layout&quot;:&quot;horizontal&quot;,&quot;submenu_icon&quot;:{&quot;value&quot;:&quot;fas fa-caret-down&quot;,&quot;library&quot;:&quot;fa-solid&quot;},&quot;toggle&quot;:&quot;burger&quot;}\" data-widget_type=\"nav-menu.default\">\n\t\t\t\t<div class=\"elementor-widget-container\">\n\t\t\t\t\t\t\t\t<nav aria-label=\"Men\u00fc\" class=\"elementor-nav-menu--main elementor-nav-menu__container elementor-nav-menu--layout-horizontal e--pointer-none\">\n\t\t\t\t<ul id=\"menu-1-44db1ab\" class=\"elementor-nav-menu\"><li class=\"menu-item menu-item-type-post_type menu-item-object-page menu-item-1117\"><a href=\"https:\/\/mhcdf.ch\/de\/culture-inclusive\/\" class=\"elementor-item\">culture inclusive<\/a><\/li>\n<li class=\"menu-item menu-item-type-post_type menu-item-object-page menu-item-391\"><a href=\"https:\/\/mhcdf.ch\/de\/jeune-public\/\" class=\"elementor-item\">jeune public<\/a><\/li>\n<li class=\"menu-item menu-item-type-post_type menu-item-object-page menu-item-273\"><a href=\"https:\/\/mhcdf.ch\/de\/espace-ludique\/\" class=\"elementor-item\">espace ludique<\/a><\/li>\n<li class=\"menu-item menu-item-type-post_type menu-item-object-page menu-item-1233\"><a href=\"https:\/\/mhcdf.ch\/de\/entreprises-2\/\" class=\"elementor-item\">entreprises<\/a><\/li>\n<li class=\"menu-item menu-item-type-post_type menu-item-object-page menu-item-397\"><a href=\"https:\/\/mhcdf.ch\/de\/ecoles\/\" class=\"elementor-item\">\u00e9coles<\/a><\/li>\n<\/ul>\t\t\t<\/nav>\n\t\t\t\t\t<div class=\"elementor-menu-toggle\" role=\"button\" tabindex=\"0\" aria-label=\"Men\u00fc Umschalter\" aria-expanded=\"false\">\n\t\t\t<i aria-hidden=\"true\" role=\"presentation\" class=\"elementor-menu-toggle__icon--open eicon-menu-bar\"><\/i><i aria-hidden=\"true\" role=\"presentation\" class=\"elementor-menu-toggle__icon--close eicon-close\"><\/i>\t\t<\/div>\n\t\t\t\t\t<nav class=\"elementor-nav-menu--dropdown elementor-nav-menu__container\" aria-hidden=\"true\">\n\t\t\t\t<ul id=\"menu-2-44db1ab\" class=\"elementor-nav-menu\"><li class=\"menu-item menu-item-type-post_type menu-item-object-page menu-item-1117\"><a href=\"https:\/\/mhcdf.ch\/de\/culture-inclusive\/\" class=\"elementor-item\" tabindex=\"-1\">culture inclusive<\/a><\/li>\n<li class=\"menu-item menu-item-type-post_type menu-item-object-page menu-item-391\"><a href=\"https:\/\/mhcdf.ch\/de\/jeune-public\/\" class=\"elementor-item\" tabindex=\"-1\">jeune public<\/a><\/li>\n<li class=\"menu-item menu-item-type-post_type menu-item-object-page menu-item-273\"><a href=\"https:\/\/mhcdf.ch\/de\/espace-ludique\/\" class=\"elementor-item\" tabindex=\"-1\">espace ludique<\/a><\/li>\n<li class=\"menu-item menu-item-type-post_type menu-item-object-page menu-item-1233\"><a href=\"https:\/\/mhcdf.ch\/de\/entreprises-2\/\" class=\"elementor-item\" tabindex=\"-1\">entreprises<\/a><\/li>\n<li class=\"menu-item menu-item-type-post_type menu-item-object-page menu-item-397\"><a href=\"https:\/\/mhcdf.ch\/de\/ecoles\/\" class=\"elementor-item\" tabindex=\"-1\">\u00e9coles<\/a><\/li>\n<\/ul>\t\t\t<\/nav>\n\t\t\t\t\t\t<\/div>\n\t\t\t\t<\/div>\n\t\t\t\t\t<\/div>\n\t\t<\/div>\n\t\t\t\t\t<\/div>\n\t\t<\/section>\n\t\t\t\t<section class=\"elementor-section elementor-top-section elementor-element elementor-element-3e802bc elementor-section-full_width margin-general margin-top-secondaire margin-bottom-secondaire elementor-section-height-default elementor-section-height-default\" data-id=\"3e802bc\" data-element_type=\"section\">\n\t\t\t\t\t\t<div class=\"elementor-container elementor-column-gap-no\">\n\t\t\t\t\t<div class=\"elementor-column elementor-col-50 elementor-top-column elementor-element elementor-element-0f437ef post-grid-secondaire  post-grid-content-padding\" data-id=\"0f437ef\" data-element_type=\"column\">\n\t\t\t<div class=\"elementor-widget-wrap elementor-element-populated\">\n\t\t\t\t\t\t<div class=\"elementor-element elementor-element-cb2c265 elementor-widget elementor-widget-text-editor\" data-id=\"cb2c265\" data-element_type=\"widget\" data-widget_type=\"text-editor.default\">\n\t\t\t\t<div class=\"elementor-widget-container\">\n\t\t\t\t\t\t\t\t\t<h1>Culture inclusive<\/h1><h2>Le Mus\u00e9e d\u2019histoire d\u00e9veloppe une politique d\u2019inclusion. Le Mus\u00e9e d\u2019histoire souhaite \u00eatre accessible \u00e0 tous les publics et am\u00e9liore son offre pour les personnes en situation de handicap. Le Mus\u00e9e d\u2019histoire propose r\u00e9guli\u00e8rement des visites guid\u00e9es adapt\u00e9es.&nbsp;<\/h2>\t\t\t\t\t\t\t\t<\/div>\n\t\t\t\t<\/div>\n\t\t\t\t\t<\/div>\n\t\t<\/div>\n\t\t\t\t<div class=\"elementor-column elementor-col-50 elementor-top-column elementor-element elementor-element-35f8182 post-grid-secondaire no-overflow\" data-id=\"35f8182\" data-element_type=\"column\">\n\t\t\t<div class=\"elementor-widget-wrap elementor-element-populated\">\n\t\t\t\t\t\t<div class=\"elementor-element elementor-element-9dea087 titre-post-secondaire elementor-widget elementor-widget-heading\" data-id=\"9dea087\" data-element_type=\"widget\" data-widget_type=\"heading.default\">\n\t\t\t\t<div class=\"elementor-widget-container\">\n\t\t\t\t\t<h1 class=\"elementor-heading-title elementor-size-default\"><a href=\"https:\/\/mhcdf.ch\/culture-inclusive\/charte-inclusion-culturelle\/\">Charte de l\u2019inclusion<br>culturelle<\/a><\/h1>\t\t\t\t<\/div>\n\t\t\t\t<\/div>\n\t\t\t\t<div class=\"elementor-element elementor-element-90c79a8 elementor-widget elementor-widget-image\" data-id=\"90c79a8\" data-element_type=\"widget\" data-widget_type=\"image.default\">\n\t\t\t\t<div class=\"elementor-widget-container\">\n\t\t\t\t\t\t\t\t\t\t\t\t\t\t\t\t<a href=\"https:\/\/mhcdf.ch\/culture-inclusive\/charte-inclusion-culturelle\/\">\n\t\t\t\t\t\t\t<img fetchpriority=\"high\" decoding=\"async\" width=\"1200\" height=\"700\" src=\"https:\/\/mhcdf.ch\/wp-content\/uploads\/2022\/09\/CHARTE-CULTURE-INCLUSIVE.png\" class=\"attachment-full size-full wp-image-4664\" alt srcset=\"https:\/\/mhcdf.ch\/wp-content\/uploads\/2022\/09\/CHARTE-CULTURE-INCLUSIVE.png 1200w, https:\/\/mhcdf.ch\/wp-content\/uploads\/2022\/09\/CHARTE-CULTURE-INCLUSIVE-300x175.png 300w, https:\/\/mhcdf.ch\/wp-content\/uploads\/2022\/09\/CHARTE-CULTURE-INCLUSIVE-1024x597.png 1024w, https:\/\/mhcdf.ch\/wp-content\/uploads\/2022\/09\/CHARTE-CULTURE-INCLUSIVE-768x448.png 768w\" sizes=\"(max-width: 1200px) 100vw, 1200px\">\t\t\t\t\t\t\t\t<\/a>\n\t\t\t\t\t\t\t\t\t\t\t\t\t\t\t<\/div>\n\t\t\t\t<\/div>\n\t\t\t\t\t<\/div>\n\t\t<\/div>\n\t\t\t\t\t<\/div>\n\t\t<\/section>\n\t\t\t\t<section class=\"elementor-section elementor-top-section elementor-element elementor-element-2a743d7 elementor-section-full_width margin-general margin-bottom-secondaire elementor-section-height-default elementor-section-height-default\" data-id=\"2a743d7\" data-element_type=\"section\">\n\t\t\t\t\t\t<div class=\"elementor-container elementor-column-gap-no\">\n\t\t\t\t\t<div class=\"elementor-column elementor-col-50 elementor-top-column elementor-element elementor-element-7d46002 post-grid-secondaire  no-overflow\" data-id=\"7d46002\" data-element_type=\"column\">\n\t\t\t<div class=\"elementor-widget-wrap elementor-element-populated\">\n\t\t\t\t\t\t<div class=\"elementor-element elementor-element-af50e9f titre-post-secondaire elementor-widget elementor-widget-heading\" data-id=\"af50e9f\" data-element_type=\"widget\" data-widget_type=\"heading.default\">\n\t\t\t\t<div class=\"elementor-widget-container\">\n\t\t\t\t\t<h1 class=\"elementor-heading-title elementor-size-default\"><a href=\"https:\/\/mhcdf.ch\/culture-inclusive\/falc\/\">FALC (fran\u00e7ais facile \u00e0 lire <br>et \u00e0 comprendre)<\/a><\/h1>\t\t\t\t<\/div>\n\t\t\t\t<\/div>\n\t\t\t\t<div class=\"elementor-element elementor-element-563ab19 elementor-widget elementor-widget-image\" data-id=\"563ab19\" data-element_type=\"widget\" data-widget_type=\"image.default\">\n\t\t\t\t<div class=\"elementor-widget-container\">\n\t\t\t\t\t\t\t\t\t\t\t\t\t\t\t\t<a href=\"https:\/\/mhcdf.ch\/culture-inclusive\/falc\/\">\n\t\t\t\t\t\t\t<img decoding=\"async\" width=\"1400\" height=\"934\" src=\"https:\/\/mhcdf.ch\/wp-content\/uploads\/2022\/09\/MH_FALC2_preview.jpg\" class=\"attachment-full size-full wp-image-4020\" alt=\"Mus\u00e9e d'Histoire - FALC\" srcset=\"https:\/\/mhcdf.ch\/wp-content\/uploads\/2022\/09\/MH_FALC2_preview.jpg 1400w, https:\/\/mhcdf.ch\/wp-content\/uploads\/2022\/09\/MH_FALC2_preview-300x200.jpg 300w, https:\/\/mhcdf.ch\/wp-content\/uploads\/2022\/09\/MH_FALC2_preview-1024x683.jpg 1024w, https:\/\/mhcdf.ch\/wp-content\/uploads\/2022\/09\/MH_FALC2_preview-768x512.jpg 768w\" sizes=\"(max-width: 1400px) 100vw, 1400px\">\t\t\t\t\t\t\t\t<\/a>\n\t\t\t\t\t\t\t\t\t\t\t\t\t\t\t<\/div>\n\t\t\t\t<\/div>\n\t\t\t\t\t<\/div>\n\t\t<\/div>\n\t\t\t\t<div class=\"elementor-column elementor-col-50 elementor-top-column elementor-element elementor-element-3c4ae5e post-grid-secondaire last-post-grid  no-overflow\" data-id=\"3c4ae5e\" data-element_type=\"column\">\n\t\t\t<div class=\"elementor-widget-wrap elementor-element-populated\">\n\t\t\t\t\t\t<div class=\"elementor-element elementor-element-058539d titre-post-secondaire elementor-widget elementor-widget-heading\" data-id=\"058539d\" data-element_type=\"widget\" data-widget_type=\"heading.default\">\n\t\t\t\t<div class=\"elementor-widget-container\">\n\t\t\t\t\t<h1 class=\"elementor-heading-title elementor-size-default\"><a href=\"https:\/\/mhcdf.ch\/culture-inclusive\/visites-et-ateliers\/\">Visites et ateliers<\/a><\/h1>\t\t\t\t<\/div>\n\t\t\t\t<\/div>\n\t\t\t\t<div class=\"elementor-element elementor-element-dba15f6 elementor-widget elementor-widget-image\" data-id=\"dba15f6\" data-element_type=\"widget\" data-widget_type=\"image.default\">\n\t\t\t\t<div class=\"elementor-widget-container\">\n\t\t\t\t\t\t\t\t\t\t\t\t\t\t\t\t<a href=\"https:\/\/mhcdf.ch\/culture-inclusive\/visites-et-ateliers\/\">\n\t\t\t\t\t\t\t<img decoding=\"async\" width=\"1200\" height=\"700\" src=\"https:\/\/mhcdf.ch\/wp-content\/uploads\/2022\/09\/IMAGE-VERTICALE-VG-inclution.png\" class=\"attachment-full size-full wp-image-4670\" alt srcset=\"https:\/\/mhcdf.ch\/wp-content\/uploads\/2022\/09\/IMAGE-VERTICALE-VG-inclution.png 1200w, https:\/\/mhcdf.ch\/wp-content\/uploads\/2022\/09\/IMAGE-VERTICALE-VG-inclution-300x175.png 300w, https:\/\/mhcdf.ch\/wp-content\/uploads\/2022\/09\/IMAGE-VERTICALE-VG-inclution-1024x597.png 1024w, https:\/\/mhcdf.ch\/wp-content\/uploads\/2022\/09\/IMAGE-VERTICALE-VG-inclution-768x448.png 768w\" sizes=\"(max-width: 1200px) 100vw, 1200px\">\t\t\t\t\t\t\t\t<\/a>\n\t\t\t\t\t\t\t\t\t\t\t\t\t\t\t<\/div>\n\t\t\t\t<\/div>\n\t\t\t\t\t<\/div>\n\t\t<\/div>\n\t\t\t\t\t<\/div>\n\t\t<\/section>\n\t\t\t\t<\/div>\n\t\t","protected":false},"excerpt":{"rendered":"<p>Que faire au&nbsp;Mus\u00e9e&nbsp;? Culture inclusive Le Mus\u00e9e d\u2019histoire d\u00e9veloppe une politique d\u2019inclusion. Le Mus\u00e9e d\u2019histoire souhaite \u00eatre accessible \u00e0 tous les publics et am\u00e9liore son offre pour les personnes en situation de handicap. Le Mus\u00e9e d\u2019histoire propose r\u00e9guli\u00e8rement des visites guid\u00e9es adapt\u00e9es.&nbsp; Charte de l\u2019inclusionculturelle FALC (fran\u00e7ais facile \u00e0 lire et \u00e0 comprendre) Visites et&nbsp;[\u2026]<\/p>\n","protected":false},"author":1,"featured_media":0,"parent":0,"menu_order":0,"comment_status":"closed","ping_status":"closed","template":"elementor_header_footer","meta":{"_acf_changed":false,"wp_typography_post_enhancements_disabled":false,"footnotes":""},"class_list":["post-1103","page","type-page","status-publish","hentry"],"acf":[],"publishpress_future_workflow_manual_trigger":{"enabledWorkflows":[]},"_links":{"self":[{"href":"https:\/\/mhcdf.ch\/de\/wp-json\/wp\/v2\/pages\/1103","targetHints":{"allow":["GET"]}}],"collection":[{"href":"https:\/\/mhcdf.ch\/de\/wp-json\/wp\/v2\/pages"}],"about":[{"href":"https:\/\/mhcdf.ch\/de\/wp-json\/wp\/v2\/types\/page"}],"author":[{"embeddable":true,"href":"https:\/\/mhcdf.ch\/de\/wp-json\/wp\/v2\/users\/1"}],"replies":[{"embeddable":true,"href":"https:\/\/mhcdf.ch\/de\/wp-json\/wp\/v2\/comments?post=1103"}],"version-history":[{"count":136,"href":"https:\/\/mhcdf.ch\/de\/wp-json\/wp\/v2\/pages\/1103\/revisions"}],"predecessor-version":[{"id":6041,"href":"https:\/\/mhcdf.ch\/de\/wp-json\/wp\/v2\/pages\/1103\/revisions\/6041"}],"wp:attachment":[{"href":"https:\/\/mhcdf.ch\/de\/wp-json\/wp\/v2\/media?parent=1103"}],"curies":[{"name":"wp","href":"https:\/\/api.w.org\/{rel}","templated":true}]}}