{"id":1069,"date":"2022-05-04T14:39:33","date_gmt":"2022-05-04T14:39:33","guid":{"rendered":"http:\/\/cs6nvasrbe.preview.infomaniak.website\/?page_id=1069"},"modified":"2022-10-04T15:51:36","modified_gmt":"2022-10-04T15:51:36","slug":"dons-dargent","status":"publish","type":"page","link":"https:\/\/mhcdf.ch\/de\/soutenir-le-musee\/dons-dargent\/","title":{"rendered":"dons d\u2019argent"},"content":{"rendered":"\t\t<div data-elementor-type=\"wp-page\" data-elementor-id=\"1069\" class=\"elementor elementor-1069\" data-elementor-post-type=\"page\">\n\t\t\t\t\t\t<section class=\"elementor-section elementor-top-section elementor-element elementor-element-efc51f3 elementor-section-full_width header-home header-page-externe elementor-section-height-default elementor-section-height-default\" data-id=\"efc51f3\" data-element_type=\"section\">\n\t\t\t\t\t\t<div class=\"elementor-container elementor-column-gap-default\">\n\t\t\t\t\t<div class=\"elementor-column elementor-col-100 elementor-top-column elementor-element elementor-element-df45a02 header-marge\" data-id=\"df45a02\" data-element_type=\"column\" data-settings=\"{&quot;background_background&quot;:&quot;classic&quot;}\">\n\t\t\t<div class=\"elementor-widget-wrap elementor-element-populated\">\n\t\t\t\t\t\t<div class=\"elementor-element elementor-element-9908153 titre-haut-page elementor-widget elementor-widget-text-editor\" data-id=\"9908153\" data-element_type=\"widget\" data-widget_type=\"text-editor.default\">\n\t\t\t\t<div class=\"elementor-widget-container\">\n\t\t\t\t\t\t\t\t\t<h1>Le mus\u00e9e<\/h1>\t\t\t\t\t\t\t\t<\/div>\n\t\t\t\t<\/div>\n\t\t\t\t\t<\/div>\n\t\t<\/div>\n\t\t\t\t\t<\/div>\n\t\t<\/section>\n\t\t\t\t<section class=\"elementor-section elementor-top-section elementor-element elementor-element-55e244e elementor-section-full_width separation-1unite menu-secondaire-fixed elementor-section-height-default elementor-section-height-default\" data-id=\"55e244e\" data-element_type=\"section\" data-settings=\"{&quot;background_background&quot;:&quot;classic&quot;}\">\n\t\t\t\t\t\t<div class=\"elementor-container elementor-column-gap-no\">\n\t\t\t\t\t<div class=\"elementor-column elementor-col-100 elementor-top-column elementor-element elementor-element-fd66dfd\" data-id=\"fd66dfd\" data-element_type=\"column\">\n\t\t\t<div class=\"elementor-widget-wrap elementor-element-populated\">\n\t\t\t\t\t\t<div class=\"elementor-element elementor-element-832975b page-content-titre-menu elementor-widget elementor-widget-shortcode\" data-id=\"832975b\" data-element_type=\"widget\" data-widget_type=\"shortcode.default\">\n\t\t\t\t<div class=\"elementor-widget-container\">\n\t\t\t\t\t\t\t<div class=\"elementor-shortcode\"><p>soutenir le&nbsp;mus\u00e9e<\/p><\/div>\n\t\t\t\t\t\t<\/div>\n\t\t\t\t<\/div>\n\t\t\t\t<div class=\"elementor-element elementor-element-b17ab51 elementor-nav-menu__align-center elementor-nav-menu--dropdown-mobile menu-secondaire elementor-nav-menu__text-align-aside elementor-nav-menu--toggle elementor-nav-menu--burger elementor-widget elementor-widget-global elementor-global-458 elementor-widget-nav-menu\" data-id=\"b17ab51\" data-element_type=\"widget\" data-settings=\"{&quot;layout&quot;:&quot;horizontal&quot;,&quot;submenu_icon&quot;:{&quot;value&quot;:&quot;fas fa-caret-down&quot;,&quot;library&quot;:&quot;fa-solid&quot;},&quot;toggle&quot;:&quot;burger&quot;}\" data-widget_type=\"nav-menu.default\">\n\t\t\t\t<div class=\"elementor-widget-container\">\n\t\t\t\t\t\t\t\t<nav aria-label=\"Men\u00fc\" class=\"elementor-nav-menu--main elementor-nav-menu__container elementor-nav-menu--layout-horizontal e--pointer-none\">\n\t\t\t\t<ul id=\"menu-1-b17ab51\" class=\"elementor-nav-menu\"><li class=\"menu-item menu-item-type-post_type menu-item-object-page menu-item-965\"><a href=\"https:\/\/mhcdf.ch\/de\/historique\/\" class=\"elementor-item\">historique<\/a><\/li>\n<li class=\"menu-item menu-item-type-post_type menu-item-object-page menu-item-877\"><a href=\"https:\/\/mhcdf.ch\/de\/collections\/\" class=\"elementor-item\">collections<\/a><\/li>\n<li class=\"menu-item menu-item-type-post_type menu-item-object-page menu-item-1045\"><a href=\"https:\/\/mhcdf.ch\/de\/soutenir-le-musee\/\" class=\"elementor-item\">soutenir le&nbsp;mus\u00e9e<\/a><\/li>\n<li class=\"menu-item menu-item-type-post_type menu-item-object-page menu-item-8245\"><a href=\"https:\/\/mhcdf.ch\/de\/amis-du-musee\/\" class=\"elementor-item\">Amis du&nbsp;mus\u00e9e<\/a><\/li>\n<li class=\"menu-item menu-item-type-post_type menu-item-object-page menu-item-8377\"><a href=\"https:\/\/mhcdf.ch\/de\/coulisses\/\" class=\"elementor-item\">Coulisses<\/a><\/li>\n<\/ul>\t\t\t<\/nav>\n\t\t\t\t\t<div class=\"elementor-menu-toggle\" role=\"button\" tabindex=\"0\" aria-label=\"Men\u00fc Umschalter\" aria-expanded=\"false\">\n\t\t\t<i aria-hidden=\"true\" role=\"presentation\" class=\"elementor-menu-toggle__icon--open eicon-menu-bar\"><\/i><i aria-hidden=\"true\" role=\"presentation\" class=\"elementor-menu-toggle__icon--close eicon-close\"><\/i>\t\t<\/div>\n\t\t\t\t\t<nav class=\"elementor-nav-menu--dropdown elementor-nav-menu__container\" aria-hidden=\"true\">\n\t\t\t\t<ul id=\"menu-2-b17ab51\" class=\"elementor-nav-menu\"><li class=\"menu-item menu-item-type-post_type menu-item-object-page menu-item-965\"><a href=\"https:\/\/mhcdf.ch\/de\/historique\/\" class=\"elementor-item\" tabindex=\"-1\">historique<\/a><\/li>\n<li class=\"menu-item menu-item-type-post_type menu-item-object-page menu-item-877\"><a href=\"https:\/\/mhcdf.ch\/de\/collections\/\" class=\"elementor-item\" tabindex=\"-1\">collections<\/a><\/li>\n<li class=\"menu-item menu-item-type-post_type menu-item-object-page menu-item-1045\"><a href=\"https:\/\/mhcdf.ch\/de\/soutenir-le-musee\/\" class=\"elementor-item\" tabindex=\"-1\">soutenir le&nbsp;mus\u00e9e<\/a><\/li>\n<li class=\"menu-item menu-item-type-post_type menu-item-object-page menu-item-8245\"><a href=\"https:\/\/mhcdf.ch\/de\/amis-du-musee\/\" class=\"elementor-item\" tabindex=\"-1\">Amis du&nbsp;mus\u00e9e<\/a><\/li>\n<li class=\"menu-item menu-item-type-post_type menu-item-object-page menu-item-8377\"><a href=\"https:\/\/mhcdf.ch\/de\/coulisses\/\" class=\"elementor-item\" tabindex=\"-1\">Coulisses<\/a><\/li>\n<\/ul>\t\t\t<\/nav>\n\t\t\t\t\t\t<\/div>\n\t\t\t\t<\/div>\n\t\t\t\t\t<\/div>\n\t\t<\/div>\n\t\t\t\t\t<\/div>\n\t\t<\/section>\n\t\t\t\t<section class=\"elementor-section elementor-top-section elementor-element elementor-element-625981e elementor-section-full_width margin-general margin-top-secondaire margin-bottom-secondaire elementor-section-height-default elementor-section-height-default\" data-id=\"625981e\" data-element_type=\"section\">\n\t\t\t\t\t\t<div class=\"elementor-container elementor-column-gap-no\">\n\t\t\t\t\t<div class=\"elementor-column elementor-col-50 elementor-top-column elementor-element elementor-element-8a2e29a post-grid-content post-grid-content-padding\" data-id=\"8a2e29a\" data-element_type=\"column\" data-settings=\"{&quot;background_background&quot;:&quot;classic&quot;}\">\n\t\t\t<div class=\"elementor-widget-wrap elementor-element-populated\">\n\t\t\t\t\t\t<section class=\"elementor-section elementor-inner-section elementor-element elementor-element-a070a24 elementor-section-boxed elementor-section-height-default elementor-section-height-default\" data-id=\"a070a24\" data-element_type=\"section\">\n\t\t\t\t\t\t<div class=\"elementor-container elementor-column-gap-default\">\n\t\t\t\t\t<div class=\"elementor-column elementor-col-100 elementor-inner-column elementor-element elementor-element-4358134 page-content-titre\" data-id=\"4358134\" data-element_type=\"column\">\n\t\t\t<div class=\"elementor-widget-wrap elementor-element-populated\">\n\t\t\t\t\t\t<div class=\"elementor-element elementor-element-ea94373 elementor-widget elementor-widget-heading\" data-id=\"ea94373\" data-element_type=\"widget\" data-widget_type=\"heading.default\">\n\t\t\t\t<div class=\"elementor-widget-container\">\n\t\t\t\t\t<h1 class=\"elementor-heading-title elementor-size-default\">Dons en argent<\/h1>\t\t\t\t<\/div>\n\t\t\t\t<\/div>\n\t\t\t\t\t<\/div>\n\t\t<\/div>\n\t\t\t\t\t<\/div>\n\t\t<\/section>\n\t\t\t\t<div class=\"elementor-element elementor-element-3470d89 page-content-arrow-back btn-retour elementor-widget elementor-widget-image\" data-id=\"3470d89\" data-element_type=\"widget\" data-widget_type=\"image.default\">\n\t\t\t\t<div class=\"elementor-widget-container\">\n\t\t\t\t\t\t\t\t\t\t\t\t\t\t\t\t<a href=\"https:\/\/mhcdf.ch\/soutenir-le-musee\/\">\n\t\t\t\t\t\t\t<img decoding=\"async\" width=\"30\" height=\"30\" src=\"https:\/\/mhcdf.ch\/wp-content\/uploads\/2022\/04\/mh_arrowleft_typo_decale.svg\" class=\"attachment-full size-full wp-image-669\" alt>\t\t\t\t\t\t\t\t<\/a>\n\t\t\t\t\t\t\t\t\t\t\t\t\t\t\t<\/div>\n\t\t\t\t<\/div>\n\t\t\t\t<div class=\"elementor-element elementor-element-57e3b35 page-content-accroche elementor-widget elementor-widget-text-editor\" data-id=\"57e3b35\" data-element_type=\"widget\" data-widget_type=\"text-editor.default\">\n\t\t\t\t<div class=\"elementor-widget-container\">\n\t\t\t\t\t\t\t\t\t<h2>Les personnes, entreprises ou institutions qui souhaitent manifester leur attachement \u00e0 notre ville et soutenir les activit\u00e9s du Mus\u00e9e d\u2019histoire peuvent le faire notamment par des dons en argent.<\/h2><p>Quel que soit leur montant, ces ressources suppl\u00e9mentaires sont les bienvenues et permettent de compl\u00e9ter le budget allou\u00e9 par la Ville de La Chaux-de-Fonds dans des domaines aussi vari\u00e9s que l\u2019acquisition et la conservation des collections, l\u2019organisation d\u2019expositions temporaires, les publications, les animations.<\/p><p>Les personnes qui envisagent de prendre de telles dispositions sont pri\u00e9es de contacter le conservateur (<a href=\"mailto:francesco.garufo@ne.ch\">francesco.garufo@ne.ch<\/a>).<\/p><p>&nbsp;<\/p>\t\t\t\t\t\t\t\t<\/div>\n\t\t\t\t<\/div>\n\t\t\t\t\t<\/div>\n\t\t<\/div>\n\t\t\t\t<div class=\"elementor-column elementor-col-50 elementor-top-column elementor-element elementor-element-43c5c2b post-grid-content\" data-id=\"43c5c2b\" data-element_type=\"column\" data-settings=\"{&quot;background_background&quot;:&quot;classic&quot;}\">\n\t\t\t<div class=\"elementor-widget-wrap elementor-element-populated\">\n\t\t\t\t\t\t<div class=\"elementor-element elementor-element-d7c3179 elementor-widget elementor-widget-image\" data-id=\"d7c3179\" data-element_type=\"widget\" data-widget_type=\"image.default\">\n\t\t\t\t<div class=\"elementor-widget-container\">\n\t\t\t\t\t\t\t\t\t\t\t\t\t\t\t<img fetchpriority=\"high\" decoding=\"async\" width=\"1200\" height=\"1102\" src=\"https:\/\/mhcdf.ch\/wp-content\/uploads\/2022\/09\/MH_Dons-Argent.jpg\" class=\"attachment-full size-full wp-image-3809\" alt=\"Mus\u00e9e d'Histoire - Dons en argent\" srcset=\"https:\/\/mhcdf.ch\/wp-content\/uploads\/2022\/09\/MH_Dons-Argent.jpg 1200w, https:\/\/mhcdf.ch\/wp-content\/uploads\/2022\/09\/MH_Dons-Argent-300x276.jpg 300w, https:\/\/mhcdf.ch\/wp-content\/uploads\/2022\/09\/MH_Dons-Argent-1024x940.jpg 1024w, https:\/\/mhcdf.ch\/wp-content\/uploads\/2022\/09\/MH_Dons-Argent-768x705.jpg 768w\" sizes=\"(max-width: 1200px) 100vw, 1200px\">\t\t\t\t\t\t\t\t\t\t\t\t\t\t\t<\/div>\n\t\t\t\t<\/div>\n\t\t\t\t\t<\/div>\n\t\t<\/div>\n\t\t\t\t\t<\/div>\n\t\t<\/section>\n\t\t\t\t<\/div>\n\t\t","protected":false},"excerpt":{"rendered":"<p>Le mus\u00e9e Dons en argent Les personnes, entreprises ou institutions qui souhaitent manifester leur attachement \u00e0 notre ville et soutenir les activit\u00e9s du Mus\u00e9e d\u2019histoire peuvent le faire notamment par des dons en argent. Quel que soit leur montant, ces ressources suppl\u00e9mentaires sont les bienvenues et permettent de compl\u00e9ter le budget allou\u00e9 par la&nbsp;Ville&nbsp;[\u2026]<\/p>\n","protected":false},"author":1,"featured_media":0,"parent":1011,"menu_order":0,"comment_status":"closed","ping_status":"closed","template":"elementor_header_footer","meta":{"_acf_changed":false,"wp_typography_post_enhancements_disabled":false,"footnotes":""},"class_list":["post-1069","page","type-page","status-publish","hentry"],"acf":[],"publishpress_future_workflow_manual_trigger":{"enabledWorkflows":[]},"_links":{"self":[{"href":"https:\/\/mhcdf.ch\/de\/wp-json\/wp\/v2\/pages\/1069","targetHints":{"allow":["GET"]}}],"collection":[{"href":"https:\/\/mhcdf.ch\/de\/wp-json\/wp\/v2\/pages"}],"about":[{"href":"https:\/\/mhcdf.ch\/de\/wp-json\/wp\/v2\/types\/page"}],"author":[{"embeddable":true,"href":"https:\/\/mhcdf.ch\/de\/wp-json\/wp\/v2\/users\/1"}],"replies":[{"embeddable":true,"href":"https:\/\/mhcdf.ch\/de\/wp-json\/wp\/v2\/comments?post=1069"}],"version-history":[{"count":23,"href":"https:\/\/mhcdf.ch\/de\/wp-json\/wp\/v2\/pages\/1069\/revisions"}],"predecessor-version":[{"id":5800,"href":"https:\/\/mhcdf.ch\/de\/wp-json\/wp\/v2\/pages\/1069\/revisions\/5800"}],"up":[{"embeddable":true,"href":"https:\/\/mhcdf.ch\/de\/wp-json\/wp\/v2\/pages\/1011"}],"wp:attachment":[{"href":"https:\/\/mhcdf.ch\/de\/wp-json\/wp\/v2\/media?parent=1069"}],"curies":[{"name":"wp","href":"https:\/\/api.w.org\/{rel}","templated":true}]}}